{"id":739308,"date":"2025-03-03T18:03:18","date_gmt":"2025-03-03T17:03:18","guid":{"rendered":"https:\/\/stoic-curie.212-227-153-4.plesk.page\/producto\/antal-self-tailing-vinc-xt30-2-2-brzine-128mm\/"},"modified":"2026-02-25T00:00:33","modified_gmt":"2026-02-25T00:00:33","slug":"antal-self-tailing-vinc-xt30-2-2-brzine-128mm","status":"publish","type":"product","link":"https:\/\/stoic-curie.212-227-153-4.plesk.page\/hr\/product\/antal-self-tailing-vinc-xt30-2-2-brzine-128mm\/","title":{"rendered":"Antal Self-Tailing vin\u010d XT30.2, 2 brzine 128mm"},"content":{"rendered":"<p>Antal Self-Tailing vin\u010d XT30.2, 2 brzine 128mm &#8211; <\/p>\n<p style=\"color: rgb(34, 34, 34); font-family: Arial, Helvetica, sans-serif; font-size: small;\">Sa zadovoljstvom predstavljamo samosprema\u010dki XT vitlo, dizajnirano za izravne i usporene primjene. Njegova pobolj\u0161ana brzina oporavka, u kombinaciji s kompaktnim i laganim dizajnom, \u010dini ovo vitlo izvanrednom opcijom za entuzijaste u utrkama.<\/p>\n<p style=\"color: rgb(34, 34, 34); font-family: Arial, Helvetica, sans-serif; font-size: small;\">Najnovija XT serija samosprema\u010dkih vitla iz Antala prikazuje moderni dizajn uz odr\u017eavanje visokih standarda kvalitete i preciznosti po kojima je Antal poznat. Model XT30 obiluje suvremenim izgledom uz o\u010duvanje pouzdane Antalove izrade. Dizajnirano je za razli\u010dite promjere u\u017eadi, osiguravaju\u0107i optimalno prianjanje putem svojih vertikalnih reljefa. Osnova vitla izra\u0111ena je od robusnih materijala, \u0161to ga \u010dini lak\u0161im i ja\u010dim od konvencionalnih lijevanih komponenti. Za jednostavno odr\u017eavanje, mo\u017ee se lako odvojiti od baze.<\/p>\n<p style=\"color: rgb(34, 34, 34); font-family: Arial, Helvetica, sans-serif; font-size: small;\">Ovo vitlo se nudi u izvedbama s jednim i dva brzinska re\u017eima. Model XT30.2 s dva brzinska re\u017eima uklju\u010duje dodatni zup\u010danik za br\u017ee i bli\u017ee povla\u010denje. Njegov lagani i prilagodljiv dizajn pobolj\u0161ava njegovu funkcionalnost.<\/p>\n<p style=\"color: rgb(34, 34, 34); font-family: Arial, Helvetica, sans-serif; font-size: small;\"><strong>Tehni\u010dke specifikacije:<\/strong><\/p>\n<ul style=\"color: rgb(34, 34, 34); font-family: Arial, Helvetica, sans-serif; font-size: small;\">\n<li>Model: XT30.2<\/li>\n<li>Materijal: Crni anodizirani aluminij<\/li>\n<li>Omjer prijenosa (1. brzina): 1:1<\/li>\n<li>Omjer prijenosa (2. brzina): 4.1:1<\/li>\n<li>Prijenos snage (1. brzina): 7:1<\/li>\n<li>Prijenos snage (2. brzina): 28:1<\/li>\n<li>Brzina oporavka (1. brzina): 229 mm<\/li>\n<li>Brzina oporavka (2. brzina): 58 mm<\/li>\n<li>Te\u017eina: 2.9 kg<\/li>\n<li>Promjer bubnja: 71 mm<\/li>\n<li>Promjer baze: 112 mm<\/li>\n<li>Visina: 119 mm<\/li>\n<li>Promjer u\u017eeta: 6-10 mm<\/li>\n<li>Skriveni vijci: 5 x 6 mm<\/li>\n<li>Promjer uzorka vijaka: 92 mm<\/li>\n<\/ul>\n<p style=\"color: rgb(34, 34, 34); font-family: Arial, Helvetica, sans-serif; font-size: small;\">Ovo vitlo spaja inovativan dizajn s izvanrednom izvedbom, \u010dine\u0107i ga osnovnim dodatkom svakoj postavci za utrke.<\/p>\n","protected":false},"excerpt":{"rendered":"<p>Antal Self-Tailing vin\u010d XT30.2, 2 brzine 128mm &#8211; Sa zadovoljstvom predstavljamo samosprema\u010dki XT vitlo, dizajnirano za izravne i usporene primjene.<\/p>\n","protected":false},"featured_media":5936205,"comment_status":"open","ping_status":"closed","template":"","meta":[],"product_brand":[2786],"product_cat":[1773],"product_tag":[],"class_list":{"0":"post-739308","1":"product","2":"type-product","3":"status-publish","4":"has-post-thumbnail","6":"product_brand-antal-hr","7":"product_cat-antal-vincevi-za-jedrilice","9":"first","10":"instock","11":"shipping-taxable","12":"purchasable","13":"product-type-simple"},"_links":{"self":[{"href":"https:\/\/stoic-curie.212-227-153-4.plesk.page\/hr\/wp-json\/wp\/v2\/product\/739308","targetHints":{"allow":["GET"]}}],"collection":[{"href":"https:\/\/stoic-curie.212-227-153-4.plesk.page\/hr\/wp-json\/wp\/v2\/product"}],"about":[{"href":"https:\/\/stoic-curie.212-227-153-4.plesk.page\/hr\/wp-json\/wp\/v2\/types\/product"}],"replies":[{"embeddable":true,"href":"https:\/\/stoic-curie.212-227-153-4.plesk.page\/hr\/wp-json\/wp\/v2\/comments?post=739308"}],"version-history":[{"count":0,"href":"https:\/\/stoic-curie.212-227-153-4.plesk.page\/hr\/wp-json\/wp\/v2\/product\/739308\/revisions"}],"wp:featuredmedia":[{"embeddable":true,"href":"https:\/\/stoic-curie.212-227-153-4.plesk.page\/hr\/wp-json\/wp\/v2\/media\/5936205"}],"wp:attachment":[{"href":"https:\/\/stoic-curie.212-227-153-4.plesk.page\/hr\/wp-json\/wp\/v2\/media?parent=739308"}],"wp:term":[{"taxonomy":"product_brand","embeddable":true,"href":"https:\/\/stoic-curie.212-227-153-4.plesk.page\/hr\/wp-json\/wp\/v2\/product_brand?post=739308"},{"taxonomy":"product_cat","embeddable":true,"href":"https:\/\/stoic-curie.212-227-153-4.plesk.page\/hr\/wp-json\/wp\/v2\/product_cat?post=739308"},{"taxonomy":"product_tag","embeddable":true,"href":"https:\/\/stoic-curie.212-227-153-4.plesk.page\/hr\/wp-json\/wp\/v2\/product_tag?post=739308"}],"curies":[{"name":"wp","href":"https:\/\/api.w.org\/{rel}","templated":true}]}}