{"id":739309,"date":"2025-03-03T18:03:19","date_gmt":"2025-03-03T17:03:19","guid":{"rendered":"https:\/\/stoic-curie.212-227-153-4.plesk.page\/producto\/antal-self-tailing-vinc-xt40-2-brzine-153mm\/"},"modified":"2026-02-25T00:00:33","modified_gmt":"2026-02-25T00:00:33","slug":"antal-self-tailing-vinc-xt40-2-brzine-153mm","status":"publish","type":"product","link":"https:\/\/stoic-curie.212-227-153-4.plesk.page\/hr\/product\/antal-self-tailing-vinc-xt40-2-brzine-153mm\/","title":{"rendered":"Antal Self-Tailing vin\u010d XT40, 2 brzine 153mm"},"content":{"rendered":"<p>Antal Self-Tailing vin\u010d XT40, 2 brzine 153mm &#8211; <\/p>\n<p style=\"color: rgb(34, 34, 34); font-family: Arial, Helvetica, sans-serif; font-size: small;\">Predstavljamo vitlo s dvije smanjene brzine, samopaljivo XT vitlo dizajnirano za u\u010dinkovitost i snagu. Ovo vitlo ima dvije smanjene brzine. Prvi zup\u010danik omogu\u0107ava brzo podizanje, \u010dak i pod velikim optere\u0107enjima. Kada se napor pove\u0107a, jednostavno promijenite smjer rotacije ru\u010dice kako biste automatski pre\u0161li na drugu brzinu koja isporu\u010duje maksimalnu snagu. Pogodno je za u\u017ee promjera od 6 do 14 mm.<\/p>\n<p style=\"color: rgb(34, 34, 34); font-family: Arial, Helvetica, sans-serif; font-size: small;\">S prvim smanjenim brzinama mo\u017eete posti\u0107i brzo i sna\u017eno djelovanje. Kada se optere\u0107enje pove\u0107a, samo zavrnite ru\u010dicu u suprotnom smjeru kako biste aktivirali drugi zup\u010danik, automatski odabiru\u0107i maksimalnu snagu.<\/p>\n<p style=\"color: rgb(34, 34, 34); font-family: Arial, Helvetica, sans-serif; font-size: small;\">Bubanj je izra\u0111en od tvrdog crnog anodiziranog aluminija, oblo\u017eenog Teflonom za otpornost na ogrebotine i trajnost. Ima jedinstven dizajn hvatanja: donji dio smanjuje trenje gdje su optere\u0107enja ve\u0107a, dok gornji dio osigurava maksimalno hvatanje gdje su optere\u0107enja manja. Ovaj dizajn osigurava ravnomjerno hvatanje na cijelom bubnju.<\/p>\n<p style=\"color: rgb(34, 34, 34); font-family: Arial, Helvetica, sans-serif; font-size: small;\">Novi samopaljivi XT sustav uklju\u010duje fiksni gornji disk s ugra\u0111enom samopaljivom rukom i samoreguliraju\u0107im donjim diskom na oprugama. Ovaj sustav automatski se prilago\u0111ava \u0161irokom rasponu promjera u\u017eeta. Ako se u\u017ee preoptere\u0107uje, otpu\u0161ta se kako bi se sprije\u010dila prekomjerna sila na samopaljivoj ruci.<\/p>\n<p style=\"color: rgb(34, 34, 34); font-family: Arial, Helvetica, sans-serif; font-size: small;\"><strong>Tehni\u010dke specifikacije:<\/strong><\/p>\n<ul style=\"color: rgb(34, 34, 34); font-family: Arial, Helvetica, sans-serif; font-size: small;\">\n<li>Preporu\u010dena promjer u\u017ee: Max \u00d8 12 mm, Min \u00d8 6 mm<\/li>\n<li>Veli\u010dina: 40<\/li>\n<li>Stil: Samopaljivo<\/li>\n<li>Materijal: Aluminij<\/li>\n<li>Povrat u\u017eeta po rotaciji &#8211; 1. brzina: 125 mm<\/li>\n<li>Povrat u\u017eeta po rotaciji &#8211; 2. brzina: 40 mm<\/li>\n<li>Osnovni promjer: 153 mm<\/li>\n<li>Promjer bubnja: 80 mm<\/li>\n<li>Visina: 157 mm<\/li>\n<li>Zup\u010danici: 2-brzinski (ru\u010dni)<\/li>\n<li>Jamstvo: 3 godine<\/li>\n<li>Zup\u010dani omjer 1: 2:1<\/li>\n<li>Zup\u010dani omjer 2: 6.4:1<\/li>\n<li>Snaga omjer 1: 12.8:1<\/li>\n<li>Snaga omjer 2: 40:1<\/li>\n<li>Te\u017eina: 4400 g<\/li>\n<\/ul>\n<p style=\"color: rgb(34, 34, 34); font-family: Arial, Helvetica, sans-serif; font-size: small;\">Ova visokokvalitetna dvobrzinska samopaljiva vitla za palube sadr\u017ee disk pod oprugom koji se automatski pode\u0161ava kako bi se prilagodio \u010dak i najtanjim u\u0161ima. U slu\u010daju preoptere\u0107enja, sustav otpu\u0161ta u\u017ee kako bi sprije\u010dio prekomjernu silu na samopaljivoj ruci.<\/p>\n<p style=\"color: rgb(34, 34, 34); font-family: Arial, Helvetica, sans-serif; font-size: small;\">Dodavanje izravnog zup\u010danika uz zup\u010danik sa smanjenom brzinom pru\u017ea br\u017eu opciju povratka, \u0161to ga \u010dini idealnim za krstarenje i utrkivanje. Tijelo je izra\u0111eno od aluminija, dostupno u crnom anodiziranom ili kromiranom zavr\u0161etku. Uklju\u010duje sredi\u0161nju \u0161ipku od AISI 316 nehr\u0111aju\u0107eg \u010delika i valjkaste le\u017eajeve s bron\u010danim zup\u010danicima. Vertikalno rebrasto na bubnju osigurava optimalno horizontalno hvatanje dok omogu\u0107ava u\u017eetu da se kre\u0107e vertikalno uz minimalno otpor, pobolj\u0161avaju\u0107i u\u010dinak vitla.<\/p>\n<p style=\"color: rgb(34, 34, 34); font-family: Arial, Helvetica, sans-serif; font-size: small;\"><strong>Dodatne specifikacije:<\/strong><\/p>\n<ul style=\"color: rgb(34, 34, 34); font-family: Arial, Helvetica, sans-serif; font-size: small;\">\n<li>Visina: 157 mm<\/li>\n<li>Osnovni promjer: 153 mm<\/li>\n<li>Promjer bubnja: 80 mm<\/li>\n<li>Te\u017eina:\n<ul>\n<li>4.3 kg (Aluminij)<\/li>\n<li>5.8 kg (Kromirani bron\u010dani)<\/li>\n<\/ul>\n<\/li>\n<li>Pri\u010dvr\u0161\u0107ivanje: 5 x \u00d88 mm<\/li>\n<\/ul>\n<p style=\"color: rgb(34, 34, 34); font-family: Arial, Helvetica, sans-serif; font-size: small;\">Ovo vitlo kombinira kvalitetu, trajnost i performanse, \u010dine\u0107i ga odli\u010dnim izborom za zaljubljenike u brodove.<\/p>\n","protected":false},"excerpt":{"rendered":"<p>Antal Self-Tailing vin\u010d XT40, 2 brzine 153mm &#8211; Predstavljamo vitlo s dvije smanjene brzine, samopaljivo XT vitlo dizajnirano za u\u010dinkovitost<\/p>\n","protected":false},"featured_media":5936210,"comment_status":"open","ping_status":"closed","template":"","meta":[],"product_brand":[2786],"product_cat":[1773],"product_tag":[],"class_list":{"0":"post-739309","1":"product","2":"type-product","3":"status-publish","4":"has-post-thumbnail","6":"product_brand-antal-hr","7":"product_cat-antal-vincevi-za-jedrilice","9":"first","10":"instock","11":"shipping-taxable","12":"purchasable","13":"product-type-simple"},"_links":{"self":[{"href":"https:\/\/stoic-curie.212-227-153-4.plesk.page\/hr\/wp-json\/wp\/v2\/product\/739309","targetHints":{"allow":["GET"]}}],"collection":[{"href":"https:\/\/stoic-curie.212-227-153-4.plesk.page\/hr\/wp-json\/wp\/v2\/product"}],"about":[{"href":"https:\/\/stoic-curie.212-227-153-4.plesk.page\/hr\/wp-json\/wp\/v2\/types\/product"}],"replies":[{"embeddable":true,"href":"https:\/\/stoic-curie.212-227-153-4.plesk.page\/hr\/wp-json\/wp\/v2\/comments?post=739309"}],"version-history":[{"count":0,"href":"https:\/\/stoic-curie.212-227-153-4.plesk.page\/hr\/wp-json\/wp\/v2\/product\/739309\/revisions"}],"wp:featuredmedia":[{"embeddable":true,"href":"https:\/\/stoic-curie.212-227-153-4.plesk.page\/hr\/wp-json\/wp\/v2\/media\/5936210"}],"wp:attachment":[{"href":"https:\/\/stoic-curie.212-227-153-4.plesk.page\/hr\/wp-json\/wp\/v2\/media?parent=739309"}],"wp:term":[{"taxonomy":"product_brand","embeddable":true,"href":"https:\/\/stoic-curie.212-227-153-4.plesk.page\/hr\/wp-json\/wp\/v2\/product_brand?post=739309"},{"taxonomy":"product_cat","embeddable":true,"href":"https:\/\/stoic-curie.212-227-153-4.plesk.page\/hr\/wp-json\/wp\/v2\/product_cat?post=739309"},{"taxonomy":"product_tag","embeddable":true,"href":"https:\/\/stoic-curie.212-227-153-4.plesk.page\/hr\/wp-json\/wp\/v2\/product_tag?post=739309"}],"curies":[{"name":"wp","href":"https:\/\/api.w.org\/{rel}","templated":true}]}}