{"id":739310,"date":"2025-03-03T18:03:19","date_gmt":"2025-03-03T17:03:19","guid":{"rendered":"https:\/\/stoic-curie.212-227-153-4.plesk.page\/producto\/antal-self-tailing-xt44-vitla-dvije-brzine-173mm\/"},"modified":"2026-02-25T00:00:33","modified_gmt":"2026-02-25T00:00:33","slug":"antal-self-tailing-xt44-vitla-dvije-brzine-173mm","status":"publish","type":"product","link":"https:\/\/stoic-curie.212-227-153-4.plesk.page\/hr\/product\/antal-self-tailing-xt44-vitla-dvije-brzine-173mm\/","title":{"rendered":"Antal Self-Tailing XT44 vitla dvije brzine 173mm"},"content":{"rendered":"<p>Antal Self-Tailing XT44 vitla dvije brzine 173mm &#8211; <\/p>\n<p>Pru\u017eamo vam Antal Self-Tailing XT44, vitlo promjera 173 mm s dva brzinska postavljenja. Prvi stupanj omogu\u0107ava brzu obnovu, \u010dak i pod te\u0161kim teretom. Kada se napor pove\u0107a, jednostavno promijenite smjer okretanja ru\u010dice i vitlo \u0107e automatski prelaziti u drugu brzinu, pru\u017eaju\u0107i maksimalnu snagu. Ovo vitlo je dizajnirano za u\u017ead u rasponu od 6 do 14 mm.<\/p>\n<p>Crna aluminijska verzija ima tvrdu crnu anodiziranu i Teflon-om prekrivenu bubanj, \u010dime je otpornija na ogrebotine i iznimno izdr\u017eljiva. Kromirana verzija uklju\u010duje potpuno kromirani bubanj, ST diskove i ST ruku. Sve kromirane dijelove su polirane, debelo niklovane i zavr\u0161ene visoko kvalitetnim kromiranim slojem.<\/p>\n<p>Za jednostavno odr\u017eavanje, mo\u017eete lako odvrnuti gornji prsten kako biste rastavili vitlo radi \u010di\u0161\u0107enja. Novi self-tailing XT sustav uklju\u010duje fiksni gornji disk s integriranom ST rukom i samoreguliraju\u0107im donjim diskom na oprugama. Ovaj inovativni dizajn automatski se prilago\u0111ava razli\u010ditim promjerima u\u017eadi i osloba\u0111a liniju ako je preoptere\u0107ena, sprje\u010davaju\u0107i prekomjerno optere\u0107enje ST ruke.<\/p>\n<p>Bubanj ima okomito rebranje koje maksimizira horizontalno trenje, omogu\u0107uju\u0107i \u017eici da glatko klizi prema gore. Posebno dizajnirana ru\u010dka na aluminijskim bubnjevima smanjuje trenje na dnu, gdje su tereti te\u017ei, dok nudi maksimalno prianjanje na vrhu, gdje su tereti lak\u0161i. Ovaj dizajn osigurava ravnomjerno prianjanje du\u017e cijelog bubnja.<\/p>\n<p>CNC obra\u0111ena osnova je lak\u0161a i ja\u010da od standardnih odljevaka. Napravljen od aluminija, \u010dvrsto je crno anodiziran i prekriven Teflonom za dodatnu izdr\u017eljivost. Jednostavno uklanjanje olak\u0161ava odr\u017eavanje.<\/p>\n<p>Evo specifikacija Antal Self-Tailing aluminijskog vitla XT44 (2-brzina):<\/p>\n<ul>\n<li>Promjer baze: 173 mm<\/li>\n<li>Promjer bubnja: 93 mm<\/li>\n<li>Visina: 185 mm<\/li>\n<li>Te\u017eina: 6,2 kg<\/li>\n<li>Omjer snage: 20.0 \/ 43.0<\/li>\n<\/ul>\n","protected":false},"excerpt":{"rendered":"<p>Antal Self-Tailing XT44 vitla dvije brzine 173mm &#8211; Pru\u017eamo vam Antal Self-Tailing XT44, vitlo promjera 173 mm s dva brzinska<\/p>\n","protected":false},"featured_media":5936210,"comment_status":"open","ping_status":"closed","template":"","meta":[],"product_brand":[2786],"product_cat":[1773],"product_tag":[],"class_list":{"0":"post-739310","1":"product","2":"type-product","3":"status-publish","4":"has-post-thumbnail","6":"product_brand-antal-hr","7":"product_cat-antal-vincevi-za-jedrilice","9":"first","10":"instock","11":"shipping-taxable","12":"purchasable","13":"product-type-simple"},"_links":{"self":[{"href":"https:\/\/stoic-curie.212-227-153-4.plesk.page\/hr\/wp-json\/wp\/v2\/product\/739310","targetHints":{"allow":["GET"]}}],"collection":[{"href":"https:\/\/stoic-curie.212-227-153-4.plesk.page\/hr\/wp-json\/wp\/v2\/product"}],"about":[{"href":"https:\/\/stoic-curie.212-227-153-4.plesk.page\/hr\/wp-json\/wp\/v2\/types\/product"}],"replies":[{"embeddable":true,"href":"https:\/\/stoic-curie.212-227-153-4.plesk.page\/hr\/wp-json\/wp\/v2\/comments?post=739310"}],"version-history":[{"count":0,"href":"https:\/\/stoic-curie.212-227-153-4.plesk.page\/hr\/wp-json\/wp\/v2\/product\/739310\/revisions"}],"wp:featuredmedia":[{"embeddable":true,"href":"https:\/\/stoic-curie.212-227-153-4.plesk.page\/hr\/wp-json\/wp\/v2\/media\/5936210"}],"wp:attachment":[{"href":"https:\/\/stoic-curie.212-227-153-4.plesk.page\/hr\/wp-json\/wp\/v2\/media?parent=739310"}],"wp:term":[{"taxonomy":"product_brand","embeddable":true,"href":"https:\/\/stoic-curie.212-227-153-4.plesk.page\/hr\/wp-json\/wp\/v2\/product_brand?post=739310"},{"taxonomy":"product_cat","embeddable":true,"href":"https:\/\/stoic-curie.212-227-153-4.plesk.page\/hr\/wp-json\/wp\/v2\/product_cat?post=739310"},{"taxonomy":"product_tag","embeddable":true,"href":"https:\/\/stoic-curie.212-227-153-4.plesk.page\/hr\/wp-json\/wp\/v2\/product_tag?post=739310"}],"curies":[{"name":"wp","href":"https:\/\/api.w.org\/{rel}","templated":true}]}}