{"id":739311,"date":"2025-03-03T18:03:19","date_gmt":"2025-03-03T17:03:19","guid":{"rendered":"https:\/\/stoic-curie.212-227-153-4.plesk.page\/producto\/antal-vitlo-self-tailing-xt48-dvije-brzine-182mm\/"},"modified":"2026-02-25T00:00:33","modified_gmt":"2026-02-25T00:00:33","slug":"antal-vitlo-self-tailing-xt48-dvije-brzine-182mm","status":"publish","type":"product","link":"https:\/\/stoic-curie.212-227-153-4.plesk.page\/hr\/product\/antal-vitlo-self-tailing-xt48-dvije-brzine-182mm\/","title":{"rendered":"Antal vitlo Self-Tailing XT48, dvije brzine 182mm"},"content":{"rendered":"<p>Antal vitlo Self-Tailing XT48, dvije brzine 182mm &#8211; <\/p>\n<p style=\"color: rgb(34, 34, 34); font-family: Arial, Helvetica, sans-serif; font-size: small;\">Sa zadovoljstvom vam predstavljamo Antal Self-Tailing XT48 vitlo, dvostepeno vitlo dizajnirano za superiorne performanse u okru\u017eenjima kako za jedrenje, tako i za natjecateljske regate. Ovo vitlo je opremljeno prvim stupnjem koje olak\u0161ava brzi povratak, \u010dak i kada se suo\u010dava sa zna\u010dajnim optere\u0107enjima. Kako se optere\u0107enje pove\u0107ava, vitlo se bez problema prebacuje na drugu brzinu promjenom smjera okretanja ru\u010dne poluge, \u010dime se maksimizira izlaz snage.<\/p>\n<p style=\"color: rgb(34, 34, 34); font-family: Arial, Helvetica, sans-serif; font-size: small;\">Izra\u0111eno od robusnog crnog anodiziranog aluminija, bubanj nije samo otporan na ogrebotine, ve\u0107 je i iznimno izdr\u017eljiv, pobolj\u0161an Teflon premazom. Kao alternativa, dostupna je kromirana verzija, gdje se bubanj, samovode\u0107e (ST) diskove i ST ruku pa\u017eljivo poliraju i deblje niklom prema\u017eu prije nego \u0161to dobiju zavr\u0161ni krom fini\u0161.<\/p>\n<p style=\"color: rgb(34, 34, 34); font-family: Arial, Helvetica, sans-serif; font-size: small;\">Odr\u017eavanje je jednostavno; jednostavno odvojite gornji prsten za rasklapanje vitla radi jednostavnog \u010di\u0161\u0107enja i servisiranja. Inovativni samovode\u0107i XT sustav uklju\u010duje fiksni gornji disk s integriranim ST rukavom i samoregulacijski donji disk montiran na oprugama. Ovaj sustav automatski se prilago\u0111ava raznim promjerima u\u017eadi i, u slu\u010daju preoptere\u0107enja, osloba\u0111a liniju kako bi se izbjegla prekomjerna napetost na ST ruci.<\/p>\n<p style=\"color: rgb(34, 34, 34); font-family: Arial, Helvetica, sans-serif; font-size: small;\">Bubanj ima vertikalne rebraste povr\u0161ine koje optimiziraju horizontalnu trenja, omogu\u0107uju\u0107i u\u017eetu da se efikasno uspinje. Diferencirani dizajn za dr\u017eanje (isklju\u010divo za aluminijske bubnjeve) smanjuje trenje u donjem dijelu gdje su optere\u0107enja ve\u0107a, dok pobolj\u0161ava dohvat na vrhu gdje su optere\u0107enja lak\u0161a. Ovaj dizajn osigurava dosljedno dr\u017eanje du\u017e cijelog bubnja.<\/p>\n<p style=\"color: rgb(34, 34, 34); font-family: Arial, Helvetica, sans-serif; font-size: small;\">CNC-obra\u0111ena baza je i lak\u0161a i ja\u010da od konvencionalnih lijevanih komada, izra\u0111ena od tvrdog crnog anodiziranog aluminija s Teflon premazom. Njeno jednostavno uklanjanje iz vitla olak\u0161ava zadatke odr\u017eavanja.<\/p>\n<p style=\"color: rgb(34, 34, 34); font-family: Arial, Helvetica, sans-serif; font-size: small;\"><strong>Tehni\u010dke specifikacije:<\/strong><\/p>\n<ul style=\"color: rgb(34, 34, 34); font-family: Arial, Helvetica, sans-serif; font-size: small;\">\n<li>Model: Antal Self-Tailing aluminijsko vitlo XT48 (2-brzina)<\/li>\n<li>Promjer baze: 182mm<\/li>\n<li>Promjer bubnja: 93mm<\/li>\n<li>Visina: 197mm<\/li>\n<li>Te\u017eina: 6.9kg (aluminij), 9.9kg (krom)<\/li>\n<li>Omjer snage: 19.0 \/ 47.4<\/li>\n<li>Minimalni promjer u\u017eeta: 8mm<\/li>\n<li>Maksimalni promjer u\u017eeta: 14mm<\/li>\n<li>Vijci za pri\u010dvr\u0161\u0107ivanje: 6 x 8mm<\/li>\n<li>Omjer prijenosa: 3.5:1 &#8211; 8.8:1<\/li>\n<\/ul>\n<p style=\"color: rgb(34, 34, 34); font-family: Arial, Helvetica, sans-serif; font-size: small;\">Antalova posve\u0107enost kvaliteti jam\u010di da su ova mo\u0107na samovode\u0107a vitla idealna za niz primjena, \u0161to ih \u010dini izvrsnim izborom za vlasnike \u010damaca u potrazi za pouzdano\u0161\u0107u i performansama.<\/p>\n","protected":false},"excerpt":{"rendered":"<p>Antal vitlo Self-Tailing XT48, dvije brzine 182mm &#8211; Sa zadovoljstvom vam predstavljamo Antal Self-Tailing XT48 vitlo, dvostepeno vitlo dizajnirano za<\/p>\n","protected":false},"featured_media":5936210,"comment_status":"open","ping_status":"closed","template":"","meta":[],"product_brand":[2786],"product_cat":[1773],"product_tag":[],"class_list":{"0":"post-739311","1":"product","2":"type-product","3":"status-publish","4":"has-post-thumbnail","6":"product_brand-antal-hr","7":"product_cat-antal-vincevi-za-jedrilice","9":"first","10":"instock","11":"shipping-taxable","12":"purchasable","13":"product-type-simple"},"_links":{"self":[{"href":"https:\/\/stoic-curie.212-227-153-4.plesk.page\/hr\/wp-json\/wp\/v2\/product\/739311","targetHints":{"allow":["GET"]}}],"collection":[{"href":"https:\/\/stoic-curie.212-227-153-4.plesk.page\/hr\/wp-json\/wp\/v2\/product"}],"about":[{"href":"https:\/\/stoic-curie.212-227-153-4.plesk.page\/hr\/wp-json\/wp\/v2\/types\/product"}],"replies":[{"embeddable":true,"href":"https:\/\/stoic-curie.212-227-153-4.plesk.page\/hr\/wp-json\/wp\/v2\/comments?post=739311"}],"version-history":[{"count":0,"href":"https:\/\/stoic-curie.212-227-153-4.plesk.page\/hr\/wp-json\/wp\/v2\/product\/739311\/revisions"}],"wp:featuredmedia":[{"embeddable":true,"href":"https:\/\/stoic-curie.212-227-153-4.plesk.page\/hr\/wp-json\/wp\/v2\/media\/5936210"}],"wp:attachment":[{"href":"https:\/\/stoic-curie.212-227-153-4.plesk.page\/hr\/wp-json\/wp\/v2\/media?parent=739311"}],"wp:term":[{"taxonomy":"product_brand","embeddable":true,"href":"https:\/\/stoic-curie.212-227-153-4.plesk.page\/hr\/wp-json\/wp\/v2\/product_brand?post=739311"},{"taxonomy":"product_cat","embeddable":true,"href":"https:\/\/stoic-curie.212-227-153-4.plesk.page\/hr\/wp-json\/wp\/v2\/product_cat?post=739311"},{"taxonomy":"product_tag","embeddable":true,"href":"https:\/\/stoic-curie.212-227-153-4.plesk.page\/hr\/wp-json\/wp\/v2\/product_tag?post=739311"}],"curies":[{"name":"wp","href":"https:\/\/api.w.org\/{rel}","templated":true}]}}