{"id":739315,"date":"2025-03-03T18:03:20","date_gmt":"2025-03-03T17:03:20","guid":{"rendered":"https:\/\/stoic-curie.212-227-153-4.plesk.page\/producto\/stoper-antal-v-grip-jednostruki-8-12mm\/"},"modified":"2026-02-25T00:00:33","modified_gmt":"2026-02-25T00:00:33","slug":"stoper-antal-v-grip-jednostruki-8-12mm","status":"publish","type":"product","link":"https:\/\/stoic-curie.212-227-153-4.plesk.page\/hr\/product\/stoper-antal-v-grip-jednostruki-8-12mm\/","title":{"rendered":"Stoper Antal V-Grip jednostruki 8-12mm"},"content":{"rendered":"<p>Stoper Antal V-Grip jednostruki 8-12mm &#8211; <\/p>\n<p>Antal V-Grip blokator nudi pobolj\u0161anu snagu zadr\u017eavanja. Ne uzrokuje o\u0161te\u0107enja prevlake u\u017eeta i savr\u0161en je za kompozitne u\u017ead kao \u0161to su Kevlar, Vectran i Spectra. Izvrsna za poliester. \u010celi\u010dna unutarnja konstrukcija. Nema klizanja u\u017eeta. Omogu\u0107uje otpu\u0161tanje u\u017eeta pod maksimalnim optere\u0107enjem bez upotrebe vitla. U\u017ee se tako\u0111er mo\u017ee voditi kroz blokator bez otvaranja mehanizma s crvenim kamenom. Visina ku\u0107i\u0161ta samo 6,5 cm.<\/p>\n","protected":false},"excerpt":{"rendered":"<p>Stoper Antal V-Grip jednostruki 8-12mm &#8211; Antal V-Grip blokator nudi pobolj\u0161anu snagu zadr\u017eavanja. Ne uzrokuje o\u0161te\u0107enja prevlake u\u017eeta i savr\u0161en<\/p>\n","protected":false},"featured_media":5936220,"comment_status":"open","ping_status":"closed","template":"","meta":[],"product_brand":[2786],"product_cat":[1772],"product_tag":[],"class_list":{"0":"post-739315","1":"product","2":"type-product","3":"status-publish","4":"has-post-thumbnail","6":"product_brand-antal-hr","7":"product_cat-stoperi-i-kljune-za-jedrilice","9":"first","10":"instock","11":"shipping-taxable","12":"purchasable","13":"product-type-simple"},"_links":{"self":[{"href":"https:\/\/stoic-curie.212-227-153-4.plesk.page\/hr\/wp-json\/wp\/v2\/product\/739315","targetHints":{"allow":["GET"]}}],"collection":[{"href":"https:\/\/stoic-curie.212-227-153-4.plesk.page\/hr\/wp-json\/wp\/v2\/product"}],"about":[{"href":"https:\/\/stoic-curie.212-227-153-4.plesk.page\/hr\/wp-json\/wp\/v2\/types\/product"}],"replies":[{"embeddable":true,"href":"https:\/\/stoic-curie.212-227-153-4.plesk.page\/hr\/wp-json\/wp\/v2\/comments?post=739315"}],"version-history":[{"count":0,"href":"https:\/\/stoic-curie.212-227-153-4.plesk.page\/hr\/wp-json\/wp\/v2\/product\/739315\/revisions"}],"wp:featuredmedia":[{"embeddable":true,"href":"https:\/\/stoic-curie.212-227-153-4.plesk.page\/hr\/wp-json\/wp\/v2\/media\/5936220"}],"wp:attachment":[{"href":"https:\/\/stoic-curie.212-227-153-4.plesk.page\/hr\/wp-json\/wp\/v2\/media?parent=739315"}],"wp:term":[{"taxonomy":"product_brand","embeddable":true,"href":"https:\/\/stoic-curie.212-227-153-4.plesk.page\/hr\/wp-json\/wp\/v2\/product_brand?post=739315"},{"taxonomy":"product_cat","embeddable":true,"href":"https:\/\/stoic-curie.212-227-153-4.plesk.page\/hr\/wp-json\/wp\/v2\/product_cat?post=739315"},{"taxonomy":"product_tag","embeddable":true,"href":"https:\/\/stoic-curie.212-227-153-4.plesk.page\/hr\/wp-json\/wp\/v2\/product_tag?post=739315"}],"curies":[{"name":"wp","href":"https:\/\/api.w.org\/{rel}","templated":true}]}}