{"id":739317,"date":"2025-03-03T18:03:21","date_gmt":"2025-03-03T17:03:21","guid":{"rendered":"https:\/\/stoic-curie.212-227-153-4.plesk.page\/producto\/stopper-antal-v-grip-jednostruki-12-16mm\/"},"modified":"2026-02-25T00:00:33","modified_gmt":"2026-02-25T00:00:33","slug":"stopper-antal-v-grip-jednostruki-12-16mm","status":"publish","type":"product","link":"https:\/\/stoic-curie.212-227-153-4.plesk.page\/hr\/product\/stopper-antal-v-grip-jednostruki-12-16mm\/","title":{"rendered":"Stopper Antal V-Grip jednostruki 12-16mm"},"content":{"rendered":"<p>Stopper Antal V-Grip jednostruki 12-16mm &#8211; <\/p>\n<p>Antal V-Grip zaustavlja\u010d s pove\u0107anom snagom dr\u017eanja. Ne uzrokuje o\u0161te\u0107enje prevlake u\u017eeta. Savr\u0161eno za kompozitne u\u017ee poput Kevlara, Vectrana i Spectre. Izvrsno za poliester. \u010celi\u010dna unutra\u0161nja konstrukcija. Nema klizanja u\u017eeta. Omogu\u0107uje otpu\u0161tanje u\u017eeta pod maksimalnim optere\u0107enjem bez upotrebe vitla. U\u017ee se tako\u0111er mo\u017ee provu\u0107i kroz zaustavlja\u010d bez otvaranja mehanizma. Samo 6,5 cm visine tijela.<\/p>\n","protected":false},"excerpt":{"rendered":"<p>Stopper Antal V-Grip jednostruki 12-16mm &#8211; Antal V-Grip zaustavlja\u010d s pove\u0107anom snagom dr\u017eanja. Ne uzrokuje o\u0161te\u0107enje prevlake u\u017eeta. Savr\u0161eno za<\/p>\n","protected":false},"featured_media":5936220,"comment_status":"open","ping_status":"closed","template":"","meta":[],"product_brand":[2786],"product_cat":[1772],"product_tag":[],"class_list":{"0":"post-739317","1":"product","2":"type-product","3":"status-publish","4":"has-post-thumbnail","6":"product_brand-antal-hr","7":"product_cat-stoperi-i-kljune-za-jedrilice","9":"first","10":"instock","11":"shipping-taxable","12":"purchasable","13":"product-type-simple"},"_links":{"self":[{"href":"https:\/\/stoic-curie.212-227-153-4.plesk.page\/hr\/wp-json\/wp\/v2\/product\/739317","targetHints":{"allow":["GET"]}}],"collection":[{"href":"https:\/\/stoic-curie.212-227-153-4.plesk.page\/hr\/wp-json\/wp\/v2\/product"}],"about":[{"href":"https:\/\/stoic-curie.212-227-153-4.plesk.page\/hr\/wp-json\/wp\/v2\/types\/product"}],"replies":[{"embeddable":true,"href":"https:\/\/stoic-curie.212-227-153-4.plesk.page\/hr\/wp-json\/wp\/v2\/comments?post=739317"}],"version-history":[{"count":0,"href":"https:\/\/stoic-curie.212-227-153-4.plesk.page\/hr\/wp-json\/wp\/v2\/product\/739317\/revisions"}],"wp:featuredmedia":[{"embeddable":true,"href":"https:\/\/stoic-curie.212-227-153-4.plesk.page\/hr\/wp-json\/wp\/v2\/media\/5936220"}],"wp:attachment":[{"href":"https:\/\/stoic-curie.212-227-153-4.plesk.page\/hr\/wp-json\/wp\/v2\/media?parent=739317"}],"wp:term":[{"taxonomy":"product_brand","embeddable":true,"href":"https:\/\/stoic-curie.212-227-153-4.plesk.page\/hr\/wp-json\/wp\/v2\/product_brand?post=739317"},{"taxonomy":"product_cat","embeddable":true,"href":"https:\/\/stoic-curie.212-227-153-4.plesk.page\/hr\/wp-json\/wp\/v2\/product_cat?post=739317"},{"taxonomy":"product_tag","embeddable":true,"href":"https:\/\/stoic-curie.212-227-153-4.plesk.page\/hr\/wp-json\/wp\/v2\/product_tag?post=739317"}],"curies":[{"name":"wp","href":"https:\/\/api.w.org\/{rel}","templated":true}]}}