{"id":739326,"date":"2025-03-03T18:03:24","date_gmt":"2025-03-03T17:03:24","guid":{"rendered":"https:\/\/stoic-curie.212-227-153-4.plesk.page\/producto\/f3-bimini-od-nehrdajuceg-celika-3-luka-bijeli-200-x-185-x-h140-cm\/"},"modified":"2026-02-25T00:00:33","modified_gmt":"2026-02-25T00:00:33","slug":"f3-bimini-od-nehrdajuceg-celika-3-luka-bijeli-200-x-185-x-h140-cm","status":"publish","type":"product","link":"https:\/\/stoic-curie.212-227-153-4.plesk.page\/hr\/product\/f3-bimini-od-nehrdajuceg-celika-3-luka-bijeli-200-x-185-x-h140-cm\/","title":{"rendered":"Bimini od nehr\u0111aju\u0107eg \u010delika 3 Luka, bijeli, 200 x 185 x H140 cm"},"content":{"rendered":"<p>Bimini od nehr\u0111aju\u0107eg \u010delika 3 Luka, bijeli, 200 x 185 x H140 cm &#8211; <\/p>\n<p>F3 Bimini od nehr\u0111aju\u0107eg \u010delika s 3 luka bijelih dimenzija 200 x 185 x H140 cm. Bimini s 3 luka od nehr\u0111aju\u0107eg \u010delika izvrstan je izbor tende, savr\u0161ena za razne vrste \u010damaca, uklju\u010duju\u0107i otvorene \u010damce, gumenjake i RIB-ove. S elegantnim okvirom od \u00d822mm 316 nehr\u0111aju\u0107eg \u010delika, pru\u017ea pouzdanu sjenu i za\u0161titu tijekom va\u0161ih plovidbi.<\/p>\n<p><strong>Premium materijali za pobolj\u0161anu izdr\u017eljivost<\/strong><\/p>\n<p>Izra\u0111en od 310 g\/m\u00b2 ATLAS marine tkanine, ovaj Bimini je dizajniran da bude otporan na UV zra\u010denje i vremenske uvjete, jam\u010de\u0107i trajne performanse i zadr\u017eavanje boje u zahtjevnim morskim okru\u017eenjima. Set dolazi s okvir od nehr\u0111aju\u0107eg \u010delika, platnenom tendom uz koju se isporu\u010duje za\u0161titna navlaka, \u010dvrste trake i popre\u010dne \u0161ipke, \u0161to olak\u0161ava proces monta\u017ee. Izvrsno se pona\u0161a na vodi, pru\u017eaju\u0107i udobnost pri brzinama do 40 \u010dvorova.<\/p>\n<p><strong>Razmatranja o priboru<\/strong><\/p>\n<p>Dok kit uklju\u010duje svu potrebnu hardver za monta\u017eu, imajte na umu da pri\u010dvr\u0161\u0107iva\u010di potrebni za pri\u010dvr\u0161\u0107ivanje Bimini okvira na va\u0161 \u010damac nisu uklju\u010deni; morat \u0107ete nabaviti odgovaraju\u0107e pri\u010dvr\u0161\u0107iva\u010de prema materijalu va\u0161eg \u010damca.<\/p>\n<p><strong>Prakti\u010dna rje\u0161enja za pohranu<\/strong><\/p>\n<p>Dizajniran za jednostavno skladi\u0161tenje, Bimini uklju\u010duje za\u0161titnu navlaku koja olak\u0161ava jednostavno povla\u010denje, sprje\u010davaju\u0107i da labava tkanina ne \u010dini nered na va\u0161em \u010damcu. Mo\u017ee se lako polo\u017eiti ravno na rub \u010damca ili potpuno ukloniti otpadanjem monta\u017enih dijelova.<\/p>\n<p><strong>Klju\u010dne zna\u010dajke:<\/strong><\/p>\n<ul>\n<li>Vodootporna i prozra\u010dna tkanina<\/li>\n<li>Otporna na UV zra\u010denje i vremenske uvjete s postotkom zadr\u017eavanja boje 6-7<\/li>\n<li>Otporna na plijesni i gljivice<\/li>\n<li>Izdr\u017eljiv okvir od nehr\u0111aju\u0107eg \u010delika i mornari\u010dki pribor<\/li>\n<li>Udobna pri brzinama do 40 \u010dvorova<\/li>\n<\/ul>\n","protected":false},"excerpt":{"rendered":"<p>Bimini od nehr\u0111aju\u0107eg \u010delika 3 Luka, bijeli, 200 x 185 x H140 cm &#8211; F3 Bimini od nehr\u0111aju\u0107eg \u010delika s<\/p>\n","protected":false},"featured_media":5936251,"comment_status":"open","ping_status":"closed","template":"","meta":[],"product_brand":[3186],"product_cat":[1689],"product_tag":[],"class_list":{"0":"post-739326","1":"product","2":"type-product","3":"status-publish","4":"has-post-thumbnail","6":"product_brand-nettuno-hr","7":"product_cat-bimini-tende","9":"first","10":"instock","11":"shipping-taxable","12":"purchasable","13":"product-type-simple"},"_links":{"self":[{"href":"https:\/\/stoic-curie.212-227-153-4.plesk.page\/hr\/wp-json\/wp\/v2\/product\/739326","targetHints":{"allow":["GET"]}}],"collection":[{"href":"https:\/\/stoic-curie.212-227-153-4.plesk.page\/hr\/wp-json\/wp\/v2\/product"}],"about":[{"href":"https:\/\/stoic-curie.212-227-153-4.plesk.page\/hr\/wp-json\/wp\/v2\/types\/product"}],"replies":[{"embeddable":true,"href":"https:\/\/stoic-curie.212-227-153-4.plesk.page\/hr\/wp-json\/wp\/v2\/comments?post=739326"}],"version-history":[{"count":0,"href":"https:\/\/stoic-curie.212-227-153-4.plesk.page\/hr\/wp-json\/wp\/v2\/product\/739326\/revisions"}],"wp:featuredmedia":[{"embeddable":true,"href":"https:\/\/stoic-curie.212-227-153-4.plesk.page\/hr\/wp-json\/wp\/v2\/media\/5936251"}],"wp:attachment":[{"href":"https:\/\/stoic-curie.212-227-153-4.plesk.page\/hr\/wp-json\/wp\/v2\/media?parent=739326"}],"wp:term":[{"taxonomy":"product_brand","embeddable":true,"href":"https:\/\/stoic-curie.212-227-153-4.plesk.page\/hr\/wp-json\/wp\/v2\/product_brand?post=739326"},{"taxonomy":"product_cat","embeddable":true,"href":"https:\/\/stoic-curie.212-227-153-4.plesk.page\/hr\/wp-json\/wp\/v2\/product_cat?post=739326"},{"taxonomy":"product_tag","embeddable":true,"href":"https:\/\/stoic-curie.212-227-153-4.plesk.page\/hr\/wp-json\/wp\/v2\/product_tag?post=739326"}],"curies":[{"name":"wp","href":"https:\/\/api.w.org\/{rel}","templated":true}]}}