{"id":739327,"date":"2025-03-03T18:03:24","date_gmt":"2025-03-03T17:03:24","guid":{"rendered":"https:\/\/stoic-curie.212-227-153-4.plesk.page\/producto\/f3-bimini-od-nehrdajuceg-celika-3-luka-bijeli-200-x-200-x-h140-cm\/"},"modified":"2026-02-25T00:00:33","modified_gmt":"2026-02-25T00:00:33","slug":"f3-bimini-od-nehrdajuceg-celika-3-luka-bijeli-200-x-200-x-h140-cm","status":"publish","type":"product","link":"https:\/\/stoic-curie.212-227-153-4.plesk.page\/hr\/product\/f3-bimini-od-nehrdajuceg-celika-3-luka-bijeli-200-x-200-x-h140-cm\/","title":{"rendered":"Bimini od nehr\u0111aju\u0107eg \u010delika 3 Luka, bijeli, 200 x 200 x H140 cm"},"content":{"rendered":"<p>Bimini od nehr\u0111aju\u0107eg \u010delika 3 Luka, bijeli, 200 x 200 x H140 cm &#8211; <\/p>\n<p><span style=\"color: rgb(34, 34, 34); font-family: Arial, Helvetica, sans-serif; font-size: small; font-weight: 700;\">F3 Bimini od nehr\u0111aju\u0107eg \u010delika 3 lukova bijela 200 x 200 x H140 cm.&nbsp;<\/span><strong style=\"color: rgb(34, 34, 34); font-family: Arial, Helvetica, sans-serif; font-size: small;\">Bimini od nehr\u0111aju\u0107eg \u010delika sa 3 luka: Izdr\u017eljivo re\u0161enje za sen\u010denje va\u0161e plovila<\/strong><\/p>\n<p style=\"color: rgb(34, 34, 34); font-family: Arial, Helvetica, sans-serif; font-size: small;\">Bimini od nehr\u0111aju\u0107eg \u010delika sa 3 luka predstavlja vrhunski opciju krova, pogodnu za razli\u010dite tipove \u010damaca, uklju\u010duju\u0107i otvorene \u010damce, barke i RIB plovila. Izra\u0111en je od elegantnog okvira od \u00d822mm 316 nehr\u0111aju\u0107eg \u010delika, pru\u017eaju\u0107i pouzdanu senku i za\u0161titu tokom va\u0161ih izleta na vodi.<\/p>\n<p style=\"color: rgb(34, 34, 34); font-family: Arial, Helvetica, sans-serif; font-size: small;\"><strong>Kvalitetni materijali za produ\u017eenu dugove\u010dnost<\/strong><\/p>\n<p style=\"color: rgb(34, 34, 34); font-family: Arial, Helvetica, sans-serif; font-size: small;\">Izra\u0111en od 310 g\/m\u00b2 ATLAS marinog kvalitetnog platna, ovaj Bimini dizajniran je da bude otporan na UV zra\u010denje i vremenske uslove, osiguravaju\u0107i i trajnost i zadr\u017eavanje boje u izazovnim morskim okru\u017eenjima. Set se sastoji od okvira od nehr\u0111aju\u0107eg \u010delika, krova od platna s poklopcem za skladi\u0161tenje, \u010dvrstih na\u0161ih traka i popre\u010dnih nosa\u010da, olak\u0161avaju\u0107i jednostavnu instalaciju. Izvanredno funkcioni\u0161e, pru\u017eaju\u0107i udobnost na vodi pri brzinama do 40 \u010dvorova.<\/p>\n<p style=\"color: rgb(34, 34, 34); font-family: Arial, Helvetica, sans-serif; font-size: small;\"><strong>Razmatranje hardvera<\/strong><\/p>\n<p style=\"color: rgb(34, 34, 34); font-family: Arial, Helvetica, sans-serif; font-size: small;\">Iako set uklju\u010duje sav potrebni hardver za sklapanje, imajte na umu da pri\u010dvr\u0161\u0107iva\u010di potrebni za pri\u010dvr\u0161\u0107ivanje Bimini okvira na va\u0161e plovilo nisu uklju\u010deni; bi\u0107e potrebno nabaviti odgovaraju\u0107e pri\u010dvr\u0161\u0107iva\u010de prema materijalu va\u0161eg \u010damca.<\/p>\n<p style=\"color: rgb(34, 34, 34); font-family: Arial, Helvetica, sans-serif; font-size: small;\"><strong>Prakti\u010dna re\u0161enja za skladi\u0161tenje<\/strong><\/p>\n<p style=\"color: rgb(34, 34, 34); font-family: Arial, Helvetica, sans-serif; font-size: small;\">Dizajniran za lako skladi\u0161tenje, Bimini ima poklopac za skladi\u0161tenje koji omogu\u0107ava jednostavno povla\u010denje, spre\u010davaju\u0107i da suvi materijal ostane na brodu. Mo\u017ee se lako polo\u017eiti ravno na obalu ili potpuno ukloniti odspajanjem nosa\u010da s palube.<\/p>\n<p style=\"color: rgb(34, 34, 34); font-family: Arial, Helvetica, sans-serif; font-size: small;\"><strong>Klju\u010dne karakteristike:<\/strong><\/p>\n<ul style=\"color: rgb(34, 34, 34); font-family: Arial, Helvetica, sans-serif; font-size: small;\">\n<li>Du\u017eina krova: 183 cm; visina: 130 cm (mo\u017ee se skratiti na 110 cm ako je potrebno)<\/li>\n<li>Vodootporno i prozra\u010dno platno<\/li>\n<li>Otporan na UV zra\u010denje i vremenske uvjete s postojano\u0161\u0107u boje 6-7<\/li>\n<li>Otporan na plijesan i plijesan<\/li>\n<li>\u010cvrst okvir od nehr\u0111aju\u0107eg \u010delika i morski dodaci<\/li>\n<\/ul>\n<ul style=\"color: rgb(34, 34, 34); font-family: Arial, Helvetica, sans-serif; font-size: small;\">\n<li>Udoban pri brzinama do 40 \u010dvorova<\/li>\n<\/ul>\n","protected":false},"excerpt":{"rendered":"<p>Bimini od nehr\u0111aju\u0107eg \u010delika 3 Luka, bijeli, 200 x 200 x H140 cm &#8211; F3 Bimini od nehr\u0111aju\u0107eg \u010delika 3<\/p>\n","protected":false},"featured_media":5936251,"comment_status":"open","ping_status":"closed","template":"","meta":[],"product_brand":[3186],"product_cat":[1689],"product_tag":[],"class_list":{"0":"post-739327","1":"product","2":"type-product","3":"status-publish","4":"has-post-thumbnail","6":"product_brand-nettuno-hr","7":"product_cat-bimini-tende","9":"first","10":"instock","11":"shipping-taxable","12":"purchasable","13":"product-type-simple"},"_links":{"self":[{"href":"https:\/\/stoic-curie.212-227-153-4.plesk.page\/hr\/wp-json\/wp\/v2\/product\/739327","targetHints":{"allow":["GET"]}}],"collection":[{"href":"https:\/\/stoic-curie.212-227-153-4.plesk.page\/hr\/wp-json\/wp\/v2\/product"}],"about":[{"href":"https:\/\/stoic-curie.212-227-153-4.plesk.page\/hr\/wp-json\/wp\/v2\/types\/product"}],"replies":[{"embeddable":true,"href":"https:\/\/stoic-curie.212-227-153-4.plesk.page\/hr\/wp-json\/wp\/v2\/comments?post=739327"}],"version-history":[{"count":0,"href":"https:\/\/stoic-curie.212-227-153-4.plesk.page\/hr\/wp-json\/wp\/v2\/product\/739327\/revisions"}],"wp:featuredmedia":[{"embeddable":true,"href":"https:\/\/stoic-curie.212-227-153-4.plesk.page\/hr\/wp-json\/wp\/v2\/media\/5936251"}],"wp:attachment":[{"href":"https:\/\/stoic-curie.212-227-153-4.plesk.page\/hr\/wp-json\/wp\/v2\/media?parent=739327"}],"wp:term":[{"taxonomy":"product_brand","embeddable":true,"href":"https:\/\/stoic-curie.212-227-153-4.plesk.page\/hr\/wp-json\/wp\/v2\/product_brand?post=739327"},{"taxonomy":"product_cat","embeddable":true,"href":"https:\/\/stoic-curie.212-227-153-4.plesk.page\/hr\/wp-json\/wp\/v2\/product_cat?post=739327"},{"taxonomy":"product_tag","embeddable":true,"href":"https:\/\/stoic-curie.212-227-153-4.plesk.page\/hr\/wp-json\/wp\/v2\/product_tag?post=739327"}],"curies":[{"name":"wp","href":"https:\/\/api.w.org\/{rel}","templated":true}]}}