{"id":739328,"date":"2025-03-03T18:03:24","date_gmt":"2025-03-03T17:03:24","guid":{"rendered":"https:\/\/stoic-curie.212-227-153-4.plesk.page\/producto\/bimini-eco-top-nehrdajuci-celik-bijeli-3-luka-230-x-235-x-h140-cm\/"},"modified":"2026-02-25T00:00:33","modified_gmt":"2026-02-25T00:00:33","slug":"bimini-eco-top-nehrdajuci-celik-bijeli-3-luka-230-x-235-x-h140-cm","status":"publish","type":"product","link":"https:\/\/stoic-curie.212-227-153-4.plesk.page\/hr\/product\/bimini-eco-top-nehrdajuci-celik-bijeli-3-luka-230-x-235-x-h140-cm\/","title":{"rendered":"Bimini Eco-Top, nehr\u0111aju\u0107i \u010delik, bijeli, 3 luka, 230 x 235 x H140 cm"},"content":{"rendered":"<p>Bimini Eco-Top, nehr\u0111aju\u0107i \u010delik, bijeli, 3 luka, 230 x 235 x H140 cm &#8211; <\/p>\n<p style=\"\"><span style=\"color: rgb(34, 34, 34); font-family: Arial, Helvetica, sans-serif; font-size: small; font-weight: 700;\">Bimini Eco-Top od nehr\u0111aju\u0107eg \u010delika bijele boje 3 luka 230 x 235 x H140 cm.&amp;nbsp;<\/span><strong style=\"color: rgb(34, 34, 34); font-family: Arial, Helvetica, sans-serif; font-size: small;\">Bimini od nehr\u0111aju\u0107eg \u010delika s 3 luka: \u010cvrsta rje\u0161enja za sjenu va\u0161eg plovila<\/strong><\/p>\n<p style=\"color: rgb(34, 34, 34); font-family: Arial, Helvetica, sans-serif; font-size: small;\">Bimini od nehr\u0111aju\u0107eg \u010delika s 3 luka slu\u017ei kao robustan i kvalitetan krov prikladan za razli\u010dite vrste \u010damaca. Idealan je za otvorene \u010damce, jednostavne \u010damce, sredi\u0161nje konzole, bo\u010dne konzole, glisere, napuhane \u010damce i RIB plovila. Ovaj elegantni dizajn s okvirom od nehr\u0111aju\u0107eg \u010delika \u00d822mm 316 nudi pouzdanu za\u0161titu i sjenu tijekom va\u0161ih pustolovina na moru.<\/p>\n<p style=\"color: rgb(34, 34, 34); font-family: Arial, Helvetica, sans-serif; font-size: small;\">&lt;strong&gt;Visokokvalitetni materijali za pobolj\u0161anu trajnost&lt;\/strong&gt;<\/p>\n<p style=\"color: rgb(34, 34, 34); font-family: Arial, Helvetica, sans-serif; font-size: small;\">Izra\u0111en od ATLAS tkanine za marine te\u017eine 310 g\/m\u00b2, na\u0161 Bimini od nehr\u0111aju\u0107eg \u010delika s 3 luka dizajniran je za izdr\u017eljivost. Ova tkanina otporna je na UV zrake i te\u0161ke vremenske uvjete, osiguravaju\u0107i da ostane sna\u017ena i da zadr\u017ei svoju boju \u010dak i u izazovnim morskim okru\u017eenjima. Opremanje od 316 nehr\u0111aju\u0107eg \u010delika doprinosi produ\u017eenju njegovog vijeka trajanja. Kit uklju\u010duje vi\u0161e komponenti, uklju\u010duju\u0107i okvir od nehr\u0111aju\u0107eg \u010delika, krov od tkanine s torbom za pohranu, \u010dvrste kop\u010de i popre\u010dnike. Tako\u0111er su uklju\u010deni svi potrebni dijelovi za brzu i jednostavnu instalaciju. Ovaj Bimini je vrlo funkcionalan i izuzetno dobro funkcionira, omogu\u0107uju\u0107i ugodno iskustvo na vodi, \u010dak i pri brzinama do 40 \u010dvorova.<\/p>\n<p style=\"color: rgb(34, 34, 34); font-family: Arial, Helvetica, sans-serif; font-size: small;\">&lt;strong&gt;Va\u017ena napomena o priboru&lt;\/strong&gt;<\/p>\n<p style=\"color: rgb(34, 34, 34); font-family: Arial, Helvetica, sans-serif; font-size: small;\">Kit za Bimini od nehr\u0111aju\u0107eg \u010delika s 3 luka dolazi s kompletnim priborom potrebnim za monta\u017eu. Imajte na umu da u\u010dvr\u0161\u0107enja ili vijke potrebne za pri\u010dvr\u0161\u0107enje Bimini okvira na va\u0161 \u010damac nisu uklju\u010deni. Morat \u0107ete nabaviti odgovaraju\u0107e u\u010dvr\u0161\u0107enje prema materijalu va\u0161eg \u010damca.<\/p>\n<p style=\"color: rgb(34, 34, 34); font-family: Arial, Helvetica, sans-serif; font-size: small;\">&lt;strong&gt;Jednostavno pohranjivanje za prakti\u010dnu retraction&lt;\/strong&gt;<\/p>\n<p style=\"color: rgb(34, 34, 34); font-family: Arial, Helvetica, sans-serif; font-size: small;\">Na\u0161 Bimini od nehr\u0111aju\u0107eg \u010delika s 3 luka dizajniran je za jednostavno pohranjivanje. Torba za pohranu smje\u0161tena je pri dnu krova, olak\u0161avaju\u0107i jednostavno povla\u010denje. Ovaj dizajn tako\u0111er poma\u017ee sprije\u010diti da bilo koji labavi materijal ostane na brodu. Mo\u017eete brzo otkop\u010dati remenje, dopu\u0161taju\u0107i vam da cijeli Bimini polo\u017eite ravno na rub \u010damca. Dodatno, mo\u017ee se potpuno ukloniti odvojivanjem monta\u017enih nosa\u010da dekice.<\/p>\n<p style=\"color: rgb(34, 34, 34); font-family: Arial, Helvetica, sans-serif; font-size: small;\">&lt;strong&gt;Izvanredna izdr\u017eljivost i kvaliteta zna\u010dajke&lt;\/strong&gt;<\/p>\n<ul style=\"color: rgb(34, 34, 34); font-family: Arial, Helvetica, sans-serif; font-size: small;\">\n<li>Vrh Bimini s 3 luka s duljinom krova od 183 cm (od prednje do stra\u017enje strane) i visinom od 130 cm (mo\u017ee se skratiti na 110 cm ako je potrebno)<\/li>\n<li>Vodootporna, prozra\u010dna ATLAS tkanina za marine (310 g\/m\u00b2)<\/li>\n<li>Otporna na UV zra\u010denje i vremenske uvjete s ocjenom postojanosti boje od 6-7<\/li>\n<li>Otporna na plijesan i plijesan<\/li>\n<li>Okvir od nehr\u0111aju\u0107eg \u010delika \u00d822mm za snagu i pouzdanost<\/li>\n<li>Nylon trake za pri\u010dvr\u0161\u0107ivanje sprijeda i straga (\u010dvrsti stra\u017enji nosa\u010di dostupni odvojeno)<\/li>\n<li>Marine-grade fittings<\/li>\n<li>Pru\u017ea ugodno iskustvo na vodi pri brzinama do 40 \u010dvorova<\/li>\n<\/ul>\n","protected":false},"excerpt":{"rendered":"<p>Bimini Eco-Top, nehr\u0111aju\u0107i \u010delik, bijeli, 3 luka, 230 x 235 x H140 cm &#8211; Bimini Eco-Top od nehr\u0111aju\u0107eg \u010delika bijele<\/p>\n","protected":false},"featured_media":5936251,"comment_status":"open","ping_status":"closed","template":"","meta":[],"product_brand":[3186],"product_cat":[1689],"product_tag":[],"class_list":{"0":"post-739328","1":"product","2":"type-product","3":"status-publish","4":"has-post-thumbnail","6":"product_brand-nettuno-hr","7":"product_cat-bimini-tende","9":"first","10":"instock","11":"shipping-taxable","12":"purchasable","13":"product-type-simple"},"_links":{"self":[{"href":"https:\/\/stoic-curie.212-227-153-4.plesk.page\/hr\/wp-json\/wp\/v2\/product\/739328","targetHints":{"allow":["GET"]}}],"collection":[{"href":"https:\/\/stoic-curie.212-227-153-4.plesk.page\/hr\/wp-json\/wp\/v2\/product"}],"about":[{"href":"https:\/\/stoic-curie.212-227-153-4.plesk.page\/hr\/wp-json\/wp\/v2\/types\/product"}],"replies":[{"embeddable":true,"href":"https:\/\/stoic-curie.212-227-153-4.plesk.page\/hr\/wp-json\/wp\/v2\/comments?post=739328"}],"version-history":[{"count":0,"href":"https:\/\/stoic-curie.212-227-153-4.plesk.page\/hr\/wp-json\/wp\/v2\/product\/739328\/revisions"}],"wp:featuredmedia":[{"embeddable":true,"href":"https:\/\/stoic-curie.212-227-153-4.plesk.page\/hr\/wp-json\/wp\/v2\/media\/5936251"}],"wp:attachment":[{"href":"https:\/\/stoic-curie.212-227-153-4.plesk.page\/hr\/wp-json\/wp\/v2\/media?parent=739328"}],"wp:term":[{"taxonomy":"product_brand","embeddable":true,"href":"https:\/\/stoic-curie.212-227-153-4.plesk.page\/hr\/wp-json\/wp\/v2\/product_brand?post=739328"},{"taxonomy":"product_cat","embeddable":true,"href":"https:\/\/stoic-curie.212-227-153-4.plesk.page\/hr\/wp-json\/wp\/v2\/product_cat?post=739328"},{"taxonomy":"product_tag","embeddable":true,"href":"https:\/\/stoic-curie.212-227-153-4.plesk.page\/hr\/wp-json\/wp\/v2\/product_tag?post=739328"}],"curies":[{"name":"wp","href":"https:\/\/api.w.org\/{rel}","templated":true}]}}