{"id":739329,"date":"2025-03-03T18:03:25","date_gmt":"2025-03-03T17:03:25","guid":{"rendered":"https:\/\/stoic-curie.212-227-153-4.plesk.page\/producto\/bimini-eco-top-nehrdajuci-celik-bijeli-3-luka-235-x-245-x-h140-cm\/"},"modified":"2026-02-25T00:00:33","modified_gmt":"2026-02-25T00:00:33","slug":"bimini-eco-top-nehrdajuci-celik-bijeli-3-luka-235-x-245-x-h140-cm","status":"publish","type":"product","link":"https:\/\/stoic-curie.212-227-153-4.plesk.page\/hr\/product\/bimini-eco-top-nehrdajuci-celik-bijeli-3-luka-235-x-245-x-h140-cm\/","title":{"rendered":"Bimini Eco-Top, nehr\u0111aju\u0107i \u010delik, bijeli, 3 luka, 235 x 245 x H140 cm"},"content":{"rendered":"<p>Bimini Eco-Top, nehr\u0111aju\u0107i \u010delik, bijeli, 3 luka, 235 x 245 x H140 cm &#8211; <\/p>\n<p style=\"\"><span style=\"color: rgb(34, 34, 34); font-family: Arial, Helvetica, sans-serif; font-size: small; font-weight: 700;\">Bimini Eco-Top od nehr\u0111aju\u0107eg \u010delika bijele boje s 3 luka 235 x 245 x H140 cm.&nbsp;<\/span><strong style=\"color: rgb(34, 34, 34); font-family: Arial, Helvetica, sans-serif; font-size: small;\">Bimini od nehr\u0111aju\u0107eg \u010delika s 3 luka: Iznimna sjena za va\u0161 \u010damac<\/strong><\/p>\n<p style=\"color: rgb(34, 34, 34); font-family: Arial, Helvetica, sans-serif; font-size: small;\">Bimini od nehr\u0111aju\u0107eg \u010delika s 3 luka je \u010dvrsta i visoko kvalitetna nadstre\u0161nica osmi\u0161ljena za razne vrste \u010damaca, uklju\u010duju\u0107i otvorene \u010damce, \u010damce od aluminija, sredi\u0161nje konzole, bo\u010dne konzole, brze \u010damce, napuhane \u010damce i RIB \u010damce. Njegov elegantan dizajn uklju\u010duje okvir od \u00d822 mm 316 nehr\u0111aju\u0107eg \u010delika, pru\u017eaju\u0107i pouzdanu sjenu i za\u0161titu za va\u0161e plovidbene avanture.<\/p>\n<p style=\"color: rgb(34, 34, 34); font-family: Arial, Helvetica, sans-serif; font-size: small;\"> <strong>Napredni materijali za dugotrajnu izdr\u017eljivost<\/strong><\/p>\n<p style=\"color: rgb(34, 34, 34); font-family: Arial, Helvetica, sans-serif; font-size: small;\">Izra\u0111en od vrhunskog ATLAS materijala otpornih na more s te\u017einom od 310 g\/m\u00b2, na\u0161 Bimini od nehr\u0111aju\u0107eg \u010delika s 3 luka je otporan na UV zra\u010denje i vremenske uvjete, osiguravaju\u0107i da ostane izdr\u017eljiv i postojan \u010dak i u te\u0161kim morskim uvjetima. Oprema od 316 nehr\u0111aju\u0107eg \u010delika za mariniranje dodatno pove\u0107ava njegovu dugovje\u010dnost. Katalog uklju\u010duje okvire od nehr\u0111aju\u0107eg \u010delika, platnenu nadstre\u0161nicu s integriranim spremnikom, \u010dvrste trake, popre\u010dne grede i sve potrebne komponente, \u0161to \u010dini instalaciju brzim i jednostavnim. Ovaj Bimini kombinira funkcionalnost i performanse, osiguravaju\u0107i udobnu vo\u017enju na vodi pri brzinama do 40 \u010dvorova.<\/p>\n<p style=\"color: rgb(34, 34, 34); font-family: Arial, Helvetica, sans-serif; font-size: small;\"> <strong>Napomena o opremi<\/strong><\/p>\n<p style=\"color: rgb(34, 34, 34); font-family: Arial, Helvetica, sans-serif; font-size: small;\">Komplet 3 Bow Classic Bimini od nehr\u0111aju\u0107eg \u010delika dolazi sa svojom opremom potrebnom za sastavljanje. Me\u0111utim, imajte na umu da bravi ili vijci potrebni za sigurno pri\u010dvr\u0161\u0107ivanje Bimini okvira na va\u0161 \u010damac nisu uklju\u010deni. Trebat \u0107ete prona\u0107i odgovaraju\u0107e pri\u010dvr\u0161\u0107iva\u010de ovisno o materijalu va\u0161eg \u010damca.<\/p>\n<p style=\"color: rgb(34, 34, 34); font-family: Arial, Helvetica, sans-serif; font-size: small;\"> <strong>Prakti\u010dno spremanje za jednostavno povla\u010denje<\/strong><\/p>\n<p style=\"color: rgb(34, 34, 34); font-family: Arial, Helvetica, sans-serif; font-size: small;\">Na\u0161 Bimini od nehr\u0111aju\u0107eg \u010delika s 3 luka osmi\u0161ljen je za jednostavno spremanje. Integrirani spremnik je pametno smje\u0161ten na donjoj strani nadstre\u0161nice, omogu\u0107uju\u0107i jednostavno povla\u010denje bez ostavljanja slobodnog materijala na brodu. Mo\u017eete lako otpustiti traku i polo\u017eiti cijeli Bimini ravno na rub ili ga potpuno ukloniti odvajanjem monta\u017ea za palubu.<\/p>\n<p style=\"color: rgb(34, 34, 34); font-family: Arial, Helvetica, sans-serif; font-size: small;\"> <strong>Jednostavan proces instalacije<\/strong><\/p>\n<p style=\"color: rgb(34, 34, 34); font-family: Arial, Helvetica, sans-serif; font-size: small;\">Postavljanje Bimini od nehr\u0111aju\u0107eg \u010delika s 3 luka je jednostavno, zahvaljuju\u0107i na\u0161em sveobuhvatnom vodi\u010du za instalaciju. Pojednostavili smo proces kako bismo osigurali da ga mo\u017eete brzo postaviti s minimalnim trudom.<\/p>\n<p style=\"color: rgb(34, 34, 34); font-family: Arial, Helvetica, sans-serif; font-size: small;\">Na\u0161 vodi\u010d s korak-po-korak pru\u017ea jasne upute od po\u010detka do kraja, olak\u0161avaju\u0107i posao i iskusnim ljubiteljima \u010damaca i korisnicima prvi put. Od sastavljanja okvira od nehr\u0111aju\u0107eg \u010delika do pri\u010dvr\u0161\u0107ivanja nadstre\u0161nice i osiguravanja opreme, svaki aspekt instalacije dizajniran je da bude jednostavan za korisnike. S na\u0161im jasnim pristupom, va\u0161 Bimini \u0107e biti spreman za upotrebu u najkra\u0107em roku, omogu\u0107uju\u0107i vam da se usredoto\u010dite na u\u017eivanje u vremenu na vodi bez odga\u0111anja.<\/p>\n<p style=\"color: rgb(34, 34, 34); font-family: Arial, Helvetica, sans-serif; font-size: small;\"> <strong>Iznimna izdr\u017eljivost i kvaliteta<\/strong><\/p>\n<ul style=\"color: rgb(34, 34, 34); font-family: Arial, Helvetica, sans-serif; font-size: small;\">\n<li>Bimini s 3 luka s duljinom nadstre\u0161nice od 183 cm (od prednje do stra\u017enje strane) i visinom od 130 cm (mo\u017ee se skratiti na 110 cm ako je potrebno)<\/li>\n<li>Voda-otporan, prozra\u010dan ATLAS materijal za pomorsku uporabu (310 g\/m\u00b2)<\/li>\n<li>UV i otporan na vremenske uvjete s postojano\u0161\u0107u boje ocijenjenom na razinu 6-7<\/li>\n<li>Otporan na plijesan i plijesan<\/li>\n<li>\u00d825mm okvir od 316 nehr\u0111aju\u0107eg \u010delika za snagu i pouzdanost<\/li>\n<li>Nylon trake za vezanje sprijeda i straga (\u010dvrsti stra\u017enji potporni stupovi dostupni zasebno)<\/li>\n<li>Prikladna oprema od morskog kvaliteta<\/li>\n<li>Udobno putovanje na vodi pri brzinama do 40 \u010dvorova<\/li>\n<\/ul>\n","protected":false},"excerpt":{"rendered":"<p>Bimini Eco-Top, nehr\u0111aju\u0107i \u010delik, bijeli, 3 luka, 235 x 245 x H140 cm &#8211; Bimini Eco-Top od nehr\u0111aju\u0107eg \u010delika bijele<\/p>\n","protected":false},"featured_media":5936251,"comment_status":"open","ping_status":"closed","template":"","meta":[],"product_brand":[3186],"product_cat":[1689],"product_tag":[],"class_list":{"0":"post-739329","1":"product","2":"type-product","3":"status-publish","4":"has-post-thumbnail","6":"product_brand-nettuno-hr","7":"product_cat-bimini-tende","9":"first","10":"instock","11":"shipping-taxable","12":"purchasable","13":"product-type-simple"},"_links":{"self":[{"href":"https:\/\/stoic-curie.212-227-153-4.plesk.page\/hr\/wp-json\/wp\/v2\/product\/739329","targetHints":{"allow":["GET"]}}],"collection":[{"href":"https:\/\/stoic-curie.212-227-153-4.plesk.page\/hr\/wp-json\/wp\/v2\/product"}],"about":[{"href":"https:\/\/stoic-curie.212-227-153-4.plesk.page\/hr\/wp-json\/wp\/v2\/types\/product"}],"replies":[{"embeddable":true,"href":"https:\/\/stoic-curie.212-227-153-4.plesk.page\/hr\/wp-json\/wp\/v2\/comments?post=739329"}],"version-history":[{"count":0,"href":"https:\/\/stoic-curie.212-227-153-4.plesk.page\/hr\/wp-json\/wp\/v2\/product\/739329\/revisions"}],"wp:featuredmedia":[{"embeddable":true,"href":"https:\/\/stoic-curie.212-227-153-4.plesk.page\/hr\/wp-json\/wp\/v2\/media\/5936251"}],"wp:attachment":[{"href":"https:\/\/stoic-curie.212-227-153-4.plesk.page\/hr\/wp-json\/wp\/v2\/media?parent=739329"}],"wp:term":[{"taxonomy":"product_brand","embeddable":true,"href":"https:\/\/stoic-curie.212-227-153-4.plesk.page\/hr\/wp-json\/wp\/v2\/product_brand?post=739329"},{"taxonomy":"product_cat","embeddable":true,"href":"https:\/\/stoic-curie.212-227-153-4.plesk.page\/hr\/wp-json\/wp\/v2\/product_cat?post=739329"},{"taxonomy":"product_tag","embeddable":true,"href":"https:\/\/stoic-curie.212-227-153-4.plesk.page\/hr\/wp-json\/wp\/v2\/product_tag?post=739329"}],"curies":[{"name":"wp","href":"https:\/\/api.w.org\/{rel}","templated":true}]}}