{"id":739331,"date":"2025-03-03T18:03:25","date_gmt":"2025-03-03T17:03:25","guid":{"rendered":"https:\/\/stoic-curie.212-227-153-4.plesk.page\/producto\/prigusivac-ispuha-za-dizel-motore-75-90-mm-33-lt\/"},"modified":"2026-02-25T00:00:33","modified_gmt":"2026-02-25T00:00:33","slug":"prigusivac-ispuha-za-dizel-motore-75-90-mm-33-lt","status":"publish","type":"product","link":"https:\/\/stoic-curie.212-227-153-4.plesk.page\/hr\/product\/prigusivac-ispuha-za-dizel-motore-75-90-mm-33-lt\/","title":{"rendered":"Prigu\u0161ivac ispuha za dizel motore 75-90 mm (33 Lt)"},"content":{"rendered":"<p>Prigu\u0161ivac ispuha za dizel motore 75-90 mm (33 Lt) &#8211; <\/p>\n<p>Prigu\u0161ni lonac za dizelske brodske motore. Koristi se za spre\u010davanje povratka vode kroz ispu\u0161ni sustav prema motoru kada je isklju\u010den. Kapacitet: 33 l.<\/p>\n","protected":false},"excerpt":{"rendered":"<p>Prigu\u0161ivac ispuha za dizel motore 75-90 mm (33 Lt) &#8211; Prigu\u0161ni lonac za dizelske brodske motore. Koristi se za spre\u010davanje<\/p>\n","protected":false},"featured_media":5936259,"comment_status":"open","ping_status":"closed","template":"","meta":[],"product_brand":[2856],"product_cat":[1794],"product_tag":[],"class_list":{"0":"post-739331","1":"product","2":"type-product","3":"status-publish","4":"has-post-thumbnail","6":"product_brand-can-marine-hr","7":"product_cat-ispusne-vode-i-prigusivaci","9":"first","10":"instock","11":"shipping-taxable","12":"purchasable","13":"product-type-simple"},"_links":{"self":[{"href":"https:\/\/stoic-curie.212-227-153-4.plesk.page\/hr\/wp-json\/wp\/v2\/product\/739331","targetHints":{"allow":["GET"]}}],"collection":[{"href":"https:\/\/stoic-curie.212-227-153-4.plesk.page\/hr\/wp-json\/wp\/v2\/product"}],"about":[{"href":"https:\/\/stoic-curie.212-227-153-4.plesk.page\/hr\/wp-json\/wp\/v2\/types\/product"}],"replies":[{"embeddable":true,"href":"https:\/\/stoic-curie.212-227-153-4.plesk.page\/hr\/wp-json\/wp\/v2\/comments?post=739331"}],"version-history":[{"count":0,"href":"https:\/\/stoic-curie.212-227-153-4.plesk.page\/hr\/wp-json\/wp\/v2\/product\/739331\/revisions"}],"wp:featuredmedia":[{"embeddable":true,"href":"https:\/\/stoic-curie.212-227-153-4.plesk.page\/hr\/wp-json\/wp\/v2\/media\/5936259"}],"wp:attachment":[{"href":"https:\/\/stoic-curie.212-227-153-4.plesk.page\/hr\/wp-json\/wp\/v2\/media?parent=739331"}],"wp:term":[{"taxonomy":"product_brand","embeddable":true,"href":"https:\/\/stoic-curie.212-227-153-4.plesk.page\/hr\/wp-json\/wp\/v2\/product_brand?post=739331"},{"taxonomy":"product_cat","embeddable":true,"href":"https:\/\/stoic-curie.212-227-153-4.plesk.page\/hr\/wp-json\/wp\/v2\/product_cat?post=739331"},{"taxonomy":"product_tag","embeddable":true,"href":"https:\/\/stoic-curie.212-227-153-4.plesk.page\/hr\/wp-json\/wp\/v2\/product_tag?post=739331"}],"curies":[{"name":"wp","href":"https:\/\/api.w.org\/{rel}","templated":true}]}}