{"id":739351,"date":"2025-03-03T18:03:31","date_gmt":"2025-03-03T17:03:31","guid":{"rendered":"https:\/\/stoic-curie.212-227-153-4.plesk.page\/producto\/ispusni-lonac-vetus-lsg-90\/"},"modified":"2026-02-25T00:00:33","modified_gmt":"2026-02-25T00:00:33","slug":"ispusni-lonac-vetus-lsg-90","status":"publish","type":"product","link":"https:\/\/stoic-curie.212-227-153-4.plesk.page\/hr\/product\/ispusni-lonac-vetus-lsg-90\/","title":{"rendered":"Ispu\u0161ni lonac Vetus LSG 90"},"content":{"rendered":"<p>Ispu\u0161ni lonac Vetus LSG 90 &#8211; <\/p>\n<p>Ekstra velika vodena brava za \u010damce koji plove u nemirnim vodama. Kapacitet od 17 litara bez povratnog ventila i rotiraju\u0107ih priklju\u010daka za laku instalaciju. Sprje\u010dava povratak vode niz ispu\u0161ni sustav do motora kada je isklju\u010den.<\/p>\n","protected":false},"excerpt":{"rendered":"<p>Ispu\u0161ni lonac Vetus LSG 90 &#8211; Ekstra velika vodena brava za \u010damce koji plove u nemirnim vodama. Kapacitet od 17<\/p>\n","protected":false},"featured_media":5936274,"comment_status":"open","ping_status":"closed","template":"","meta":[],"product_brand":[3521],"product_cat":[1794],"product_tag":[],"class_list":{"0":"post-739351","1":"product","2":"type-product","3":"status-publish","4":"has-post-thumbnail","6":"product_brand-vetus-hr","7":"product_cat-ispusne-vode-i-prigusivaci","9":"first","10":"instock","11":"shipping-taxable","12":"purchasable","13":"product-type-simple"},"_links":{"self":[{"href":"https:\/\/stoic-curie.212-227-153-4.plesk.page\/hr\/wp-json\/wp\/v2\/product\/739351","targetHints":{"allow":["GET"]}}],"collection":[{"href":"https:\/\/stoic-curie.212-227-153-4.plesk.page\/hr\/wp-json\/wp\/v2\/product"}],"about":[{"href":"https:\/\/stoic-curie.212-227-153-4.plesk.page\/hr\/wp-json\/wp\/v2\/types\/product"}],"replies":[{"embeddable":true,"href":"https:\/\/stoic-curie.212-227-153-4.plesk.page\/hr\/wp-json\/wp\/v2\/comments?post=739351"}],"version-history":[{"count":0,"href":"https:\/\/stoic-curie.212-227-153-4.plesk.page\/hr\/wp-json\/wp\/v2\/product\/739351\/revisions"}],"wp:featuredmedia":[{"embeddable":true,"href":"https:\/\/stoic-curie.212-227-153-4.plesk.page\/hr\/wp-json\/wp\/v2\/media\/5936274"}],"wp:attachment":[{"href":"https:\/\/stoic-curie.212-227-153-4.plesk.page\/hr\/wp-json\/wp\/v2\/media?parent=739351"}],"wp:term":[{"taxonomy":"product_brand","embeddable":true,"href":"https:\/\/stoic-curie.212-227-153-4.plesk.page\/hr\/wp-json\/wp\/v2\/product_brand?post=739351"},{"taxonomy":"product_cat","embeddable":true,"href":"https:\/\/stoic-curie.212-227-153-4.plesk.page\/hr\/wp-json\/wp\/v2\/product_cat?post=739351"},{"taxonomy":"product_tag","embeddable":true,"href":"https:\/\/stoic-curie.212-227-153-4.plesk.page\/hr\/wp-json\/wp\/v2\/product_tag?post=739351"}],"curies":[{"name":"wp","href":"https:\/\/api.w.org\/{rel}","templated":true}]}}