{"id":739354,"date":"2025-03-03T18:03:31","date_gmt":"2025-03-03T17:03:31","guid":{"rendered":"https:\/\/stoic-curie.212-227-153-4.plesk.page\/producto\/prigusivac-ispuha-vetus-nlp-50-mm\/"},"modified":"2026-02-25T00:00:33","modified_gmt":"2026-02-25T00:00:33","slug":"prigusivac-ispuha-vetus-nlp-50-mm","status":"publish","type":"product","link":"https:\/\/stoic-curie.212-227-153-4.plesk.page\/hr\/product\/prigusivac-ispuha-vetus-nlp-50-mm\/","title":{"rendered":"Prigu\u0161ivac ispuha Vetus NLP 50 mm"},"content":{"rendered":"<p>Prigu\u0161ivac ispuha Vetus NLP 50 mm &#8211; <\/p>\n<p>Oja\u010dani plasti\u010dni vodolov s rotiraju\u0107im fitinzima. Kompaktno, mo\u017ee se montirati na uskim mjestima. Treba ga instalirati na sustave ispuha hla\u0111ene vodom. Kapacitet: Prigu\u0161iva\u010di H 254 mm = 4,5 Lt. Prigu\u0161iva\u010di H 362 mm = 10 Lt.<\/p>\n","protected":false},"excerpt":{"rendered":"<p>Prigu\u0161ivac ispuha Vetus NLP 50 mm &#8211; Oja\u010dani plasti\u010dni vodolov s rotiraju\u0107im fitinzima. Kompaktno, mo\u017ee se montirati na uskim mjestima.<\/p>\n","protected":false},"featured_media":5936278,"comment_status":"open","ping_status":"closed","template":"","meta":[],"product_brand":[3521],"product_cat":[1794],"product_tag":[],"class_list":{"0":"post-739354","1":"product","2":"type-product","3":"status-publish","4":"has-post-thumbnail","6":"product_brand-vetus-hr","7":"product_cat-ispusne-vode-i-prigusivaci","9":"first","10":"instock","11":"shipping-taxable","12":"purchasable","13":"product-type-simple"},"_links":{"self":[{"href":"https:\/\/stoic-curie.212-227-153-4.plesk.page\/hr\/wp-json\/wp\/v2\/product\/739354","targetHints":{"allow":["GET"]}}],"collection":[{"href":"https:\/\/stoic-curie.212-227-153-4.plesk.page\/hr\/wp-json\/wp\/v2\/product"}],"about":[{"href":"https:\/\/stoic-curie.212-227-153-4.plesk.page\/hr\/wp-json\/wp\/v2\/types\/product"}],"replies":[{"embeddable":true,"href":"https:\/\/stoic-curie.212-227-153-4.plesk.page\/hr\/wp-json\/wp\/v2\/comments?post=739354"}],"version-history":[{"count":0,"href":"https:\/\/stoic-curie.212-227-153-4.plesk.page\/hr\/wp-json\/wp\/v2\/product\/739354\/revisions"}],"wp:featuredmedia":[{"embeddable":true,"href":"https:\/\/stoic-curie.212-227-153-4.plesk.page\/hr\/wp-json\/wp\/v2\/media\/5936278"}],"wp:attachment":[{"href":"https:\/\/stoic-curie.212-227-153-4.plesk.page\/hr\/wp-json\/wp\/v2\/media?parent=739354"}],"wp:term":[{"taxonomy":"product_brand","embeddable":true,"href":"https:\/\/stoic-curie.212-227-153-4.plesk.page\/hr\/wp-json\/wp\/v2\/product_brand?post=739354"},{"taxonomy":"product_cat","embeddable":true,"href":"https:\/\/stoic-curie.212-227-153-4.plesk.page\/hr\/wp-json\/wp\/v2\/product_cat?post=739354"},{"taxonomy":"product_tag","embeddable":true,"href":"https:\/\/stoic-curie.212-227-153-4.plesk.page\/hr\/wp-json\/wp\/v2\/product_tag?post=739354"}],"curies":[{"name":"wp","href":"https:\/\/api.w.org\/{rel}","templated":true}]}}