{"id":739356,"date":"2025-03-03T18:03:32","date_gmt":"2025-03-03T17:03:32","guid":{"rendered":"https:\/\/stoic-curie.212-227-153-4.plesk.page\/producto\/antisifon-vetus-h-tip-s-crijevom-13-19-25-32\/"},"modified":"2026-02-25T00:00:33","modified_gmt":"2026-02-25T00:00:33","slug":"antisifon-vetus-h-tip-s-crijevom-13-19-25-32","status":"publish","type":"product","link":"https:\/\/stoic-curie.212-227-153-4.plesk.page\/hr\/product\/antisifon-vetus-h-tip-s-crijevom-13-19-25-32\/","title":{"rendered":"Antisifon Vetus H tip s crijevom 13\/19\/25\/32"},"content":{"rendered":"<p>Antisifon Vetus H tip s crijevom 13\/19\/25\/32 &#8211; <\/p>\n<p>Anti-siphon zra\u010dne ventilacije za ispu\u0161ne sustave ispod razine vode. Ako je to\u010dka gdje se rashladna voda ubrizgava u ispu\u0161ni sustav manja od 15 cm iznad razine vode, mo\u017ee do\u0107i do ulaska rashladne vode u ispu\u0161ni sustav, a zatim i u motor kada je motor isklju\u010den. Ovaj rizik mo\u017ee se smanjiti ugradnjom anti-siphona najmanje 40 cm iznad razine vode.<\/p>\n","protected":false},"excerpt":{"rendered":"<p>Antisifon Vetus H tip s crijevom 13\/19\/25\/32 &#8211; Anti-siphon zra\u010dne ventilacije za ispu\u0161ne sustave ispod razine vode. Ako je to\u010dka<\/p>\n","protected":false},"featured_media":5936282,"comment_status":"open","ping_status":"closed","template":"","meta":[],"product_brand":[3521],"product_cat":[1661,1794],"product_tag":[],"class_list":{"0":"post-739356","1":"product","2":"type-product","3":"status-publish","4":"has-post-thumbnail","6":"product_brand-vetus-hr","7":"product_cat-elementi-brodskog-vovovoda-plastika","8":"product_cat-ispusne-vode-i-prigusivaci","10":"first","11":"instock","12":"shipping-taxable","13":"purchasable","14":"product-type-simple"},"_links":{"self":[{"href":"https:\/\/stoic-curie.212-227-153-4.plesk.page\/hr\/wp-json\/wp\/v2\/product\/739356","targetHints":{"allow":["GET"]}}],"collection":[{"href":"https:\/\/stoic-curie.212-227-153-4.plesk.page\/hr\/wp-json\/wp\/v2\/product"}],"about":[{"href":"https:\/\/stoic-curie.212-227-153-4.plesk.page\/hr\/wp-json\/wp\/v2\/types\/product"}],"replies":[{"embeddable":true,"href":"https:\/\/stoic-curie.212-227-153-4.plesk.page\/hr\/wp-json\/wp\/v2\/comments?post=739356"}],"version-history":[{"count":0,"href":"https:\/\/stoic-curie.212-227-153-4.plesk.page\/hr\/wp-json\/wp\/v2\/product\/739356\/revisions"}],"wp:featuredmedia":[{"embeddable":true,"href":"https:\/\/stoic-curie.212-227-153-4.plesk.page\/hr\/wp-json\/wp\/v2\/media\/5936282"}],"wp:attachment":[{"href":"https:\/\/stoic-curie.212-227-153-4.plesk.page\/hr\/wp-json\/wp\/v2\/media?parent=739356"}],"wp:term":[{"taxonomy":"product_brand","embeddable":true,"href":"https:\/\/stoic-curie.212-227-153-4.plesk.page\/hr\/wp-json\/wp\/v2\/product_brand?post=739356"},{"taxonomy":"product_cat","embeddable":true,"href":"https:\/\/stoic-curie.212-227-153-4.plesk.page\/hr\/wp-json\/wp\/v2\/product_cat?post=739356"},{"taxonomy":"product_tag","embeddable":true,"href":"https:\/\/stoic-curie.212-227-153-4.plesk.page\/hr\/wp-json\/wp\/v2\/product_tag?post=739356"}],"curies":[{"name":"wp","href":"https:\/\/api.w.org\/{rel}","templated":true}]}}