{"id":739370,"date":"2025-03-03T18:03:35","date_gmt":"2025-03-03T17:03:35","guid":{"rendered":"https:\/\/stoic-curie.212-227-153-4.plesk.page\/producto\/elasticna-brtva-vratila-60-x-78-mm\/"},"modified":"2026-02-25T00:00:33","modified_gmt":"2026-02-25T00:00:33","slug":"elasticna-brtva-vratila-60-x-78-mm","status":"publish","type":"product","link":"https:\/\/stoic-curie.212-227-153-4.plesk.page\/hr\/product\/elasticna-brtva-vratila-60-x-78-mm\/","title":{"rendered":"Elasticna brtva vratila 60 x 78 mm"},"content":{"rendered":"<p>Elasticna brtva vratila 60 x 78 mm &#8211; <\/p>\n<p style=\"color: rgb(34, 34, 34); font-family: Arial, Helvetica, sans-serif; font-size: small;\">Ova brtva bron\u010dane propelerske osovine dizajnirana je s dvostrukom usnom i uklju\u010duje prednju komoru za brtvljenje ispunjenu silikonskom ma\u0161\u0107u. Dostupna je u raznim veli\u010dinama osovina, uklju\u010duju\u0107i 25mm, 30mm, 35mm, 40mm, 45mm, 50mm i 60mm. Ova oblikovana gumena kutija za pakiranje osigurava izvrsnu lubrikaciju i brtvene sposobnosti. Njen kompaktni dizajn olak\u0161ava instalaciju, \u0161tede\u0107i vam dragocjeno vrijeme. Odr\u017eavanje je jednostavno; dovoljno je nanositi mast na brtvu svaka 200 sati ili jednom godi\u0161nje.<\/p>\n<p style=\"color: rgb(34, 34, 34); font-family: Arial, Helvetica, sans-serif; font-size: small;\">Skup tako\u0111er uklju\u010duje crijevo za povezivanje s izvorom vode za lubrikaciju.&nbsp;<\/p>\n","protected":false},"excerpt":{"rendered":"<p>Elasticna brtva vratila 60 x 78 mm &#8211; Ova brtva bron\u010dane propelerske osovine dizajnirana je s dvostrukom usnom i uklju\u010duje<\/p>\n","protected":false},"featured_media":5936293,"comment_status":"open","ping_status":"closed","template":"","meta":[],"product_brand":[2916],"product_cat":[1808],"product_tag":[],"class_list":{"0":"post-739370","1":"product","2":"type-product","3":"status-publish","4":"has-post-thumbnail","6":"product_brand-eliche-radice-hr","7":"product_cat-brtve-osovine-propelera","9":"first","10":"outofstock","11":"shipping-taxable","12":"purchasable","13":"product-type-simple"},"_links":{"self":[{"href":"https:\/\/stoic-curie.212-227-153-4.plesk.page\/hr\/wp-json\/wp\/v2\/product\/739370","targetHints":{"allow":["GET"]}}],"collection":[{"href":"https:\/\/stoic-curie.212-227-153-4.plesk.page\/hr\/wp-json\/wp\/v2\/product"}],"about":[{"href":"https:\/\/stoic-curie.212-227-153-4.plesk.page\/hr\/wp-json\/wp\/v2\/types\/product"}],"replies":[{"embeddable":true,"href":"https:\/\/stoic-curie.212-227-153-4.plesk.page\/hr\/wp-json\/wp\/v2\/comments?post=739370"}],"version-history":[{"count":0,"href":"https:\/\/stoic-curie.212-227-153-4.plesk.page\/hr\/wp-json\/wp\/v2\/product\/739370\/revisions"}],"wp:featuredmedia":[{"embeddable":true,"href":"https:\/\/stoic-curie.212-227-153-4.plesk.page\/hr\/wp-json\/wp\/v2\/media\/5936293"}],"wp:attachment":[{"href":"https:\/\/stoic-curie.212-227-153-4.plesk.page\/hr\/wp-json\/wp\/v2\/media?parent=739370"}],"wp:term":[{"taxonomy":"product_brand","embeddable":true,"href":"https:\/\/stoic-curie.212-227-153-4.plesk.page\/hr\/wp-json\/wp\/v2\/product_brand?post=739370"},{"taxonomy":"product_cat","embeddable":true,"href":"https:\/\/stoic-curie.212-227-153-4.plesk.page\/hr\/wp-json\/wp\/v2\/product_cat?post=739370"},{"taxonomy":"product_tag","embeddable":true,"href":"https:\/\/stoic-curie.212-227-153-4.plesk.page\/hr\/wp-json\/wp\/v2\/product_tag?post=739370"}],"curies":[{"name":"wp","href":"https:\/\/api.w.org\/{rel}","templated":true}]}}