{"id":739386,"date":"2025-03-03T18:03:39","date_gmt":"2025-03-03T17:03:39","guid":{"rendered":"https:\/\/stoic-curie.212-227-153-4.plesk.page\/producto\/produzetak-za-argolu-sprenger-60-cm\/"},"modified":"2026-02-25T00:00:33","modified_gmt":"2026-02-25T00:00:33","slug":"produzetak-za-argolu-sprenger-60-cm","status":"publish","type":"product","link":"https:\/\/stoic-curie.212-227-153-4.plesk.page\/hr\/product\/produzetak-za-argolu-sprenger-60-cm\/","title":{"rendered":"Produ\u017eetak za argolu Sprenger 60 cm"},"content":{"rendered":"<p>Produ\u017eetak za argolu Sprenger 60 cm &#8211; <\/p>\n<p>Superlagano fiksno produ\u017eetak upravlja\u010da s elasti\u010dnom spojkom.<\/p>\n","protected":false},"excerpt":{"rendered":"<p>Produ\u017eetak za argolu Sprenger 60 cm &#8211; Superlagano fiksno produ\u017eetak upravlja\u010da s elasti\u010dnom spojkom.<\/p>\n","protected":false},"featured_media":5936393,"comment_status":"open","ping_status":"closed","template":"","meta":[],"product_brand":[3431],"product_cat":[1761],"product_tag":[],"class_list":{"0":"post-739386","1":"product","2":"type-product","3":"status-publish","4":"has-post-thumbnail","6":"product_brand-sprenger-hs-hr","7":"product_cat-ekstenzije-kormila-jedrilice","9":"first","10":"outofstock","11":"shipping-taxable","12":"purchasable","13":"product-type-simple"},"_links":{"self":[{"href":"https:\/\/stoic-curie.212-227-153-4.plesk.page\/hr\/wp-json\/wp\/v2\/product\/739386","targetHints":{"allow":["GET"]}}],"collection":[{"href":"https:\/\/stoic-curie.212-227-153-4.plesk.page\/hr\/wp-json\/wp\/v2\/product"}],"about":[{"href":"https:\/\/stoic-curie.212-227-153-4.plesk.page\/hr\/wp-json\/wp\/v2\/types\/product"}],"replies":[{"embeddable":true,"href":"https:\/\/stoic-curie.212-227-153-4.plesk.page\/hr\/wp-json\/wp\/v2\/comments?post=739386"}],"version-history":[{"count":0,"href":"https:\/\/stoic-curie.212-227-153-4.plesk.page\/hr\/wp-json\/wp\/v2\/product\/739386\/revisions"}],"wp:featuredmedia":[{"embeddable":true,"href":"https:\/\/stoic-curie.212-227-153-4.plesk.page\/hr\/wp-json\/wp\/v2\/media\/5936393"}],"wp:attachment":[{"href":"https:\/\/stoic-curie.212-227-153-4.plesk.page\/hr\/wp-json\/wp\/v2\/media?parent=739386"}],"wp:term":[{"taxonomy":"product_brand","embeddable":true,"href":"https:\/\/stoic-curie.212-227-153-4.plesk.page\/hr\/wp-json\/wp\/v2\/product_brand?post=739386"},{"taxonomy":"product_cat","embeddable":true,"href":"https:\/\/stoic-curie.212-227-153-4.plesk.page\/hr\/wp-json\/wp\/v2\/product_cat?post=739386"},{"taxonomy":"product_tag","embeddable":true,"href":"https:\/\/stoic-curie.212-227-153-4.plesk.page\/hr\/wp-json\/wp\/v2\/product_tag?post=739386"}],"curies":[{"name":"wp","href":"https:\/\/api.w.org\/{rel}","templated":true}]}}