{"id":739400,"date":"2025-03-03T18:03:42","date_gmt":"2025-03-03T17:03:42","guid":{"rendered":"https:\/\/stoic-curie.212-227-153-4.plesk.page\/producto\/dvostruki-nepovratni-ventil-vetus-za-mtc52-i-mtc175\/"},"modified":"2026-02-25T00:00:33","modified_gmt":"2026-02-25T00:00:33","slug":"dvostruki-nepovratni-ventil-vetus-za-mtc52-i-mtc175","status":"publish","type":"product","link":"https:\/\/stoic-curie.212-227-153-4.plesk.page\/hr\/product\/dvostruki-nepovratni-ventil-vetus-za-mtc52-i-mtc175\/","title":{"rendered":"Dvostruki nepovratni ventil Vetus za MTC52 i MTC175"},"content":{"rendered":"<p>Dvostruki nepovratni ventil Vetus za MTC52 i MTC175 &#8211; <\/p>\n<p>Rezervni dijelovi i dodaci za Vetus hidrauli\u010dke sustave upravljanja. Ne povratne ventile se tako\u0111er koriste za dvostrane sustave. Uvu\u010dene flan\u0161e su od nehr\u0111aju\u0107eg \u010delika i odgovaraju starim Vetus pumpama. By-Pass ventil je montiran na hidrauli\u010dkom sustavu za pristup upravlja\u010du.<\/p>\n","protected":false},"excerpt":{"rendered":"<p>Dvostruki nepovratni ventil Vetus za MTC52 i MTC175 &#8211; Rezervni dijelovi i dodaci za Vetus hidrauli\u010dke sustave upravljanja. Ne povratne<\/p>\n","protected":false},"featured_media":5936403,"comment_status":"open","ping_status":"closed","template":"","meta":[],"product_brand":[3521],"product_cat":[1823],"product_tag":[],"class_list":{"0":"post-739400","1":"product","2":"type-product","3":"status-publish","4":"has-post-thumbnail","6":"product_brand-vetus-hr","7":"product_cat-hidraulicno-kormilarenje","9":"first","10":"instock","11":"shipping-taxable","12":"purchasable","13":"product-type-simple"},"_links":{"self":[{"href":"https:\/\/stoic-curie.212-227-153-4.plesk.page\/hr\/wp-json\/wp\/v2\/product\/739400","targetHints":{"allow":["GET"]}}],"collection":[{"href":"https:\/\/stoic-curie.212-227-153-4.plesk.page\/hr\/wp-json\/wp\/v2\/product"}],"about":[{"href":"https:\/\/stoic-curie.212-227-153-4.plesk.page\/hr\/wp-json\/wp\/v2\/types\/product"}],"replies":[{"embeddable":true,"href":"https:\/\/stoic-curie.212-227-153-4.plesk.page\/hr\/wp-json\/wp\/v2\/comments?post=739400"}],"version-history":[{"count":0,"href":"https:\/\/stoic-curie.212-227-153-4.plesk.page\/hr\/wp-json\/wp\/v2\/product\/739400\/revisions"}],"wp:featuredmedia":[{"embeddable":true,"href":"https:\/\/stoic-curie.212-227-153-4.plesk.page\/hr\/wp-json\/wp\/v2\/media\/5936403"}],"wp:attachment":[{"href":"https:\/\/stoic-curie.212-227-153-4.plesk.page\/hr\/wp-json\/wp\/v2\/media?parent=739400"}],"wp:term":[{"taxonomy":"product_brand","embeddable":true,"href":"https:\/\/stoic-curie.212-227-153-4.plesk.page\/hr\/wp-json\/wp\/v2\/product_brand?post=739400"},{"taxonomy":"product_cat","embeddable":true,"href":"https:\/\/stoic-curie.212-227-153-4.plesk.page\/hr\/wp-json\/wp\/v2\/product_cat?post=739400"},{"taxonomy":"product_tag","embeddable":true,"href":"https:\/\/stoic-curie.212-227-153-4.plesk.page\/hr\/wp-json\/wp\/v2\/product_tag?post=739400"}],"curies":[{"name":"wp","href":"https:\/\/api.w.org\/{rel}","templated":true}]}}