{"id":739401,"date":"2025-03-03T18:03:42","date_gmt":"2025-03-03T17:03:42","guid":{"rendered":"https:\/\/stoic-curie.212-227-153-4.plesk.page\/producto\/univerzalna-kontrola-sa-dvije-poluge-za-gas-ili-mjenjac-kromirani-mjed\/"},"modified":"2026-02-25T00:00:33","modified_gmt":"2026-02-25T00:00:33","slug":"univerzalna-kontrola-sa-dvije-poluge-za-gas-ili-mjenjac-kromirani-mjed","status":"publish","type":"product","link":"https:\/\/stoic-curie.212-227-153-4.plesk.page\/hr\/product\/univerzalna-kontrola-sa-dvije-poluge-za-gas-ili-mjenjac-kromirani-mjed\/","title":{"rendered":"Univerzalna kontrola sa dvije poluge za gas ili mjenja\u010d, kromirani mjed"},"content":{"rendered":"<p>Univerzalna kontrola sa dvije poluge za gas ili mjenja\u010d, kromirani mjed &#8211; <\/p>\n<p>Kromirani mesingani bo\u010dno montirani jednofunkcijski dvostruki prekida\u010d za kontrolu gasa i brzine. Koristi C2 \/ C8 \/ C33 \/ MACHZero kabele. Ukupna visina 270 mm, dubina ugradnje 50 mm.<\/p>\n","protected":false},"excerpt":{"rendered":"<p>Univerzalna kontrola sa dvije poluge za gas ili mjenja\u010d, kromirani mjed &#8211; Kromirani mesingani bo\u010dno montirani jednofunkcijski dvostruki prekida\u010d za<\/p>\n","protected":false},"featured_media":5936406,"comment_status":"open","ping_status":"closed","template":"","meta":[],"product_brand":[3501],"product_cat":[1791],"product_tag":[],"class_list":{"0":"post-739401","1":"product","2":"type-product","3":"status-publish","4":"has-post-thumbnail","6":"product_brand-ultraflex-uflex-hr","7":"product_cat-morse-poluge-gasa","9":"first","10":"instock","11":"shipping-taxable","12":"purchasable","13":"product-type-simple"},"_links":{"self":[{"href":"https:\/\/stoic-curie.212-227-153-4.plesk.page\/hr\/wp-json\/wp\/v2\/product\/739401","targetHints":{"allow":["GET"]}}],"collection":[{"href":"https:\/\/stoic-curie.212-227-153-4.plesk.page\/hr\/wp-json\/wp\/v2\/product"}],"about":[{"href":"https:\/\/stoic-curie.212-227-153-4.plesk.page\/hr\/wp-json\/wp\/v2\/types\/product"}],"replies":[{"embeddable":true,"href":"https:\/\/stoic-curie.212-227-153-4.plesk.page\/hr\/wp-json\/wp\/v2\/comments?post=739401"}],"version-history":[{"count":0,"href":"https:\/\/stoic-curie.212-227-153-4.plesk.page\/hr\/wp-json\/wp\/v2\/product\/739401\/revisions"}],"wp:featuredmedia":[{"embeddable":true,"href":"https:\/\/stoic-curie.212-227-153-4.plesk.page\/hr\/wp-json\/wp\/v2\/media\/5936406"}],"wp:attachment":[{"href":"https:\/\/stoic-curie.212-227-153-4.plesk.page\/hr\/wp-json\/wp\/v2\/media?parent=739401"}],"wp:term":[{"taxonomy":"product_brand","embeddable":true,"href":"https:\/\/stoic-curie.212-227-153-4.plesk.page\/hr\/wp-json\/wp\/v2\/product_brand?post=739401"},{"taxonomy":"product_cat","embeddable":true,"href":"https:\/\/stoic-curie.212-227-153-4.plesk.page\/hr\/wp-json\/wp\/v2\/product_cat?post=739401"},{"taxonomy":"product_tag","embeddable":true,"href":"https:\/\/stoic-curie.212-227-153-4.plesk.page\/hr\/wp-json\/wp\/v2\/product_tag?post=739401"}],"curies":[{"name":"wp","href":"https:\/\/api.w.org\/{rel}","templated":true}]}}