{"id":739402,"date":"2025-03-03T18:03:42","date_gmt":"2025-03-03T17:03:42","guid":{"rendered":"https:\/\/stoic-curie.212-227-153-4.plesk.page\/producto\/morse-rucica-teleflex-700ss\/"},"modified":"2026-02-25T00:00:33","modified_gmt":"2026-02-25T00:00:33","slug":"morse-rucica-teleflex-700ss","status":"publish","type":"product","link":"https:\/\/stoic-curie.212-227-153-4.plesk.page\/hr\/product\/morse-rucica-teleflex-700ss\/","title":{"rendered":"Morse ru\u010dica Teleflex 700SS"},"content":{"rendered":"<p>Morse ru\u010dica Teleflex 700SS &#8211; <\/p>\n<p>Kontrola s jednim okida\u010dem u bo\u010dnom montiranju za dvostruko djelovanje za kontrolu gasa i promjenu za unutarnje motore. Standardno opremljeno na Volvo i Vetus motorima. Koristi C2 \/ C8 \/ C33 \/ MACHZero kontrolne kabele.<\/p>\n","protected":false},"excerpt":{"rendered":"<p>Morse ru\u010dica Teleflex 700SS &#8211; Kontrola s jednim okida\u010dem u bo\u010dnom montiranju za dvostruko djelovanje za kontrolu gasa i promjenu<\/p>\n","protected":false},"featured_media":5936407,"comment_status":"open","ping_status":"closed","template":"","meta":[],"product_brand":[3361],"product_cat":[1791],"product_tag":[],"class_list":{"0":"post-739402","1":"product","2":"type-product","3":"status-publish","4":"has-post-thumbnail","6":"product_brand-seastar-teleflex-hr","7":"product_cat-morse-poluge-gasa","9":"first","10":"instock","11":"shipping-taxable","12":"purchasable","13":"product-type-simple"},"_links":{"self":[{"href":"https:\/\/stoic-curie.212-227-153-4.plesk.page\/hr\/wp-json\/wp\/v2\/product\/739402","targetHints":{"allow":["GET"]}}],"collection":[{"href":"https:\/\/stoic-curie.212-227-153-4.plesk.page\/hr\/wp-json\/wp\/v2\/product"}],"about":[{"href":"https:\/\/stoic-curie.212-227-153-4.plesk.page\/hr\/wp-json\/wp\/v2\/types\/product"}],"replies":[{"embeddable":true,"href":"https:\/\/stoic-curie.212-227-153-4.plesk.page\/hr\/wp-json\/wp\/v2\/comments?post=739402"}],"version-history":[{"count":0,"href":"https:\/\/stoic-curie.212-227-153-4.plesk.page\/hr\/wp-json\/wp\/v2\/product\/739402\/revisions"}],"wp:featuredmedia":[{"embeddable":true,"href":"https:\/\/stoic-curie.212-227-153-4.plesk.page\/hr\/wp-json\/wp\/v2\/media\/5936407"}],"wp:attachment":[{"href":"https:\/\/stoic-curie.212-227-153-4.plesk.page\/hr\/wp-json\/wp\/v2\/media?parent=739402"}],"wp:term":[{"taxonomy":"product_brand","embeddable":true,"href":"https:\/\/stoic-curie.212-227-153-4.plesk.page\/hr\/wp-json\/wp\/v2\/product_brand?post=739402"},{"taxonomy":"product_cat","embeddable":true,"href":"https:\/\/stoic-curie.212-227-153-4.plesk.page\/hr\/wp-json\/wp\/v2\/product_cat?post=739402"},{"taxonomy":"product_tag","embeddable":true,"href":"https:\/\/stoic-curie.212-227-153-4.plesk.page\/hr\/wp-json\/wp\/v2\/product_tag?post=739402"}],"curies":[{"name":"wp","href":"https:\/\/api.w.org\/{rel}","templated":true}]}}