{"id":739403,"date":"2025-03-03T18:03:42","date_gmt":"2025-03-03T17:03:42","guid":{"rendered":"https:\/\/stoic-curie.212-227-153-4.plesk.page\/producto\/pramcani-potisnik-vetus-35-kgf-12v\/"},"modified":"2026-02-25T00:00:33","modified_gmt":"2026-02-25T00:00:33","slug":"pramcani-potisnik-vetus-35-kgf-12v","status":"publish","type":"product","link":"https:\/\/stoic-curie.212-227-153-4.plesk.page\/hr\/product\/pramcani-potisnik-vetus-35-kgf-12v\/","title":{"rendered":"Pram\u010dani potisnik Vetus 35 Kgf 12v"},"content":{"rendered":"<p>Pram\u010dani potisnik Vetus 35 Kgf 12v &#8211; <\/p>\n<p>Vetus BOW3512E 35Kgf potisni propeler namijenjen je jahtama i motornih \u010damcima do 10 metara (33 stope) du\u017eine. Izra\u0111en je od visokokvalitetnih materijala, osiguravaju\u0107i sna\u017ene performanse i dug \u017eivotni vijek.<\/p>\n<p> Ova 35Kgf jedinica se izdvaja kao jedan od rijetkih potisnika u svojoj klasi sa tunelom promjera 150 mm, \u0161to olak\u0161ava ugradnju u odnosu na konkurenciju koja koristi standardne jedinice od 185 mm.<\/p>\n<p>Klju\u010dne zna\u010dajke Vetus potisnika uklju\u010duju:<\/p>\n<ul>\n<li>Fleksibilna spojka izme\u0111u stra\u017enje stijenke i motora koja smanjuje vibracije.<\/li>\n<li>Energijski u\u010dinkoviti motor za bolje performanse.<\/li>\n<li>Jednostavan proces ugradnje.<\/li>\n<li>Jedna propelerska lopatica koja minimizira ometanje protoka u tunelu.<\/li>\n<li>Jedinstveni dizajn propelerske lopatice koji smanjuje buku od kavitacije.<\/li>\n<li>\u010cvrsta sinteti\u010dka propelerska lopatica otporna na koroziju i lagana.<\/li>\n<li>Spiralni zup\u010danici koji smanjuju buku prijenosa.<\/li>\n<li>Uskla\u0111enost s EMC zahtjevima.<\/li>\n<\/ul>\n<p>Jedinica dolazi s osigura\u010dem i dr\u017ea\u010dem osigura\u010da.<\/p>\n<p>Prednosti Vetus potisnika uklju\u010duju:<\/p>\n<ul>\n<li>Visokokvalitetni, sna\u017eni 12V DC motor.<\/li>\n<li>Strujna bazi\u010dna donja noga od bron\u010de za pobolj\u0161anje u\u010dinkovitosti.<\/li>\n<li>Jedinstveni 6-krakasti propeler, dizajniran u suradnji s MARIN-om, koji omogu\u0107ava 9% ve\u0107u potisnu silu, jednaku u oba smjera, dok smanjuje kavitaciju i buku tunela.<\/li>\n<li>Fleksibilna prenosna spojka koja eliminira potrebu za sigurnosnim \u010depom.<\/li>\n<li>Vi\u0161e opcija upravljanja s jednostavnom instalacijom.<\/li>\n<li>Jaka globalna reputacija.<\/li>\n<\/ul>\n<p>Tehni\u010dke specifikacije:<\/p>\n<ul>\n<li>Potisak: 35 Kgf<\/li>\n<li>Snaga: 1,5 kW (2 KS)<\/li>\n<li>Reverzibilni DC motor: Da<\/li>\n<li>Unutarnji promjer tunela: 150 mm<\/li>\n<li>Te\u017eina (bez tunela): 12 kg<\/li>\n<li>Potrosnja struje: 205 Amps<\/li>\n<li>Maksimalno vrijeme rada: 4 minute<\/li>\n<li>Glavna osigura\u010d (spori) : 160 Amps<\/li>\n<li>Kapacitet baterije (Ah minim\/max): 1 x 55 \/ 1 x 108<\/li>\n<li>Baterijski kablovi: 0-11\/35 m\/mm\u00b2<\/li>\n<li>Baterijski prekida\u010d: 250<\/li>\n<\/ul>\n<p>Ovaj potisnik kombinira kvalitetu i performanse, \u0161to ga \u010dini izvrsnim izborom za ljubitelje \u010damaca.<\/p>\n","protected":false},"excerpt":{"rendered":"<p>Pram\u010dani potisnik Vetus 35 Kgf 12v &#8211; Vetus BOW3512E 35Kgf potisni propeler namijenjen je jahtama i motornih \u010damcima do 10<\/p>\n","protected":false},"featured_media":5936409,"comment_status":"open","ping_status":"closed","template":"","meta":[],"product_brand":[3521],"product_cat":[1609],"product_tag":[],"class_list":{"0":"post-739403","1":"product","2":"type-product","3":"status-publish","4":"has-post-thumbnail","6":"product_brand-vetus-hr","7":"product_cat-pramcani-potisnici-vetus","9":"first","10":"instock","11":"shipping-taxable","12":"purchasable","13":"product-type-simple"},"_links":{"self":[{"href":"https:\/\/stoic-curie.212-227-153-4.plesk.page\/hr\/wp-json\/wp\/v2\/product\/739403","targetHints":{"allow":["GET"]}}],"collection":[{"href":"https:\/\/stoic-curie.212-227-153-4.plesk.page\/hr\/wp-json\/wp\/v2\/product"}],"about":[{"href":"https:\/\/stoic-curie.212-227-153-4.plesk.page\/hr\/wp-json\/wp\/v2\/types\/product"}],"replies":[{"embeddable":true,"href":"https:\/\/stoic-curie.212-227-153-4.plesk.page\/hr\/wp-json\/wp\/v2\/comments?post=739403"}],"version-history":[{"count":0,"href":"https:\/\/stoic-curie.212-227-153-4.plesk.page\/hr\/wp-json\/wp\/v2\/product\/739403\/revisions"}],"wp:featuredmedia":[{"embeddable":true,"href":"https:\/\/stoic-curie.212-227-153-4.plesk.page\/hr\/wp-json\/wp\/v2\/media\/5936409"}],"wp:attachment":[{"href":"https:\/\/stoic-curie.212-227-153-4.plesk.page\/hr\/wp-json\/wp\/v2\/media?parent=739403"}],"wp:term":[{"taxonomy":"product_brand","embeddable":true,"href":"https:\/\/stoic-curie.212-227-153-4.plesk.page\/hr\/wp-json\/wp\/v2\/product_brand?post=739403"},{"taxonomy":"product_cat","embeddable":true,"href":"https:\/\/stoic-curie.212-227-153-4.plesk.page\/hr\/wp-json\/wp\/v2\/product_cat?post=739403"},{"taxonomy":"product_tag","embeddable":true,"href":"https:\/\/stoic-curie.212-227-153-4.plesk.page\/hr\/wp-json\/wp\/v2\/product_tag?post=739403"}],"curies":[{"name":"wp","href":"https:\/\/api.w.org\/{rel}","templated":true}]}}