{"id":739414,"date":"2025-03-03T18:03:45","date_gmt":"2025-03-03T17:03:45","guid":{"rendered":"https:\/\/stoic-curie.212-227-153-4.plesk.page\/producto\/hall-sidro-pocincani-celik-18kg\/"},"modified":"2026-02-25T00:00:34","modified_gmt":"2026-02-25T00:00:34","slug":"hall-sidro-pocincani-celik-18kg","status":"publish","type":"product","link":"https:\/\/stoic-curie.212-227-153-4.plesk.page\/hr\/product\/hall-sidro-pocincani-celik-18kg\/","title":{"rendered":"Hall sidro 18kg"},"content":{"rendered":"<p>Hall sidro 18kg &#8211; <\/p>\n<p>Hallova sidra, tako\u0111er poznata kao sidra Admiralty Pattern Hall, klasi\u010dan je izbor koji savr\u0161eno pristaje u hawsehole. Ima elegantan dizajn i sna\u017enu osovinu, izra\u0111enu od \u010dvrste lijevane \u010delika i vru\u0107e pocin\u010dane kako bi trajala du\u017ee. Ova pouzdana sidra dobro je poznata u pomorskom svijetu, jer odr\u017eava velike plovila, brodove i jahte sigurnima u lukama, marinama i sidri\u0161tima na otvorenom moru.<\/p>\n<p>Izvorno stvorena u 19. stolje\u0107u za mornari\u010dke svrhe, Hallova sidra i danas je popularan izbor zbog svoje impresivne snage dr\u017eanja i sposobnosti da se dobro zakopava na razli\u010ditim morskim dnu. Odli\u010dno funkcioni\u0161e za trajne i polu-trajne sidri\u0161ne sustave, sjajno se snalaze\u0107i na pje\u0161\u010danim, blatom i stjenovitim povr\u0161inama. Ova svestranost \u010dini ga fantasti\u010dnom opcijom za komercijalne i industrijske pomorske aktivnosti.<\/p>\n<p>Stoga, bilo da postavljate sidri\u0161te, osiguravate veliko trgova\u010dko plovilo ili upravljate prometnom marinom ili lukom, Hallova sidra vam nudi \u010dvrstu stabilnost i sigurnost.<\/p>\n<p><strong>Klju\u010dne zna\u010dajke:<\/strong><\/p>\n<ul>\n<li>Klasican dizajn Admiralty Pattern za snagu i pouzdanost<\/li>\n<li>Idealan za sidrenje velikih \u010damaca, brodova i komercijalnih plovila<\/li>\n<li>Odli\u010dno funkcioni\u0161e za trajne i polu-trajne sidri\u0161ne sisteme<\/li>\n<li>Efikasan na stjenovitim, pje\u0161\u010danim i blatom morskim dnom<\/li>\n<li>Robustna izrada sa pocin\u010danom obradom kako bi se borila protiv korozije<\/li>\n<li>Dostupno u raznim veli\u010dinama<\/li>\n<\/ul>\n","protected":false},"excerpt":{"rendered":"<p>Hall sidro 18kg &#8211; Hallova sidra, tako\u0111er poznata kao sidra Admiralty Pattern Hall, klasi\u010dan je izbor koji savr\u0161eno pristaje u<\/p>\n","protected":false},"featured_media":5936428,"comment_status":"open","ping_status":"closed","template":"","meta":[],"product_brand":[3086],"product_cat":[1864],"product_tag":[],"class_list":{"0":"post-739414","1":"product","2":"type-product","3":"status-publish","4":"has-post-thumbnail","6":"product_brand-maggigroup-hr","7":"product_cat-sidra-hall","9":"first","10":"instock","11":"shipping-taxable","12":"purchasable","13":"product-type-simple"},"_links":{"self":[{"href":"https:\/\/stoic-curie.212-227-153-4.plesk.page\/hr\/wp-json\/wp\/v2\/product\/739414","targetHints":{"allow":["GET"]}}],"collection":[{"href":"https:\/\/stoic-curie.212-227-153-4.plesk.page\/hr\/wp-json\/wp\/v2\/product"}],"about":[{"href":"https:\/\/stoic-curie.212-227-153-4.plesk.page\/hr\/wp-json\/wp\/v2\/types\/product"}],"replies":[{"embeddable":true,"href":"https:\/\/stoic-curie.212-227-153-4.plesk.page\/hr\/wp-json\/wp\/v2\/comments?post=739414"}],"version-history":[{"count":0,"href":"https:\/\/stoic-curie.212-227-153-4.plesk.page\/hr\/wp-json\/wp\/v2\/product\/739414\/revisions"}],"wp:featuredmedia":[{"embeddable":true,"href":"https:\/\/stoic-curie.212-227-153-4.plesk.page\/hr\/wp-json\/wp\/v2\/media\/5936428"}],"wp:attachment":[{"href":"https:\/\/stoic-curie.212-227-153-4.plesk.page\/hr\/wp-json\/wp\/v2\/media?parent=739414"}],"wp:term":[{"taxonomy":"product_brand","embeddable":true,"href":"https:\/\/stoic-curie.212-227-153-4.plesk.page\/hr\/wp-json\/wp\/v2\/product_brand?post=739414"},{"taxonomy":"product_cat","embeddable":true,"href":"https:\/\/stoic-curie.212-227-153-4.plesk.page\/hr\/wp-json\/wp\/v2\/product_cat?post=739414"},{"taxonomy":"product_tag","embeddable":true,"href":"https:\/\/stoic-curie.212-227-153-4.plesk.page\/hr\/wp-json\/wp\/v2\/product_tag?post=739414"}],"curies":[{"name":"wp","href":"https:\/\/api.w.org\/{rel}","templated":true}]}}