{"id":739416,"date":"2025-03-03T18:03:45","date_gmt":"2025-03-03T17:03:45","guid":{"rendered":"https:\/\/stoic-curie.212-227-153-4.plesk.page\/producto\/hall-sidro-pocincani-celik-35kg\/"},"modified":"2026-02-25T00:00:34","modified_gmt":"2026-02-25T00:00:34","slug":"hall-sidro-pocincani-celik-35kg","status":"publish","type":"product","link":"https:\/\/stoic-curie.212-227-153-4.plesk.page\/hr\/product\/hall-sidro-pocincani-celik-35kg\/","title":{"rendered":"Hall sidro 35kg"},"content":{"rendered":"<p>Hall sidro 35kg &#8211; <\/p>\n<p>Hall-ova sidra, \u010desto nazivana amiralnim sidrom, je tradicionalno sidro koje savr\u0161eno pristaje u hawsehole. Ima sofisticirani dizajn zajedno s \u010dvrstim vratom, izra\u0111enim od \u010delika velike otpornosti i vru\u0107e pocin\u010danog kako bi se pobolj\u0161ala njegova dugovje\u010dnost. Ovo pouzdano sidro \u0161iroko je prepoznato u pomorskom sektoru po svojoj sposobnosti da osigura velike brodove, jahte i \u010damce u lukama, marinama i sustavima vezivanja na moru.<\/p>\n<p>Prvotno razvijeno u 19. stolje\u0107u za pomorske primjene, Hall-ova sidra i danas ostaje omiljena opcija zbog svoje impresivne snage dr\u017eanja i sposobnosti da se u\u010dinkovito usa\u0111uje u razli\u010dite vrste morskog dna. Posebno je pogodno za trajno i polu-trajno vezivanje, a odli\u010dno se pokazuje na pje\u0161\u010danim, blatnim ili stjenovitim povr\u0161inama. Ova prilagodljivost \u010dini ga izvrsnim izborom za komercijalne i industrijske pomorske operacije.<\/p>\n<p>Bilo da postavljate bojicu, osiguravate veliko komercijalno plovilo ili nadgledate aktivnosti u u\u017eurbanom brodogradili\u0161tu ili luci, Hall-ova sidra pru\u017ea trajnu stabilnost i sigurnost.<\/p>\n<p><strong>Klju\u010dne zna\u010dajke:<\/strong><\/p>\n<ul>\n<li>Tradicionalni amiralni dizajn za maksimalnu snagu i pouzdanost<\/li>\n<li>Savr\u0161eno za vezanje velikih plovila, brodova i komercijalnih pomorskih plovila<\/li>\n<li>Prikladno za trajne i polu-trajne sustave vezivanja<\/li>\n<li>U\u010dinkovito na stjenovitim, pje\u0161\u010danim i blatnim morskim dnom<\/li>\n<li>\u010cvrsta konstrukcija s pocin\u010danom povr\u0161inom za sprje\u010davanje korozije<\/li>\n<li>Dostupno u razli\u010ditim veli\u010dinama<\/li>\n<\/ul>\n","protected":false},"excerpt":{"rendered":"<p>Hall sidro 35kg &#8211; Hall-ova sidra, \u010desto nazivana amiralnim sidrom, je tradicionalno sidro koje savr\u0161eno pristaje u hawsehole. Ima sofisticirani<\/p>\n","protected":false},"featured_media":5936428,"comment_status":"open","ping_status":"closed","template":"","meta":[],"product_brand":[3086],"product_cat":[1864],"product_tag":[],"class_list":{"0":"post-739416","1":"product","2":"type-product","3":"status-publish","4":"has-post-thumbnail","6":"product_brand-maggigroup-hr","7":"product_cat-sidra-hall","9":"first","10":"outofstock","11":"shipping-taxable","12":"purchasable","13":"product-type-simple"},"_links":{"self":[{"href":"https:\/\/stoic-curie.212-227-153-4.plesk.page\/hr\/wp-json\/wp\/v2\/product\/739416","targetHints":{"allow":["GET"]}}],"collection":[{"href":"https:\/\/stoic-curie.212-227-153-4.plesk.page\/hr\/wp-json\/wp\/v2\/product"}],"about":[{"href":"https:\/\/stoic-curie.212-227-153-4.plesk.page\/hr\/wp-json\/wp\/v2\/types\/product"}],"replies":[{"embeddable":true,"href":"https:\/\/stoic-curie.212-227-153-4.plesk.page\/hr\/wp-json\/wp\/v2\/comments?post=739416"}],"version-history":[{"count":0,"href":"https:\/\/stoic-curie.212-227-153-4.plesk.page\/hr\/wp-json\/wp\/v2\/product\/739416\/revisions"}],"wp:featuredmedia":[{"embeddable":true,"href":"https:\/\/stoic-curie.212-227-153-4.plesk.page\/hr\/wp-json\/wp\/v2\/media\/5936428"}],"wp:attachment":[{"href":"https:\/\/stoic-curie.212-227-153-4.plesk.page\/hr\/wp-json\/wp\/v2\/media?parent=739416"}],"wp:term":[{"taxonomy":"product_brand","embeddable":true,"href":"https:\/\/stoic-curie.212-227-153-4.plesk.page\/hr\/wp-json\/wp\/v2\/product_brand?post=739416"},{"taxonomy":"product_cat","embeddable":true,"href":"https:\/\/stoic-curie.212-227-153-4.plesk.page\/hr\/wp-json\/wp\/v2\/product_cat?post=739416"},{"taxonomy":"product_tag","embeddable":true,"href":"https:\/\/stoic-curie.212-227-153-4.plesk.page\/hr\/wp-json\/wp\/v2\/product_tag?post=739416"}],"curies":[{"name":"wp","href":"https:\/\/api.w.org\/{rel}","templated":true}]}}