{"id":739417,"date":"2025-03-03T18:03:45","date_gmt":"2025-03-03T17:03:45","guid":{"rendered":"https:\/\/stoic-curie.212-227-153-4.plesk.page\/producto\/hall-sidro-pocincani-celik-48kg\/"},"modified":"2026-02-25T00:00:34","modified_gmt":"2026-02-25T00:00:34","slug":"hall-sidro-pocincani-celik-48kg","status":"publish","type":"product","link":"https:\/\/stoic-curie.212-227-153-4.plesk.page\/hr\/product\/hall-sidro-pocincani-celik-48kg\/","title":{"rendered":"Hall sidro 48kg"},"content":{"rendered":"<p>Hall sidro 48kg &#8211; <\/p>\n<p style=\"color: rgb(34, 34, 34); font-family: Arial, Helvetica, sans-serif; font-size: small;\">Hallova sidra, \u010desto nazivana i Admiralty Pattern Hall Anchor, je bezvremenska sidra dizajnirana da savr\u0161eno odgovara u hawsehole. Ima elegantan dizajn i \u010dvrstu osovinu, izra\u0111enu od \u010dvrste lijevane \u010delika i vru\u0107e pocin\u010danu kako bi se pobolj\u0161ala njena dugovje\u010dnost. Ovaj pouzdani dizajn je \u0161iroko prepoznat u pomorskom sektoru za osiguranje velikih plovila, brodova i jahti u lukama, marinama i sustavima sidrenja na moru.<\/p>\n<p style=\"color: rgb(34, 34, 34); font-family: Arial, Helvetica, sans-serif; font-size: small;\">Izvorno razvijena u 19. stolje\u0107u za pomorske primjene, Hallova sidra se i danas smatra omiljenim izborom zbog svoje impresivne sile dr\u017eanja i sposobnosti da se u\u010dinkovito zabijaju u razli\u010dite vrste morskog dna. Pogodna je za trajne i polu-trajne sidri\u0161ta te se izvanredno pona\u0161a na pje\u0161\u010danim, muljevitim ili stjenovitim povr\u0161inama. Ova prilagodljivost \u010dini je izvrsnim izborom za komercijalne i industrijske pomorske aktivnosti.<\/p>\n<p style=\"color: rgb(34, 34, 34); font-family: Arial, Helvetica, sans-serif; font-size: small;\">Bez obzira da li postavljate sidro, osiguravate veliko komercijalno plovilo ili nadzirete operacije u u\u017eurbanom brodogradili\u0161tu ili luci, Hallova sidra pru\u017ea trajnu stabilnost i sigurnost.<\/p>\n<p style=\"color: rgb(34, 34, 34); font-family: Arial, Helvetica, sans-serif; font-size: small;\"><strong>Klju\u010dne Zna\u010dajke:<\/strong><\/p>\n<ul style=\"color: rgb(34, 34, 34); font-family: Arial, Helvetica, sans-serif; font-size: small;\">\n<li>Klasika dizajna Admiralty Pattern za optimalnu snagu i pouzdanost<\/li>\n<li>Idealna za sidrenje velikih plovila, brodova i komercijalnih pomorskih plovila<\/li>\n<li>Prikladna za trajne i polu-trajne sidri\u0161ne sustave<\/li>\n<li>U\u010dinkovita na stjenovitim, pje\u0161\u010danim i muljevitim morskim dnu<\/li>\n<li>Robusna konstrukcija s pocin\u010danom zavr\u0161nom obradom otporna na koroziju<\/li>\n<li>U ponudi u raznim veli\u010dinama<\/li>\n<\/ul>\n","protected":false},"excerpt":{"rendered":"<p>Hall sidro 48kg &#8211; Hallova sidra, \u010desto nazivana i Admiralty Pattern Hall Anchor, je bezvremenska sidra dizajnirana da savr\u0161eno odgovara<\/p>\n","protected":false},"featured_media":5936428,"comment_status":"open","ping_status":"closed","template":"","meta":[],"product_brand":[3086],"product_cat":[1864],"product_tag":[],"class_list":{"0":"post-739417","1":"product","2":"type-product","3":"status-publish","4":"has-post-thumbnail","6":"product_brand-maggigroup-hr","7":"product_cat-sidra-hall","9":"first","10":"instock","11":"shipping-taxable","12":"purchasable","13":"product-type-simple"},"_links":{"self":[{"href":"https:\/\/stoic-curie.212-227-153-4.plesk.page\/hr\/wp-json\/wp\/v2\/product\/739417","targetHints":{"allow":["GET"]}}],"collection":[{"href":"https:\/\/stoic-curie.212-227-153-4.plesk.page\/hr\/wp-json\/wp\/v2\/product"}],"about":[{"href":"https:\/\/stoic-curie.212-227-153-4.plesk.page\/hr\/wp-json\/wp\/v2\/types\/product"}],"replies":[{"embeddable":true,"href":"https:\/\/stoic-curie.212-227-153-4.plesk.page\/hr\/wp-json\/wp\/v2\/comments?post=739417"}],"version-history":[{"count":0,"href":"https:\/\/stoic-curie.212-227-153-4.plesk.page\/hr\/wp-json\/wp\/v2\/product\/739417\/revisions"}],"wp:featuredmedia":[{"embeddable":true,"href":"https:\/\/stoic-curie.212-227-153-4.plesk.page\/hr\/wp-json\/wp\/v2\/media\/5936428"}],"wp:attachment":[{"href":"https:\/\/stoic-curie.212-227-153-4.plesk.page\/hr\/wp-json\/wp\/v2\/media?parent=739417"}],"wp:term":[{"taxonomy":"product_brand","embeddable":true,"href":"https:\/\/stoic-curie.212-227-153-4.plesk.page\/hr\/wp-json\/wp\/v2\/product_brand?post=739417"},{"taxonomy":"product_cat","embeddable":true,"href":"https:\/\/stoic-curie.212-227-153-4.plesk.page\/hr\/wp-json\/wp\/v2\/product_cat?post=739417"},{"taxonomy":"product_tag","embeddable":true,"href":"https:\/\/stoic-curie.212-227-153-4.plesk.page\/hr\/wp-json\/wp\/v2\/product_tag?post=739417"}],"curies":[{"name":"wp","href":"https:\/\/api.w.org\/{rel}","templated":true}]}}