{"id":739427,"date":"2025-03-03T18:03:48","date_gmt":"2025-03-03T17:03:48","guid":{"rendered":"https:\/\/stoic-curie.212-227-153-4.plesk.page\/producto\/bitva-sa-drvenom-preckom-260mm-kromirani-mesing\/"},"modified":"2026-02-25T00:00:34","modified_gmt":"2026-02-25T00:00:34","slug":"bitva-sa-drvenom-preckom-260mm-kromirani-mesing","status":"publish","type":"product","link":"https:\/\/stoic-curie.212-227-153-4.plesk.page\/hr\/product\/bitva-sa-drvenom-preckom-260mm-kromirani-mesing\/","title":{"rendered":"Bitva sa drvenom pre\u010dkom 260mm kromirani mesing"},"content":{"rendered":"<p>Bitva sa drvenom pre\u010dkom 260mm kromirani mesing &#8211; <\/p>\n<p>Dupli osovinski u\u017ee od kromiranog mesinga s drvenom policom. 2 skrivena metri\u010dka vij\u010dana otvora, uska baza.<\/p>\n","protected":false},"excerpt":{"rendered":"<p>Bitva sa drvenom pre\u010dkom 260mm kromirani mesing &#8211; Dupli osovinski u\u017ee od kromiranog mesinga s drvenom policom. 2 skrivena metri\u010dka<\/p>\n","protected":false},"featured_media":5936436,"comment_status":"open","ping_status":"closed","template":"","meta":[],"product_brand":[2946,2172],"product_cat":[1704],"product_tag":[],"class_list":{"0":"post-739427","1":"product","2":"type-product","3":"status-publish","4":"has-post-thumbnail","6":"product_brand-foresti-suardi-hr","7":"product_brand-nova-argonautica","8":"product_cat-palubne-kljune","10":"first","11":"instock","12":"shipping-taxable","13":"purchasable","14":"product-type-simple"},"_links":{"self":[{"href":"https:\/\/stoic-curie.212-227-153-4.plesk.page\/hr\/wp-json\/wp\/v2\/product\/739427","targetHints":{"allow":["GET"]}}],"collection":[{"href":"https:\/\/stoic-curie.212-227-153-4.plesk.page\/hr\/wp-json\/wp\/v2\/product"}],"about":[{"href":"https:\/\/stoic-curie.212-227-153-4.plesk.page\/hr\/wp-json\/wp\/v2\/types\/product"}],"replies":[{"embeddable":true,"href":"https:\/\/stoic-curie.212-227-153-4.plesk.page\/hr\/wp-json\/wp\/v2\/comments?post=739427"}],"version-history":[{"count":0,"href":"https:\/\/stoic-curie.212-227-153-4.plesk.page\/hr\/wp-json\/wp\/v2\/product\/739427\/revisions"}],"wp:featuredmedia":[{"embeddable":true,"href":"https:\/\/stoic-curie.212-227-153-4.plesk.page\/hr\/wp-json\/wp\/v2\/media\/5936436"}],"wp:attachment":[{"href":"https:\/\/stoic-curie.212-227-153-4.plesk.page\/hr\/wp-json\/wp\/v2\/media?parent=739427"}],"wp:term":[{"taxonomy":"product_brand","embeddable":true,"href":"https:\/\/stoic-curie.212-227-153-4.plesk.page\/hr\/wp-json\/wp\/v2\/product_brand?post=739427"},{"taxonomy":"product_cat","embeddable":true,"href":"https:\/\/stoic-curie.212-227-153-4.plesk.page\/hr\/wp-json\/wp\/v2\/product_cat?post=739427"},{"taxonomy":"product_tag","embeddable":true,"href":"https:\/\/stoic-curie.212-227-153-4.plesk.page\/hr\/wp-json\/wp\/v2\/product_tag?post=739427"}],"curies":[{"name":"wp","href":"https:\/\/api.w.org\/{rel}","templated":true}]}}