{"id":739429,"date":"2025-03-03T18:03:48","date_gmt":"2025-03-03T17:03:48","guid":{"rendered":"https:\/\/stoic-curie.212-227-153-4.plesk.page\/producto\/amortizer-za-privezni-konop-model-unimer-classic-20-24mm\/"},"modified":"2026-02-25T00:00:34","modified_gmt":"2026-02-25T00:00:34","slug":"amortizer-za-privezni-konop-model-unimer-classic-20-24mm","status":"publish","type":"product","link":"https:\/\/stoic-curie.212-227-153-4.plesk.page\/hr\/product\/amortizer-za-privezni-konop-model-unimer-classic-20-24mm\/","title":{"rendered":"Amortizer za privezni konop model Unimer Classic 20\/24mm"},"content":{"rendered":"<p>Amortizer za privezni konop model Unimer Classic 20\/24mm &#8211; <\/p>\n<p>Unimer Classic sidri\u0161te, izra\u0111eno od jakog i neuni\u0161tivog EPDM gume, nudi najlak\u0161e i amortizirano sidrenje, sprje\u010dava o\u0161te\u0107enja u\u017eadi i kvadratnih zasuna, te produljuje \u017eivot va\u0161eg broda. Duljinu kompenzacijskog pomaka mo\u017ee se mijenjati namatanjem u\u017eeta razli\u010ditog broja okretaja oko kompenzatora (nikad vi\u0161e od 3): vi\u0161e okretaja, ve\u0107a kompenzacija.<\/p>\n","protected":false},"excerpt":{"rendered":"<p>Amortizer za privezni konop model Unimer Classic 20\/24mm &#8211; Unimer Classic sidri\u0161te, izra\u0111eno od jakog i neuni\u0161tivog EPDM gume, nudi<\/p>\n","protected":false},"featured_media":5936440,"comment_status":"open","ping_status":"closed","template":"","meta":[],"product_brand":[3506],"product_cat":[1624],"product_tag":[],"class_list":{"0":"post-739429","1":"product","2":"type-product","3":"status-publish","4":"has-post-thumbnail","6":"product_brand-unimer-hr","7":"product_cat-amortizeri-za-konope-za-vez","9":"first","10":"instock","11":"shipping-taxable","12":"purchasable","13":"product-type-simple"},"_links":{"self":[{"href":"https:\/\/stoic-curie.212-227-153-4.plesk.page\/hr\/wp-json\/wp\/v2\/product\/739429","targetHints":{"allow":["GET"]}}],"collection":[{"href":"https:\/\/stoic-curie.212-227-153-4.plesk.page\/hr\/wp-json\/wp\/v2\/product"}],"about":[{"href":"https:\/\/stoic-curie.212-227-153-4.plesk.page\/hr\/wp-json\/wp\/v2\/types\/product"}],"replies":[{"embeddable":true,"href":"https:\/\/stoic-curie.212-227-153-4.plesk.page\/hr\/wp-json\/wp\/v2\/comments?post=739429"}],"version-history":[{"count":0,"href":"https:\/\/stoic-curie.212-227-153-4.plesk.page\/hr\/wp-json\/wp\/v2\/product\/739429\/revisions"}],"wp:featuredmedia":[{"embeddable":true,"href":"https:\/\/stoic-curie.212-227-153-4.plesk.page\/hr\/wp-json\/wp\/v2\/media\/5936440"}],"wp:attachment":[{"href":"https:\/\/stoic-curie.212-227-153-4.plesk.page\/hr\/wp-json\/wp\/v2\/media?parent=739429"}],"wp:term":[{"taxonomy":"product_brand","embeddable":true,"href":"https:\/\/stoic-curie.212-227-153-4.plesk.page\/hr\/wp-json\/wp\/v2\/product_brand?post=739429"},{"taxonomy":"product_cat","embeddable":true,"href":"https:\/\/stoic-curie.212-227-153-4.plesk.page\/hr\/wp-json\/wp\/v2\/product_cat?post=739429"},{"taxonomy":"product_tag","embeddable":true,"href":"https:\/\/stoic-curie.212-227-153-4.plesk.page\/hr\/wp-json\/wp\/v2\/product_tag?post=739429"}],"curies":[{"name":"wp","href":"https:\/\/api.w.org\/{rel}","templated":true}]}}