{"id":739433,"date":"2025-03-03T18:03:49","date_gmt":"2025-03-03T17:03:49","guid":{"rendered":"https:\/\/stoic-curie.212-227-153-4.plesk.page\/producto\/brava-za-brodska-vrata-s-gumbom-98x58x30mm-model-3-656p\/"},"modified":"2026-02-25T00:00:34","modified_gmt":"2026-02-25T00:00:34","slug":"brava-za-brodska-vrata-s-gumbom-98x58x30mm-model-3-656p","status":"publish","type":"product","link":"https:\/\/stoic-curie.212-227-153-4.plesk.page\/hr\/product\/brava-za-brodska-vrata-s-gumbom-98x58x30mm-model-3-656p\/","title":{"rendered":"Brava za brodska vrata s gumbom, 98x58x30mm Model 3.656P"},"content":{"rendered":"<p>Brava za brodska vrata s gumbom, 98x58x30mm Model 3.656P &#8211; <\/p>\n<p>Set brava s klju\u010devima, sigurnosnom kamenom, ravnim udarom i rebrastim gumbom za otvaranje iznutra. Ku\u0107i\u0161te od kromiranog mesinga i elementi otporni na hr\u0111u. Univerzalna brava za lijevu\/desnu ruku. Osovinski razmak 83 x 36 mm.<\/p>\n","protected":false},"excerpt":{"rendered":"<p>Brava za brodska vrata s gumbom, 98x58x30mm Model 3.656P &#8211; Set brava s klju\u010devima, sigurnosnom kamenom, ravnim udarom i rebrastim<\/p>\n","protected":false},"featured_media":5936467,"comment_status":"open","ping_status":"closed","template":"","meta":[],"product_brand":[2946],"product_cat":[1708],"product_tag":[],"class_list":{"0":"post-739433","1":"product","2":"type-product","3":"status-publish","4":"has-post-thumbnail","6":"product_brand-foresti-suardi-hr","7":"product_cat-brave-za-vrata","9":"first","10":"instock","11":"shipping-taxable","12":"purchasable","13":"product-type-simple"},"_links":{"self":[{"href":"https:\/\/stoic-curie.212-227-153-4.plesk.page\/hr\/wp-json\/wp\/v2\/product\/739433","targetHints":{"allow":["GET"]}}],"collection":[{"href":"https:\/\/stoic-curie.212-227-153-4.plesk.page\/hr\/wp-json\/wp\/v2\/product"}],"about":[{"href":"https:\/\/stoic-curie.212-227-153-4.plesk.page\/hr\/wp-json\/wp\/v2\/types\/product"}],"replies":[{"embeddable":true,"href":"https:\/\/stoic-curie.212-227-153-4.plesk.page\/hr\/wp-json\/wp\/v2\/comments?post=739433"}],"version-history":[{"count":0,"href":"https:\/\/stoic-curie.212-227-153-4.plesk.page\/hr\/wp-json\/wp\/v2\/product\/739433\/revisions"}],"wp:featuredmedia":[{"embeddable":true,"href":"https:\/\/stoic-curie.212-227-153-4.plesk.page\/hr\/wp-json\/wp\/v2\/media\/5936467"}],"wp:attachment":[{"href":"https:\/\/stoic-curie.212-227-153-4.plesk.page\/hr\/wp-json\/wp\/v2\/media?parent=739433"}],"wp:term":[{"taxonomy":"product_brand","embeddable":true,"href":"https:\/\/stoic-curie.212-227-153-4.plesk.page\/hr\/wp-json\/wp\/v2\/product_brand?post=739433"},{"taxonomy":"product_cat","embeddable":true,"href":"https:\/\/stoic-curie.212-227-153-4.plesk.page\/hr\/wp-json\/wp\/v2\/product_cat?post=739433"},{"taxonomy":"product_tag","embeddable":true,"href":"https:\/\/stoic-curie.212-227-153-4.plesk.page\/hr\/wp-json\/wp\/v2\/product_tag?post=739433"}],"curies":[{"name":"wp","href":"https:\/\/api.w.org\/{rel}","templated":true}]}}