{"id":739436,"date":"2025-03-03T18:03:50","date_gmt":"2025-03-03T17:03:50","guid":{"rendered":"https:\/\/stoic-curie.212-227-153-4.plesk.page\/producto\/mortise-desnorucna-kvaka-163x75x13mm-model-2035\/"},"modified":"2026-02-25T00:00:34","modified_gmt":"2026-02-25T00:00:34","slug":"mortise-desnorucna-kvaka-163x75x13mm-model-2035","status":"publish","type":"product","link":"https:\/\/stoic-curie.212-227-153-4.plesk.page\/hr\/product\/mortise-desnorucna-kvaka-163x75x13mm-model-2035\/","title":{"rendered":"Mortise desnoru\u010dna kvaka 163x75x13mm Model 2035"},"content":{"rendered":"<p>Mortise desnoru\u010dna kvaka 163x75x13mm Model 2035 &#8211; <\/p>\n<p>Vratno brava s klju\u010devima, ru\u010dkama i uklesanim ravnim zasunom. Tijelo od kromiranog mesinga, elementi otporni na hr\u0111u i vijak protiv vibracija.<\/p>\n","protected":false},"excerpt":{"rendered":"<p>Mortise desnoru\u010dna kvaka 163x75x13mm Model 2035 &#8211; Vratno brava s klju\u010devima, ru\u010dkama i uklesanim ravnim zasunom. Tijelo od kromiranog mesinga,<\/p>\n","protected":false},"featured_media":5936473,"comment_status":"open","ping_status":"closed","template":"","meta":[],"product_brand":[2946],"product_cat":[1708],"product_tag":[],"class_list":{"0":"post-739436","1":"product","2":"type-product","3":"status-publish","4":"has-post-thumbnail","6":"product_brand-foresti-suardi-hr","7":"product_cat-brave-za-vrata","9":"first","10":"instock","11":"shipping-taxable","12":"purchasable","13":"product-type-simple"},"_links":{"self":[{"href":"https:\/\/stoic-curie.212-227-153-4.plesk.page\/hr\/wp-json\/wp\/v2\/product\/739436","targetHints":{"allow":["GET"]}}],"collection":[{"href":"https:\/\/stoic-curie.212-227-153-4.plesk.page\/hr\/wp-json\/wp\/v2\/product"}],"about":[{"href":"https:\/\/stoic-curie.212-227-153-4.plesk.page\/hr\/wp-json\/wp\/v2\/types\/product"}],"replies":[{"embeddable":true,"href":"https:\/\/stoic-curie.212-227-153-4.plesk.page\/hr\/wp-json\/wp\/v2\/comments?post=739436"}],"version-history":[{"count":0,"href":"https:\/\/stoic-curie.212-227-153-4.plesk.page\/hr\/wp-json\/wp\/v2\/product\/739436\/revisions"}],"wp:featuredmedia":[{"embeddable":true,"href":"https:\/\/stoic-curie.212-227-153-4.plesk.page\/hr\/wp-json\/wp\/v2\/media\/5936473"}],"wp:attachment":[{"href":"https:\/\/stoic-curie.212-227-153-4.plesk.page\/hr\/wp-json\/wp\/v2\/media?parent=739436"}],"wp:term":[{"taxonomy":"product_brand","embeddable":true,"href":"https:\/\/stoic-curie.212-227-153-4.plesk.page\/hr\/wp-json\/wp\/v2\/product_brand?post=739436"},{"taxonomy":"product_cat","embeddable":true,"href":"https:\/\/stoic-curie.212-227-153-4.plesk.page\/hr\/wp-json\/wp\/v2\/product_cat?post=739436"},{"taxonomy":"product_tag","embeddable":true,"href":"https:\/\/stoic-curie.212-227-153-4.plesk.page\/hr\/wp-json\/wp\/v2\/product_tag?post=739436"}],"curies":[{"name":"wp","href":"https:\/\/api.w.org\/{rel}","templated":true}]}}