{"id":739438,"date":"2025-03-03T18:03:50","date_gmt":"2025-03-03T17:03:50","guid":{"rendered":"https:\/\/stoic-curie.212-227-153-4.plesk.page\/producto\/brava-za-vrata-s-kvakom-72x46-mm-model-3656b\/"},"modified":"2026-02-25T00:00:34","modified_gmt":"2026-02-25T00:00:34","slug":"brava-za-vrata-s-kvakom-72x46-mm-model-3656b","status":"publish","type":"product","link":"https:\/\/stoic-curie.212-227-153-4.plesk.page\/hr\/product\/brava-za-vrata-s-kvakom-72x46-mm-model-3656b\/","title":{"rendered":"Brava za vrata s kvakom 72&#215;46 mm Model 3656B"},"content":{"rendered":"<p>Brava za vrata s kvakom 72&#215;46 mm Model 3656B &#8211; <\/p>\n<p>Izvrsni vanjski zaklju\u010davanje s unutarnjim mrtvim brave i kutijom ili ravnim udarcem. Kromirano mjedi tijelo. Elementi otporni na hr\u0111u. Univerzalna R\/L ru\u010dka brave. Ru\u010dke se naru\u010duju odvojeno.<\/p>\n","protected":false},"excerpt":{"rendered":"<p>Brava za vrata s kvakom 72&#215;46 mm Model 3656B &#8211; Izvrsni vanjski zaklju\u010davanje s unutarnjim mrtvim brave i kutijom ili<\/p>\n","protected":false},"featured_media":5936475,"comment_status":"open","ping_status":"closed","template":"","meta":[],"product_brand":[2946],"product_cat":[1708],"product_tag":[],"class_list":{"0":"post-739438","1":"product","2":"type-product","3":"status-publish","4":"has-post-thumbnail","6":"product_brand-foresti-suardi-hr","7":"product_cat-brave-za-vrata","9":"first","10":"instock","11":"shipping-taxable","12":"purchasable","13":"product-type-simple"},"_links":{"self":[{"href":"https:\/\/stoic-curie.212-227-153-4.plesk.page\/hr\/wp-json\/wp\/v2\/product\/739438","targetHints":{"allow":["GET"]}}],"collection":[{"href":"https:\/\/stoic-curie.212-227-153-4.plesk.page\/hr\/wp-json\/wp\/v2\/product"}],"about":[{"href":"https:\/\/stoic-curie.212-227-153-4.plesk.page\/hr\/wp-json\/wp\/v2\/types\/product"}],"replies":[{"embeddable":true,"href":"https:\/\/stoic-curie.212-227-153-4.plesk.page\/hr\/wp-json\/wp\/v2\/comments?post=739438"}],"version-history":[{"count":0,"href":"https:\/\/stoic-curie.212-227-153-4.plesk.page\/hr\/wp-json\/wp\/v2\/product\/739438\/revisions"}],"wp:featuredmedia":[{"embeddable":true,"href":"https:\/\/stoic-curie.212-227-153-4.plesk.page\/hr\/wp-json\/wp\/v2\/media\/5936475"}],"wp:attachment":[{"href":"https:\/\/stoic-curie.212-227-153-4.plesk.page\/hr\/wp-json\/wp\/v2\/media?parent=739438"}],"wp:term":[{"taxonomy":"product_brand","embeddable":true,"href":"https:\/\/stoic-curie.212-227-153-4.plesk.page\/hr\/wp-json\/wp\/v2\/product_brand?post=739438"},{"taxonomy":"product_cat","embeddable":true,"href":"https:\/\/stoic-curie.212-227-153-4.plesk.page\/hr\/wp-json\/wp\/v2\/product_cat?post=739438"},{"taxonomy":"product_tag","embeddable":true,"href":"https:\/\/stoic-curie.212-227-153-4.plesk.page\/hr\/wp-json\/wp\/v2\/product_tag?post=739438"}],"curies":[{"name":"wp","href":"https:\/\/api.w.org\/{rel}","templated":true}]}}