{"id":739441,"date":"2025-03-03T18:03:52","date_gmt":"2025-03-03T17:03:52","guid":{"rendered":"https:\/\/stoic-curie.212-227-153-4.plesk.page\/producto\/nosac-vanbrodskog-motora-s-podesivom-drvenom-plocom-nosivost-najvise-40-kg\/"},"modified":"2026-02-25T00:00:34","modified_gmt":"2026-02-25T00:00:34","slug":"nosac-vanbrodskog-motora-s-podesivom-drvenom-plocom-nosivost-najvise-40-kg","status":"publish","type":"product","link":"https:\/\/stoic-curie.212-227-153-4.plesk.page\/hr\/product\/nosac-vanbrodskog-motora-s-podesivom-drvenom-plocom-nosivost-najvise-40-kg\/","title":{"rendered":"Nosa\u010d vanbrodskog motora s podesivom drvenom plo\u010dom, nosivost najvi\u0161e 40 kg"},"content":{"rendered":"<p>Nosa\u010d vanbrodskog motora s podesivom drvenom plo\u010dom, nosivost najvi\u0161e 40 kg &#8211; <\/p>\n<p>Dr\u017ea\u010d vanbrodskog motora s proljevanjem opruge i podesivim kutom baze. Za vanbrodske motore do 20 KS (2-taktni) ili 15 KS (4-taktni). Ku\u0107i\u0161te od nehr\u0111aju\u0107eg \u010delika.<\/p>\n","protected":false},"excerpt":{"rendered":"<p>Nosa\u010d vanbrodskog motora s podesivom drvenom plo\u010dom, nosivost najvi\u0161e 40 kg &#8211; Dr\u017ea\u010d vanbrodskog motora s proljevanjem opruge i podesivim<\/p>\n","protected":false},"featured_media":5936481,"comment_status":"open","ping_status":"closed","template":"","meta":[],"product_brand":[3491],"product_cat":[1827],"product_tag":[],"class_list":{"0":"post-739441","1":"product","2":"type-product","3":"status-publish","4":"has-post-thumbnail","6":"product_brand-trem-hr","7":"product_cat-dodatna-oprema-za-vanbrodske-motore","9":"first","10":"instock","11":"shipping-taxable","12":"purchasable","13":"product-type-simple"},"_links":{"self":[{"href":"https:\/\/stoic-curie.212-227-153-4.plesk.page\/hr\/wp-json\/wp\/v2\/product\/739441","targetHints":{"allow":["GET"]}}],"collection":[{"href":"https:\/\/stoic-curie.212-227-153-4.plesk.page\/hr\/wp-json\/wp\/v2\/product"}],"about":[{"href":"https:\/\/stoic-curie.212-227-153-4.plesk.page\/hr\/wp-json\/wp\/v2\/types\/product"}],"replies":[{"embeddable":true,"href":"https:\/\/stoic-curie.212-227-153-4.plesk.page\/hr\/wp-json\/wp\/v2\/comments?post=739441"}],"version-history":[{"count":0,"href":"https:\/\/stoic-curie.212-227-153-4.plesk.page\/hr\/wp-json\/wp\/v2\/product\/739441\/revisions"}],"wp:featuredmedia":[{"embeddable":true,"href":"https:\/\/stoic-curie.212-227-153-4.plesk.page\/hr\/wp-json\/wp\/v2\/media\/5936481"}],"wp:attachment":[{"href":"https:\/\/stoic-curie.212-227-153-4.plesk.page\/hr\/wp-json\/wp\/v2\/media?parent=739441"}],"wp:term":[{"taxonomy":"product_brand","embeddable":true,"href":"https:\/\/stoic-curie.212-227-153-4.plesk.page\/hr\/wp-json\/wp\/v2\/product_brand?post=739441"},{"taxonomy":"product_cat","embeddable":true,"href":"https:\/\/stoic-curie.212-227-153-4.plesk.page\/hr\/wp-json\/wp\/v2\/product_cat?post=739441"},{"taxonomy":"product_tag","embeddable":true,"href":"https:\/\/stoic-curie.212-227-153-4.plesk.page\/hr\/wp-json\/wp\/v2\/product_tag?post=739441"}],"curies":[{"name":"wp","href":"https:\/\/api.w.org\/{rel}","templated":true}]}}