{"id":739454,"date":"2025-03-03T18:03:55","date_gmt":"2025-03-03T17:03:55","guid":{"rendered":"https:\/\/stoic-curie.212-227-153-4.plesk.page\/producto\/bijelo-sjedalo-eltex-classic-510-x-400-x-h420-mm\/"},"modified":"2026-02-25T00:00:34","modified_gmt":"2026-02-25T00:00:34","slug":"bijelo-sjedalo-eltex-classic-510-x-400-x-h420-mm","status":"publish","type":"product","link":"https:\/\/stoic-curie.212-227-153-4.plesk.page\/hr\/product\/bijelo-sjedalo-eltex-classic-510-x-400-x-h420-mm\/","title":{"rendered":"Bijelo sjedalo Eltex Classic 510 x 400 x H420 mm"},"content":{"rendered":"<p>Bijelo sjedalo Eltex Classic 510 x 400 x H420 mm &#8211; <\/p>\n<p>Robustna klasi\u010dna kapetanska stolica od polietilena. \u010cvrsta i jaka, potpuno bez odr\u017eavanja. Mo\u017ee se dodatno opremiti jastu\u010di\u0107ima za bolju udobnost sjedenja.<\/p>\n","protected":false},"excerpt":{"rendered":"<p>Bijelo sjedalo Eltex Classic 510 x 400 x H420 mm &#8211; Robustna klasi\u010dna kapetanska stolica od polietilena. \u010cvrsta i jaka,<\/p>\n","protected":false},"featured_media":5936517,"comment_status":"open","ping_status":"closed","template":"","meta":[],"product_brand":[3491],"product_cat":[1678],"product_tag":[],"class_list":{"0":"post-739454","1":"product","2":"type-product","3":"status-publish","4":"has-post-thumbnail","6":"product_brand-trem-hr","7":"product_cat-brodska-sjedala","9":"first","10":"outofstock","11":"shipping-taxable","12":"purchasable","13":"product-type-simple"},"_links":{"self":[{"href":"https:\/\/stoic-curie.212-227-153-4.plesk.page\/hr\/wp-json\/wp\/v2\/product\/739454","targetHints":{"allow":["GET"]}}],"collection":[{"href":"https:\/\/stoic-curie.212-227-153-4.plesk.page\/hr\/wp-json\/wp\/v2\/product"}],"about":[{"href":"https:\/\/stoic-curie.212-227-153-4.plesk.page\/hr\/wp-json\/wp\/v2\/types\/product"}],"replies":[{"embeddable":true,"href":"https:\/\/stoic-curie.212-227-153-4.plesk.page\/hr\/wp-json\/wp\/v2\/comments?post=739454"}],"version-history":[{"count":0,"href":"https:\/\/stoic-curie.212-227-153-4.plesk.page\/hr\/wp-json\/wp\/v2\/product\/739454\/revisions"}],"wp:featuredmedia":[{"embeddable":true,"href":"https:\/\/stoic-curie.212-227-153-4.plesk.page\/hr\/wp-json\/wp\/v2\/media\/5936517"}],"wp:attachment":[{"href":"https:\/\/stoic-curie.212-227-153-4.plesk.page\/hr\/wp-json\/wp\/v2\/media?parent=739454"}],"wp:term":[{"taxonomy":"product_brand","embeddable":true,"href":"https:\/\/stoic-curie.212-227-153-4.plesk.page\/hr\/wp-json\/wp\/v2\/product_brand?post=739454"},{"taxonomy":"product_cat","embeddable":true,"href":"https:\/\/stoic-curie.212-227-153-4.plesk.page\/hr\/wp-json\/wp\/v2\/product_cat?post=739454"},{"taxonomy":"product_tag","embeddable":true,"href":"https:\/\/stoic-curie.212-227-153-4.plesk.page\/hr\/wp-json\/wp\/v2\/product_tag?post=739454"}],"curies":[{"name":"wp","href":"https:\/\/api.w.org\/{rel}","templated":true}]}}