{"id":739470,"date":"2025-03-03T18:03:59","date_gmt":"2025-03-03T17:03:59","guid":{"rendered":"https:\/\/stoic-curie.212-227-153-4.plesk.page\/producto\/okno-okruglo-d320-mm-izrez-d260mm-najlon-bijelo\/"},"modified":"2026-02-25T00:00:34","modified_gmt":"2026-02-25T00:00:34","slug":"okno-okruglo-d320-mm-izrez-d260mm-najlon-bijelo","status":"publish","type":"product","link":"https:\/\/stoic-curie.212-227-153-4.plesk.page\/hr\/product\/okno-okruglo-d320-mm-izrez-d260mm-najlon-bijelo\/","title":{"rendered":"Okno okruglo D320 mm, izrez D260mm, najlon, bijelo"},"content":{"rendered":"<p>Okno okruglo D320 mm, izrez D260mm, najlon, bijelo &#8211; <\/p>\n<p>Nylon okvir i akrilno staklo okrugli portl. Uklju\u010duje zavr\u0161ni prsten. Vijke nije uklju\u010deno. Veli\u010dina spojnice 30 mm. CE EN ISO12216 sertificirano.<\/p>\n","protected":false},"excerpt":{"rendered":"<p>Okno okruglo D320 mm, izrez D260mm, najlon, bijelo &#8211; Nylon okvir i akrilno staklo okrugli portl. Uklju\u010duje zavr\u0161ni prsten. Vijke<\/p>\n","protected":false},"featured_media":5936528,"comment_status":"open","ping_status":"closed","template":"","meta":[],"product_brand":[3036],"product_cat":[1697,1702],"product_tag":[],"class_list":{"0":"post-739470","1":"product","2":"type-product","3":"status-publish","4":"has-post-thumbnail","6":"product_brand-jba-marine-hr","7":"product_cat-brodska-okna","8":"product_cat-brodske-grotlasca-i-otvori","10":"first","11":"instock","12":"shipping-taxable","13":"purchasable","14":"product-type-simple"},"_links":{"self":[{"href":"https:\/\/stoic-curie.212-227-153-4.plesk.page\/hr\/wp-json\/wp\/v2\/product\/739470","targetHints":{"allow":["GET"]}}],"collection":[{"href":"https:\/\/stoic-curie.212-227-153-4.plesk.page\/hr\/wp-json\/wp\/v2\/product"}],"about":[{"href":"https:\/\/stoic-curie.212-227-153-4.plesk.page\/hr\/wp-json\/wp\/v2\/types\/product"}],"replies":[{"embeddable":true,"href":"https:\/\/stoic-curie.212-227-153-4.plesk.page\/hr\/wp-json\/wp\/v2\/comments?post=739470"}],"version-history":[{"count":0,"href":"https:\/\/stoic-curie.212-227-153-4.plesk.page\/hr\/wp-json\/wp\/v2\/product\/739470\/revisions"}],"wp:featuredmedia":[{"embeddable":true,"href":"https:\/\/stoic-curie.212-227-153-4.plesk.page\/hr\/wp-json\/wp\/v2\/media\/5936528"}],"wp:attachment":[{"href":"https:\/\/stoic-curie.212-227-153-4.plesk.page\/hr\/wp-json\/wp\/v2\/media?parent=739470"}],"wp:term":[{"taxonomy":"product_brand","embeddable":true,"href":"https:\/\/stoic-curie.212-227-153-4.plesk.page\/hr\/wp-json\/wp\/v2\/product_brand?post=739470"},{"taxonomy":"product_cat","embeddable":true,"href":"https:\/\/stoic-curie.212-227-153-4.plesk.page\/hr\/wp-json\/wp\/v2\/product_cat?post=739470"},{"taxonomy":"product_tag","embeddable":true,"href":"https:\/\/stoic-curie.212-227-153-4.plesk.page\/hr\/wp-json\/wp\/v2\/product_tag?post=739470"}],"curies":[{"name":"wp","href":"https:\/\/api.w.org\/{rel}","templated":true}]}}