{"id":739472,"date":"2025-03-03T18:03:59","date_gmt":"2025-03-03T17:03:59","guid":{"rendered":"https:\/\/stoic-curie.212-227-153-4.plesk.page\/producto\/ventilacijska-gljiva-od-nehrdajuceg-celika-115-mm\/"},"modified":"2026-02-25T00:00:34","modified_gmt":"2026-02-25T00:00:34","slug":"ventilacijska-gljiva-od-nehrdajuceg-celika-115-mm","status":"publish","type":"product","link":"https:\/\/stoic-curie.212-227-153-4.plesk.page\/hr\/product\/ventilacijska-gljiva-od-nehrdajuceg-celika-115-mm\/","title":{"rendered":"Ventilacijska gljiva od nehr\u0111aju\u0107eg \u010delika Vetus 115 mm"},"content":{"rendered":"<p>Ventilacijska gljiva od nehr\u0111aju\u0107eg \u010delika Vetus 115 mm &#8211; <\/p>\n<p>Ventilacija od nehr\u0111aju\u0107eg \u010delika za gljive s unutarnjim pode\u0161avanjem i mre\u017eicom za insekte.<\/p>\n","protected":false},"excerpt":{"rendered":"<p>Ventilacijska gljiva od nehr\u0111aju\u0107eg \u010delika Vetus 115 mm &#8211; Ventilacija od nehr\u0111aju\u0107eg \u010delika za gljive s unutarnjim pode\u0161avanjem i mre\u017eicom<\/p>\n","protected":false},"featured_media":5936534,"comment_status":"open","ping_status":"closed","template":"","meta":[],"product_brand":[3521],"product_cat":[1699],"product_tag":[],"class_list":{"0":"post-739472","1":"product","2":"type-product","3":"status-publish","4":"has-post-thumbnail","6":"product_brand-vetus-hr","7":"product_cat-palubni-ventilacijski-otvori","9":"first","10":"instock","11":"shipping-taxable","12":"purchasable","13":"product-type-simple"},"_links":{"self":[{"href":"https:\/\/stoic-curie.212-227-153-4.plesk.page\/hr\/wp-json\/wp\/v2\/product\/739472","targetHints":{"allow":["GET"]}}],"collection":[{"href":"https:\/\/stoic-curie.212-227-153-4.plesk.page\/hr\/wp-json\/wp\/v2\/product"}],"about":[{"href":"https:\/\/stoic-curie.212-227-153-4.plesk.page\/hr\/wp-json\/wp\/v2\/types\/product"}],"replies":[{"embeddable":true,"href":"https:\/\/stoic-curie.212-227-153-4.plesk.page\/hr\/wp-json\/wp\/v2\/comments?post=739472"}],"version-history":[{"count":0,"href":"https:\/\/stoic-curie.212-227-153-4.plesk.page\/hr\/wp-json\/wp\/v2\/product\/739472\/revisions"}],"wp:featuredmedia":[{"embeddable":true,"href":"https:\/\/stoic-curie.212-227-153-4.plesk.page\/hr\/wp-json\/wp\/v2\/media\/5936534"}],"wp:attachment":[{"href":"https:\/\/stoic-curie.212-227-153-4.plesk.page\/hr\/wp-json\/wp\/v2\/media?parent=739472"}],"wp:term":[{"taxonomy":"product_brand","embeddable":true,"href":"https:\/\/stoic-curie.212-227-153-4.plesk.page\/hr\/wp-json\/wp\/v2\/product_brand?post=739472"},{"taxonomy":"product_cat","embeddable":true,"href":"https:\/\/stoic-curie.212-227-153-4.plesk.page\/hr\/wp-json\/wp\/v2\/product_cat?post=739472"},{"taxonomy":"product_tag","embeddable":true,"href":"https:\/\/stoic-curie.212-227-153-4.plesk.page\/hr\/wp-json\/wp\/v2\/product_tag?post=739472"}],"curies":[{"name":"wp","href":"https:\/\/api.w.org\/{rel}","templated":true}]}}