{"id":739476,"date":"2025-03-03T18:04:00","date_gmt":"2025-03-03T17:04:00","guid":{"rendered":"https:\/\/stoic-curie.212-227-153-4.plesk.page\/producto\/ventilacijska-gljiva-od-nehrdajuceg-celika-solarni-220-x-35-mm\/"},"modified":"2026-02-25T00:00:34","modified_gmt":"2026-02-25T00:00:34","slug":"ventilacijska-gljiva-od-nehrdajuceg-celika-solarni-220-x-35-mm","status":"publish","type":"product","link":"https:\/\/stoic-curie.212-227-153-4.plesk.page\/hr\/product\/ventilacijska-gljiva-od-nehrdajuceg-celika-solarni-220-x-35-mm\/","title":{"rendered":"Ventilacijska gljiva od nehr\u0111aju\u0107eg \u010delika ( Solarni) 220 x 35 mm"},"content":{"rendered":"<p>Ventilacijska gljiva od nehr\u0111aju\u0107eg \u010delika ( Solarni) 220 x 35 mm &#8211; <\/p>\n<p>Vodootporna ku\u0107i\u0161te od nehr\u0111aju\u0107eg \u010delika s ventilacijom na solarni pogon. Be\u017ei\u010dna instalacija, nije potreban prekida\u010d, automatski se pokre\u0107e na sun\u010devoj svjetlosti.<\/p>\n","protected":false},"excerpt":{"rendered":"<p>Ventilacijska gljiva od nehr\u0111aju\u0107eg \u010delika ( Solarni) 220 x 35 mm &#8211; Vodootporna ku\u0107i\u0161te od nehr\u0111aju\u0107eg \u010delika s ventilacijom na<\/p>\n","protected":false},"featured_media":5936541,"comment_status":"open","ping_status":"closed","template":"","meta":[],"product_brand":[3236],"product_cat":[1699],"product_tag":[],"class_list":{"0":"post-739476","1":"product","2":"type-product","3":"status-publish","4":"has-post-thumbnail","6":"product_brand-osculati-hr","7":"product_cat-palubni-ventilacijski-otvori","9":"first","10":"instock","11":"shipping-taxable","12":"purchasable","13":"product-type-simple"},"_links":{"self":[{"href":"https:\/\/stoic-curie.212-227-153-4.plesk.page\/hr\/wp-json\/wp\/v2\/product\/739476","targetHints":{"allow":["GET"]}}],"collection":[{"href":"https:\/\/stoic-curie.212-227-153-4.plesk.page\/hr\/wp-json\/wp\/v2\/product"}],"about":[{"href":"https:\/\/stoic-curie.212-227-153-4.plesk.page\/hr\/wp-json\/wp\/v2\/types\/product"}],"replies":[{"embeddable":true,"href":"https:\/\/stoic-curie.212-227-153-4.plesk.page\/hr\/wp-json\/wp\/v2\/comments?post=739476"}],"version-history":[{"count":0,"href":"https:\/\/stoic-curie.212-227-153-4.plesk.page\/hr\/wp-json\/wp\/v2\/product\/739476\/revisions"}],"wp:featuredmedia":[{"embeddable":true,"href":"https:\/\/stoic-curie.212-227-153-4.plesk.page\/hr\/wp-json\/wp\/v2\/media\/5936541"}],"wp:attachment":[{"href":"https:\/\/stoic-curie.212-227-153-4.plesk.page\/hr\/wp-json\/wp\/v2\/media?parent=739476"}],"wp:term":[{"taxonomy":"product_brand","embeddable":true,"href":"https:\/\/stoic-curie.212-227-153-4.plesk.page\/hr\/wp-json\/wp\/v2\/product_brand?post=739476"},{"taxonomy":"product_cat","embeddable":true,"href":"https:\/\/stoic-curie.212-227-153-4.plesk.page\/hr\/wp-json\/wp\/v2\/product_cat?post=739476"},{"taxonomy":"product_tag","embeddable":true,"href":"https:\/\/stoic-curie.212-227-153-4.plesk.page\/hr\/wp-json\/wp\/v2\/product_tag?post=739476"}],"curies":[{"name":"wp","href":"https:\/\/api.w.org\/{rel}","templated":true}]}}