{"id":739479,"date":"2025-03-03T18:04:01","date_gmt":"2025-03-03T17:04:01","guid":{"rendered":"https:\/\/stoic-curie.212-227-153-4.plesk.page\/producto\/ultraflex-v25-kolo-upravljaca-od-nehrdajuceg-celika-s-poliuretanskom-oblogom-crno-350mm\/"},"modified":"2026-02-25T00:00:34","modified_gmt":"2026-02-25T00:00:34","slug":"ultraflex-v25-kolo-upravljaca-od-nehrdajuceg-celika-s-poliuretanskom-oblogom-crno-350mm","status":"publish","type":"product","link":"https:\/\/stoic-curie.212-227-153-4.plesk.page\/hr\/product\/ultraflex-v25-kolo-upravljaca-od-nehrdajuceg-celika-s-poliuretanskom-oblogom-crno-350mm\/","title":{"rendered":"Ultraflex V25 kolo upravljaca od nehr\u0111aju\u0107eg \u010delika s poliuretanskom oblogom, crno 350mm"},"content":{"rendered":"<p>Ultraflex V25 kolo upravljaca od nehr\u0111aju\u0107eg \u010delika s poliuretanskom oblogom, crno 350mm &#8211; <\/p>\n<p>Volani od nehr\u0111aju\u0107eg \u010delika s rukohvatom od poliuretana ili mahagonija. CE-ISO23411 ozna\u010deno u skladu s ABYC standardima. Kompletno s sredi\u0161njim poklopcem i hubom sa standardnom 3\/4&#8243; konusom.<\/p>\n","protected":false},"excerpt":{"rendered":"<p>Ultraflex V25 kolo upravljaca od nehr\u0111aju\u0107eg \u010delika s poliuretanskom oblogom, crno 350mm &#8211; Volani od nehr\u0111aju\u0107eg \u010delika s rukohvatom od<\/p>\n","protected":false},"featured_media":5936547,"comment_status":"open","ping_status":"closed","template":"","meta":[],"product_brand":[3501],"product_cat":[1822],"product_tag":[],"class_list":{"0":"post-739479","1":"product","2":"type-product","3":"status-publish","4":"has-post-thumbnail","6":"product_brand-ultraflex-uflex-hr","7":"product_cat-kola-kormila","9":"first","10":"instock","11":"shipping-taxable","12":"purchasable","13":"product-type-simple"},"_links":{"self":[{"href":"https:\/\/stoic-curie.212-227-153-4.plesk.page\/hr\/wp-json\/wp\/v2\/product\/739479","targetHints":{"allow":["GET"]}}],"collection":[{"href":"https:\/\/stoic-curie.212-227-153-4.plesk.page\/hr\/wp-json\/wp\/v2\/product"}],"about":[{"href":"https:\/\/stoic-curie.212-227-153-4.plesk.page\/hr\/wp-json\/wp\/v2\/types\/product"}],"replies":[{"embeddable":true,"href":"https:\/\/stoic-curie.212-227-153-4.plesk.page\/hr\/wp-json\/wp\/v2\/comments?post=739479"}],"version-history":[{"count":0,"href":"https:\/\/stoic-curie.212-227-153-4.plesk.page\/hr\/wp-json\/wp\/v2\/product\/739479\/revisions"}],"wp:featuredmedia":[{"embeddable":true,"href":"https:\/\/stoic-curie.212-227-153-4.plesk.page\/hr\/wp-json\/wp\/v2\/media\/5936547"}],"wp:attachment":[{"href":"https:\/\/stoic-curie.212-227-153-4.plesk.page\/hr\/wp-json\/wp\/v2\/media?parent=739479"}],"wp:term":[{"taxonomy":"product_brand","embeddable":true,"href":"https:\/\/stoic-curie.212-227-153-4.plesk.page\/hr\/wp-json\/wp\/v2\/product_brand?post=739479"},{"taxonomy":"product_cat","embeddable":true,"href":"https:\/\/stoic-curie.212-227-153-4.plesk.page\/hr\/wp-json\/wp\/v2\/product_cat?post=739479"},{"taxonomy":"product_tag","embeddable":true,"href":"https:\/\/stoic-curie.212-227-153-4.plesk.page\/hr\/wp-json\/wp\/v2\/product_tag?post=739479"}],"curies":[{"name":"wp","href":"https:\/\/api.w.org\/{rel}","templated":true}]}}