{"id":739485,"date":"2025-03-03T18:04:03","date_gmt":"2025-03-03T17:04:03","guid":{"rendered":"https:\/\/stoic-curie.212-227-153-4.plesk.page\/producto\/elektricno-vitlo-bada-dw1-900kg\/"},"modified":"2026-02-25T00:00:34","modified_gmt":"2026-02-25T00:00:34","slug":"elektricno-vitlo-bada-dw1-900kg","status":"publish","type":"product","link":"https:\/\/stoic-curie.212-227-153-4.plesk.page\/hr\/product\/elektricno-vitlo-bada-dw1-900kg\/","title":{"rendered":"Elektricno vitlo Bada dw1 900kg"},"content":{"rendered":"<p>Elektricno vitlo Bada dw1 900kg &#8211; <\/p>\n<p>Elektri\u010dni vitlo za vu\u010du \u010damaca i terenskih vozila. Lansiranje i povla\u010denje odvija se pomo\u0107u \u017ei\u010dne daljinske upravlja\u010de. Motor s trajnim magnetom od 0,8 kW (12V) s ru\u010dnom spojkom za otpu\u0161tanje i automatskim ko\u010dionim sustavom. Monta\u017ea s postoljem i 2xM8 vijcima. Brzina oporavka 4,2 m\/min bez optere\u0107enja, 1,2 m\/min pri punom optere\u0107enju.<\/p>\n","protected":false},"excerpt":{"rendered":"<p>Elektricno vitlo Bada dw1 900kg &#8211; Elektri\u010dni vitlo za vu\u010du \u010damaca i terenskih vozila. Lansiranje i povla\u010denje odvija se pomo\u0107u<\/p>\n","protected":false},"featured_media":5936553,"comment_status":"open","ping_status":"closed","template":"","meta":[],"product_brand":[2891],"product_cat":[1834],"product_tag":[],"class_list":{"0":"post-739485","1":"product","2":"type-product","3":"status-publish","4":"has-post-thumbnail","6":"product_brand-domar-hr","7":"product_cat-vitla-za-prikolice-za-brodove","9":"first","10":"instock","11":"shipping-taxable","12":"purchasable","13":"product-type-simple"},"_links":{"self":[{"href":"https:\/\/stoic-curie.212-227-153-4.plesk.page\/hr\/wp-json\/wp\/v2\/product\/739485","targetHints":{"allow":["GET"]}}],"collection":[{"href":"https:\/\/stoic-curie.212-227-153-4.plesk.page\/hr\/wp-json\/wp\/v2\/product"}],"about":[{"href":"https:\/\/stoic-curie.212-227-153-4.plesk.page\/hr\/wp-json\/wp\/v2\/types\/product"}],"replies":[{"embeddable":true,"href":"https:\/\/stoic-curie.212-227-153-4.plesk.page\/hr\/wp-json\/wp\/v2\/comments?post=739485"}],"version-history":[{"count":0,"href":"https:\/\/stoic-curie.212-227-153-4.plesk.page\/hr\/wp-json\/wp\/v2\/product\/739485\/revisions"}],"wp:featuredmedia":[{"embeddable":true,"href":"https:\/\/stoic-curie.212-227-153-4.plesk.page\/hr\/wp-json\/wp\/v2\/media\/5936553"}],"wp:attachment":[{"href":"https:\/\/stoic-curie.212-227-153-4.plesk.page\/hr\/wp-json\/wp\/v2\/media?parent=739485"}],"wp:term":[{"taxonomy":"product_brand","embeddable":true,"href":"https:\/\/stoic-curie.212-227-153-4.plesk.page\/hr\/wp-json\/wp\/v2\/product_brand?post=739485"},{"taxonomy":"product_cat","embeddable":true,"href":"https:\/\/stoic-curie.212-227-153-4.plesk.page\/hr\/wp-json\/wp\/v2\/product_cat?post=739485"},{"taxonomy":"product_tag","embeddable":true,"href":"https:\/\/stoic-curie.212-227-153-4.plesk.page\/hr\/wp-json\/wp\/v2\/product_tag?post=739485"}],"curies":[{"name":"wp","href":"https:\/\/api.w.org\/{rel}","templated":true}]}}