{"id":739491,"date":"2025-03-03T18:04:05","date_gmt":"2025-03-03T17:04:05","guid":{"rendered":"https:\/\/stoic-curie.212-227-153-4.plesk.page\/producto\/ispusni-waterlock-prigusivac-vetus-mgp-90mm\/"},"modified":"2026-02-25T00:00:34","modified_gmt":"2026-02-25T00:00:34","slug":"ispusni-waterlock-prigusivac-vetus-mgp-90mm","status":"publish","type":"product","link":"https:\/\/stoic-curie.212-227-153-4.plesk.page\/hr\/product\/ispusni-waterlock-prigusivac-vetus-mgp-90mm\/","title":{"rendered":"Ispu\u0161ni waterlock prigu\u0161ivac Vetus MGP 90mm"},"content":{"rendered":"<p>Ispu\u0161ni waterlock prigu\u0161ivac Vetus MGP 90mm &#8211; <\/p>\n<p>VETUS MGP9090 vodena brava posebno je dizajnirana za ispu\u0161ne sustave s vodom. Ima 90 mm ulaz pod kutom od 45\u00b0 i 90 mm izlaz. Izra\u0111ena je od sinteti\u010dkih materijala otpornih na koroziju, \u0161to osigurava trajnost i izvrsnu potisnu zvu\u010dnu izolaciju. Sa kapacitetom od 23 litre, dovoljno je kompaktna da stane u uske prostore, \u0161to je \u010dini savr\u0161enom za suvremene brodove visoke performanse opremljene s jednim ili dva velika motora koji imaju ograni\u010den prostor u odjeljku motora.<\/p>\n<p>Gornja izlazna veza mo\u017ee se rotirati 360\u00b0, dok je ulazna veza nagnuta prema gore pod kutom od 45\u00b0. Va\u017eno je napomenuti da su MG vodene brave namijenjene isklju\u010divo za kori\u0161tenje u ispu\u0161nim sustavima s vodom. Cijela struktura izra\u0111ena je od sinteti\u010dkih materijala koji pru\u017eaju otpornost na koroziju i galvanske akcije.<\/p>\n<p><strong>Specifikacije:<\/strong><\/p>\n<ul>\n<li>Izvrsna zvu\u010dna izolacija<\/li>\n<li>Nizak povratni tlak<\/li>\n<li>Ventil za pra\u017enjenje za zimsku pohranu<\/li>\n<li>Kompatibilna s unutarnjim promjerima crijeva od 90, 102, 127, 152, 209 ili 250 mm<\/li>\n<li>Dostupni kapaciteti: 23, 75 ili 130 litara<\/li>\n<li>Dolazi s steznim trakama od nehr\u0111aju\u0107eg \u010delika (AISI 316)<\/li>\n<\/ul>\n<p><strong>Funkcionalnost:<\/strong><\/p>\n<ul>\n<li>Vrsta vodene brave: MG<\/li>\n<li>Kapacitet: 23 litre<\/li>\n<li>Promjer ulazne veze: 90 mm<\/li>\n<li>Promjer izlazne veze: 90 mm<\/li>\n<li>Duljina: 540 mm<\/li>\n<li>\u0160irina: 270 mm<\/li>\n<li>Visina: 450 mm<\/li>\n<li>Polo\u017eaj: Vertikalno<\/li>\n<li>Te\u0161ko kori\u0161tenje: Da<\/li>\n<li>Rotiraju\u0107e veze crijeva: Ne<\/li>\n<li>Rotiraju\u0107i dijelovi tijela: Da<\/li>\n<\/ul>\n<p>Ova vodena brava je izvrstan izbor za one koji tra\u017ee pouzdanu izvedbu i u\u010dinkovitu zvu\u010dnu redukciju u ispu\u0161nom sustavu svog broda.<\/p>\n","protected":false},"excerpt":{"rendered":"<p>Ispu\u0161ni waterlock prigu\u0161ivac Vetus MGP 90mm &#8211; VETUS MGP9090 vodena brava posebno je dizajnirana za ispu\u0161ne sustave s vodom. Ima<\/p>\n","protected":false},"featured_media":5936563,"comment_status":"open","ping_status":"closed","template":"","meta":[],"product_brand":[3521],"product_cat":[1794],"product_tag":[],"class_list":{"0":"post-739491","1":"product","2":"type-product","3":"status-publish","4":"has-post-thumbnail","6":"product_brand-vetus-hr","7":"product_cat-ispusne-vode-i-prigusivaci","9":"first","10":"instock","11":"shipping-taxable","12":"purchasable","13":"product-type-simple"},"_links":{"self":[{"href":"https:\/\/stoic-curie.212-227-153-4.plesk.page\/hr\/wp-json\/wp\/v2\/product\/739491","targetHints":{"allow":["GET"]}}],"collection":[{"href":"https:\/\/stoic-curie.212-227-153-4.plesk.page\/hr\/wp-json\/wp\/v2\/product"}],"about":[{"href":"https:\/\/stoic-curie.212-227-153-4.plesk.page\/hr\/wp-json\/wp\/v2\/types\/product"}],"replies":[{"embeddable":true,"href":"https:\/\/stoic-curie.212-227-153-4.plesk.page\/hr\/wp-json\/wp\/v2\/comments?post=739491"}],"version-history":[{"count":0,"href":"https:\/\/stoic-curie.212-227-153-4.plesk.page\/hr\/wp-json\/wp\/v2\/product\/739491\/revisions"}],"wp:featuredmedia":[{"embeddable":true,"href":"https:\/\/stoic-curie.212-227-153-4.plesk.page\/hr\/wp-json\/wp\/v2\/media\/5936563"}],"wp:attachment":[{"href":"https:\/\/stoic-curie.212-227-153-4.plesk.page\/hr\/wp-json\/wp\/v2\/media?parent=739491"}],"wp:term":[{"taxonomy":"product_brand","embeddable":true,"href":"https:\/\/stoic-curie.212-227-153-4.plesk.page\/hr\/wp-json\/wp\/v2\/product_brand?post=739491"},{"taxonomy":"product_cat","embeddable":true,"href":"https:\/\/stoic-curie.212-227-153-4.plesk.page\/hr\/wp-json\/wp\/v2\/product_cat?post=739491"},{"taxonomy":"product_tag","embeddable":true,"href":"https:\/\/stoic-curie.212-227-153-4.plesk.page\/hr\/wp-json\/wp\/v2\/product_tag?post=739491"}],"curies":[{"name":"wp","href":"https:\/\/api.w.org\/{rel}","templated":true}]}}