{"id":739492,"date":"2025-03-03T18:04:05","date_gmt":"2025-03-03T17:04:05","guid":{"rendered":"https:\/\/stoic-curie.212-227-153-4.plesk.page\/producto\/ispusni-waterlock-prigusivac-vetus-mgp-102mm\/"},"modified":"2026-02-25T00:00:34","modified_gmt":"2026-02-25T00:00:34","slug":"ispusni-waterlock-prigusivac-vetus-mgp-102mm","status":"publish","type":"product","link":"https:\/\/stoic-curie.212-227-153-4.plesk.page\/hr\/product\/ispusni-waterlock-prigusivac-vetus-mgp-102mm\/","title":{"rendered":"Ispu\u0161ni waterlock prigu\u0161ivac Vetus MGP 102mm"},"content":{"rendered":"<p>Ispu\u0161ni waterlock prigu\u0161ivac Vetus MGP 102mm &#8211; <\/p>\n<p>VETUS MGP102102 hidrobrana je pa\u017eljivo dizajnirana za ispu\u0161ne sustave sa vodom. Opremljena je ulazom od 102 mm smje\u0161tenim pod kutom od 45\u00b0 i izlazom od 102 mm. Izra\u0111ena od korozijski otpornog sinteti\u010dkog materijala, ova hidrobrana osigurava dugotrajnost i izvanredno smanjenje buke. S kapacitetom od 23 litre, posebno je pogodna za suvremene brodove visokih performansi koji imaju jedan ili dva velika motora, posebno u situacijama gdje je prostor u strojarnici ograni\u010den.<\/p>\n<p>Veza izlaza na vrhu dizajnirana je da se rotira 360\u00b0, dok je veza ulaza nagnuta prema gore pod kutom od 45\u00b0. Va\u017eno je napomenuti da su MG hidrobrane posebno namijenjene za ugradnju unutar ispu\u0161nih sustava sa vodom. Cijela struktura izra\u0111ena je od sinteti\u010dkih materijala, \u0161to je \u010dini otpornom na koroziju i galvansko djelovanje. Ova poja\u010dana plasti\u010dna hidrobrana ima rotiraju\u0107i vrh i dovoljno je kompaktna za instalaciju u sku\u010denim prostorima.<\/p>\n<p><strong>Specifikacije:<\/strong><\/p>\n<ul>\n<li>Izvrsna svojstva smanjenja buke<\/li>\n<li>Minimalni povratni tlak<\/li>\n<li>Ventil za ispu\u0161tanje za zimsku pohranu<\/li>\n<li>Kompatibilna sa unutarnjim promjerima crijeva od \u00d8 90, 102, 127, 152, 209 ili 250 mm<\/li>\n<li>Raspolo\u017eivi kapaciteti: 23, 75 ili 130 litara<\/li>\n<li>Uklju\u010duje stezne trake od nehr\u0111aju\u0107eg \u010delika (AISI 316)<\/li>\n<\/ul>\n<p><strong>Funkcionalnost:<\/strong><\/p>\n<ul>\n<li>Kapacitet hidrobrane: 23 litre<\/li>\n<li>Promjer veze ulaznog crijeva: 102 mm<\/li>\n<li>Promjer veze izlaznog crijeva: 102 mm<\/li>\n<li>Du\u017eina: 540 mm<\/li>\n<li>\u0160irina: 270 mm<\/li>\n<li>Visina: 450 mm<\/li>\n<li>Polo\u017eaj hidrobrane: Vertikalan<\/li>\n<li>Te\u0161ka izrada: Da<\/li>\n<li>Rotiraju\u0107e veze crijeva: Ne<\/li>\n<li>Rotiraju\u0107i dijelovi tijela: Da<\/li>\n<\/ul>\n","protected":false},"excerpt":{"rendered":"<p>Ispu\u0161ni waterlock prigu\u0161ivac Vetus MGP 102mm &#8211; VETUS MGP102102 hidrobrana je pa\u017eljivo dizajnirana za ispu\u0161ne sustave sa vodom. Opremljena je<\/p>\n","protected":false},"featured_media":5936563,"comment_status":"open","ping_status":"closed","template":"","meta":[],"product_brand":[3521],"product_cat":[1794],"product_tag":[],"class_list":{"0":"post-739492","1":"product","2":"type-product","3":"status-publish","4":"has-post-thumbnail","6":"product_brand-vetus-hr","7":"product_cat-ispusne-vode-i-prigusivaci","9":"first","10":"instock","11":"shipping-taxable","12":"purchasable","13":"product-type-simple"},"_links":{"self":[{"href":"https:\/\/stoic-curie.212-227-153-4.plesk.page\/hr\/wp-json\/wp\/v2\/product\/739492","targetHints":{"allow":["GET"]}}],"collection":[{"href":"https:\/\/stoic-curie.212-227-153-4.plesk.page\/hr\/wp-json\/wp\/v2\/product"}],"about":[{"href":"https:\/\/stoic-curie.212-227-153-4.plesk.page\/hr\/wp-json\/wp\/v2\/types\/product"}],"replies":[{"embeddable":true,"href":"https:\/\/stoic-curie.212-227-153-4.plesk.page\/hr\/wp-json\/wp\/v2\/comments?post=739492"}],"version-history":[{"count":0,"href":"https:\/\/stoic-curie.212-227-153-4.plesk.page\/hr\/wp-json\/wp\/v2\/product\/739492\/revisions"}],"wp:featuredmedia":[{"embeddable":true,"href":"https:\/\/stoic-curie.212-227-153-4.plesk.page\/hr\/wp-json\/wp\/v2\/media\/5936563"}],"wp:attachment":[{"href":"https:\/\/stoic-curie.212-227-153-4.plesk.page\/hr\/wp-json\/wp\/v2\/media?parent=739492"}],"wp:term":[{"taxonomy":"product_brand","embeddable":true,"href":"https:\/\/stoic-curie.212-227-153-4.plesk.page\/hr\/wp-json\/wp\/v2\/product_brand?post=739492"},{"taxonomy":"product_cat","embeddable":true,"href":"https:\/\/stoic-curie.212-227-153-4.plesk.page\/hr\/wp-json\/wp\/v2\/product_cat?post=739492"},{"taxonomy":"product_tag","embeddable":true,"href":"https:\/\/stoic-curie.212-227-153-4.plesk.page\/hr\/wp-json\/wp\/v2\/product_tag?post=739492"}],"curies":[{"name":"wp","href":"https:\/\/api.w.org\/{rel}","templated":true}]}}