{"id":739493,"date":"2025-03-03T18:04:05","date_gmt":"2025-03-03T17:04:05","guid":{"rendered":"https:\/\/stoic-curie.212-227-153-4.plesk.page\/producto\/ispusni-waterlock-prigusivac-vetus-mgp-127mm\/"},"modified":"2026-02-25T00:00:34","modified_gmt":"2026-02-25T00:00:34","slug":"ispusni-waterlock-prigusivac-vetus-mgp-127mm","status":"publish","type":"product","link":"https:\/\/stoic-curie.212-227-153-4.plesk.page\/hr\/product\/ispusni-waterlock-prigusivac-vetus-mgp-127mm\/","title":{"rendered":"Ispu\u0161ni waterlock prigu\u0161ivac Vetus MGP 127mm"},"content":{"rendered":"<p>Ispu\u0161ni waterlock prigu\u0161ivac Vetus MGP 127mm &#8211; <\/p>\n<p>VETUS MGP5455 vodootporni sustav je posebno dizajniran za sustave ispuha s vodom. Sadr\u017ei ulaz od 127 mm postavljen pod kutom od 45\u00b0 i izlaz od 127 mm. Ovaj vodootporni sustav uklju\u010duje rotiraju\u0107i vrh i izra\u0111en je od sinteti\u010dkih materijala otpornih na koroziju, osiguravaju\u0107i dugotrajnost. Pru\u017ea izvrsno smanjenje zvuka i ima kapacitet od 23 litre. Njegov kompaktni dizajn \u010dini ga pogodnim za ugradnju u zatvorenim prostorima, \u0161to je posebno korisno za ispu\u0161ne sustave hla\u0111ene vodom.<\/p>\n<p>MG vodootporni sustavi su pa\u017eljivo dizajnirani za suvremene visoko performansne plovila s jednim ili dva velika motora, osobito kada je prostor u strojnici ograni\u010den. Izlazna veza mo\u017ee se rotirati za punih 360\u00b0, dok je ulazna veza nagnuta prema gore pod kutom od 45\u00b0. Va\u017eno je napomenuti da su MG vodootporni sustavi namijenjeni isklju\u010divo za kori\u0161tenje u sustavima ispuha s vodom. Cijela struktura izra\u0111ena je od sinteti\u010dkih materijala koji osiguravaju otpornost na koroziju i galvanske akcije.<\/p>\n<p><strong>Specifikacije:<\/strong><\/p>\n<ul>\n<li>Izvanredno smanjenje zvuka<\/li>\n<li>Nizak povratni tlak<\/li>\n<li>Ventil za drena\u017eu za zimsko skladi\u0161tenje<\/li>\n<li>Kompatibilno s unutarnjim promjerima crijeva od \u00d8 90, 102, 127, 152, 209 ili 250 mm<\/li>\n<li>Raspon kapaciteta: 23, 75 ili 130 litara<\/li>\n<li>Dolazi s steznim trakama od nehr\u0111aju\u0107eg \u010delika (AISI 316)<\/li>\n<\/ul>\n<p><strong>Detaljne specifikacije:<\/strong><\/p>\n<ul>\n<li>Funkcija: Vodootporni sustav<\/li>\n<li>Kapacitet: 23 litre<\/li>\n<li>Promjer ulazne veze crijeva: 127 mm<\/li>\n<li>Promjer izlazne veze crijeva: 127 mm<\/li>\n<li>Duljina: 540 mm<\/li>\n<li>\u0160irina: 270 mm<\/li>\n<li>Visina: 450 mm<\/li>\n<li>Polo\u017eaj vodootpornog sustava: Vertikalan<\/li>\n<li>Te\u0161ka upotreba: Da<\/li>\n<li>Rotiraju\u0107e veze crijeva: Ne<\/li>\n<li>Rotiraju\u0107i dijelovi tijela: Da<\/li>\n<\/ul>\n","protected":false},"excerpt":{"rendered":"<p>Ispu\u0161ni waterlock prigu\u0161ivac Vetus MGP 127mm &#8211; VETUS MGP5455 vodootporni sustav je posebno dizajniran za sustave ispuha s vodom. Sadr\u017ei<\/p>\n","protected":false},"featured_media":5936563,"comment_status":"open","ping_status":"closed","template":"","meta":[],"product_brand":[3521],"product_cat":[1794],"product_tag":[],"class_list":{"0":"post-739493","1":"product","2":"type-product","3":"status-publish","4":"has-post-thumbnail","6":"product_brand-vetus-hr","7":"product_cat-ispusne-vode-i-prigusivaci","9":"first","10":"instock","11":"shipping-taxable","12":"purchasable","13":"product-type-simple"},"_links":{"self":[{"href":"https:\/\/stoic-curie.212-227-153-4.plesk.page\/hr\/wp-json\/wp\/v2\/product\/739493","targetHints":{"allow":["GET"]}}],"collection":[{"href":"https:\/\/stoic-curie.212-227-153-4.plesk.page\/hr\/wp-json\/wp\/v2\/product"}],"about":[{"href":"https:\/\/stoic-curie.212-227-153-4.plesk.page\/hr\/wp-json\/wp\/v2\/types\/product"}],"replies":[{"embeddable":true,"href":"https:\/\/stoic-curie.212-227-153-4.plesk.page\/hr\/wp-json\/wp\/v2\/comments?post=739493"}],"version-history":[{"count":0,"href":"https:\/\/stoic-curie.212-227-153-4.plesk.page\/hr\/wp-json\/wp\/v2\/product\/739493\/revisions"}],"wp:featuredmedia":[{"embeddable":true,"href":"https:\/\/stoic-curie.212-227-153-4.plesk.page\/hr\/wp-json\/wp\/v2\/media\/5936563"}],"wp:attachment":[{"href":"https:\/\/stoic-curie.212-227-153-4.plesk.page\/hr\/wp-json\/wp\/v2\/media?parent=739493"}],"wp:term":[{"taxonomy":"product_brand","embeddable":true,"href":"https:\/\/stoic-curie.212-227-153-4.plesk.page\/hr\/wp-json\/wp\/v2\/product_brand?post=739493"},{"taxonomy":"product_cat","embeddable":true,"href":"https:\/\/stoic-curie.212-227-153-4.plesk.page\/hr\/wp-json\/wp\/v2\/product_cat?post=739493"},{"taxonomy":"product_tag","embeddable":true,"href":"https:\/\/stoic-curie.212-227-153-4.plesk.page\/hr\/wp-json\/wp\/v2\/product_tag?post=739493"}],"curies":[{"name":"wp","href":"https:\/\/api.w.org\/{rel}","templated":true}]}}