{"id":739494,"date":"2025-03-03T18:04:05","date_gmt":"2025-03-03T17:04:05","guid":{"rendered":"https:\/\/stoic-curie.212-227-153-4.plesk.page\/producto\/brodsko-sjedalo-ocean-bijela-i-plava-600-x-550-x-h600-mm\/"},"modified":"2026-02-25T00:00:34","modified_gmt":"2026-02-25T00:00:34","slug":"brodsko-sjedalo-ocean-bijela-i-plava-600-x-550-x-h600-mm","status":"publish","type":"product","link":"https:\/\/stoic-curie.212-227-153-4.plesk.page\/hr\/product\/brodsko-sjedalo-ocean-bijela-i-plava-600-x-550-x-h600-mm\/","title":{"rendered":"Brodsko sjedalo Ocean bijela i plava 600 x 550 x H600 mm"},"content":{"rendered":"<p>Brodsko sjedalo Ocean bijela i plava 600 x 550 x H600 mm &#8211; <\/p>\n<p>Polietilenska ljuska s presvu\u010denim sjedi\u0161tem za off-shore kori\u0161tenje. Skay premaz morske kvalitete. Sjedi\u0161te se mo\u017ee podi\u0107i kako bi omogu\u0107ilo vo\u017enju u stoje\u0107em polo\u017eaju s naslonja\u010dem.<\/p>\n","protected":false},"excerpt":{"rendered":"<p>Brodsko sjedalo Ocean bijela i plava 600 x 550 x H600 mm &#8211; Polietilenska ljuska s presvu\u010denim sjedi\u0161tem za off-shore<\/p>\n","protected":false},"featured_media":5936569,"comment_status":"open","ping_status":"closed","template":"","meta":[],"product_brand":[2966],"product_cat":[1678],"product_tag":[],"class_list":{"0":"post-739494","1":"product","2":"type-product","3":"status-publish","4":"has-post-thumbnail","6":"product_brand-garelick-hr","7":"product_cat-brodska-sjedala","9":"first","10":"instock","11":"shipping-taxable","12":"purchasable","13":"product-type-simple"},"_links":{"self":[{"href":"https:\/\/stoic-curie.212-227-153-4.plesk.page\/hr\/wp-json\/wp\/v2\/product\/739494","targetHints":{"allow":["GET"]}}],"collection":[{"href":"https:\/\/stoic-curie.212-227-153-4.plesk.page\/hr\/wp-json\/wp\/v2\/product"}],"about":[{"href":"https:\/\/stoic-curie.212-227-153-4.plesk.page\/hr\/wp-json\/wp\/v2\/types\/product"}],"replies":[{"embeddable":true,"href":"https:\/\/stoic-curie.212-227-153-4.plesk.page\/hr\/wp-json\/wp\/v2\/comments?post=739494"}],"version-history":[{"count":0,"href":"https:\/\/stoic-curie.212-227-153-4.plesk.page\/hr\/wp-json\/wp\/v2\/product\/739494\/revisions"}],"wp:featuredmedia":[{"embeddable":true,"href":"https:\/\/stoic-curie.212-227-153-4.plesk.page\/hr\/wp-json\/wp\/v2\/media\/5936569"}],"wp:attachment":[{"href":"https:\/\/stoic-curie.212-227-153-4.plesk.page\/hr\/wp-json\/wp\/v2\/media?parent=739494"}],"wp:term":[{"taxonomy":"product_brand","embeddable":true,"href":"https:\/\/stoic-curie.212-227-153-4.plesk.page\/hr\/wp-json\/wp\/v2\/product_brand?post=739494"},{"taxonomy":"product_cat","embeddable":true,"href":"https:\/\/stoic-curie.212-227-153-4.plesk.page\/hr\/wp-json\/wp\/v2\/product_cat?post=739494"},{"taxonomy":"product_tag","embeddable":true,"href":"https:\/\/stoic-curie.212-227-153-4.plesk.page\/hr\/wp-json\/wp\/v2\/product_tag?post=739494"}],"curies":[{"name":"wp","href":"https:\/\/api.w.org\/{rel}","templated":true}]}}