{"id":739502,"date":"2025-03-03T18:04:08","date_gmt":"2025-03-03T17:04:08","guid":{"rendered":"https:\/\/stoic-curie.212-227-153-4.plesk.page\/producto\/kompaktno-sidro-hall-58kg-pocincani-celik\/"},"modified":"2026-02-25T00:00:34","modified_gmt":"2026-02-25T00:00:34","slug":"kompaktno-sidro-hall-58kg-pocincani-celik","status":"publish","type":"product","link":"https:\/\/stoic-curie.212-227-153-4.plesk.page\/hr\/product\/kompaktno-sidro-hall-58kg-pocincani-celik\/","title":{"rendered":"Sidro Hall 58kg"},"content":{"rendered":"<p>Sidro Hall 58kg &#8211; <\/p>\n<p style=\"color: rgb(34, 34, 34); font-family: Arial, Helvetica, sans-serif; font-size: small;\">Sretni smo \u0161to mo\u017eemo predstaviti galvanizirano \u010deli\u010dno kompaktno &#8220;Heavy&#8221; sidro, pa\u017eljivo dizajnirano rje\u0161enje koje ima za cilj pru\u017eiti izvanredne performanse na pje\u0161\u010danim i blatom pokrivenim morskim dnom. &#8216;Hall&#8217; Stockless sidro prepoznato je kao jedno od naj\u010de\u0161\u0107e kori\u0161tenih sidara u modernim pomorskim aktivnostima, a hvali se svojom impresivnom svestrano\u0161\u0107u i stabilnom pouzdano\u0161\u0107u u raznim morskim primjenama.<\/p>\n<p style=\"color: rgb(34, 34, 34); font-family: Arial, Helvetica, sans-serif; font-size: small;\"><strong>Dizajn:<\/strong>\u00a0Stockless sidra su pametno dizajnirana kako bi olak\u0161ala rukovanje i skladi\u0161tenje na plovilima. Imaju okretne reznice koje mogu okretati, omogu\u0107avaju\u0107i sidru da se \u010dvrsto ussidri u morskom dnu, osiguravaju\u0107i sna\u017enu odr\u017eivu mo\u0107 \u010dak i u te\u0161kim uvjetima. Ovaj inovativni povratni dizajn ne samo da pobolj\u0161ava u\u010dinkovitost sidra, ve\u0107 tako\u0111er smanjuje habanje pri\u010dvrsnih dijelova, produ\u017euju\u0107i \u017eivotni vijek va\u0161eg sidra.<\/p>\n<p style=\"color: rgb(34, 34, 34); font-family: Arial, Helvetica, sans-serif; font-size: small;\">Ova sidra su samosetting, \u0161to zna\u010di da se mogu prilagoditi razli\u010ditim tipovima morsko dna, poput blata, pijeska i stjenovitih povr\u0161ina. Ova fleksibilnost ih \u010dini idealnim izborom za brojna kori\u0161tenja, uklju\u010duju\u0107i pomorske operacije, gra\u0111evinske zadatke, ribolov i aktivnosti u naftnoj industriji, gdje je pouzdanost presudna.<\/p>\n<p style=\"color: rgb(34, 34, 34); font-family: Arial, Helvetica, sans-serif; font-size: small;\"><strong>Materijal:<\/strong>\u00a0Izra\u0111eno od visokokvalitetnog galvaniziranog \u010delika, ovo sidro je specifi\u010dno dizajnirano da izdr\u017ei zna\u010dajne napore i sile koje se javljaju tijekom sidrenja. Proces galvanizacije dodaje dodatni sloj za\u0161tite od hr\u0111e, osiguravaju\u0107i da sidro ostane funkcionalno i u\u010dinkovito tijekom vremena, \u010dak i u izazovnim pomorskim uvjetima.<\/p>\n<p style=\"color: rgb(34, 34, 34); font-family: Arial, Helvetica, sans-serif; font-size: small;\"><strong>Te\u017eina i veli\u010dina:<\/strong>\u00a0Galvanizirano \u010deli\u010dno kompaktno &#8220;Heavy&#8221; sidro dolazi u razli\u010ditim veli\u010dinama i te\u017einama, koje odgovaraju razli\u010ditim tipovima i veli\u010dinama plovila. Odabir pravog sidra je od vitalnog zna\u010daja i obi\u010dno se temelji na ukupnoj veli\u010dini i te\u017eini plovila. Ovo osigurava da sidro mo\u017ee pru\u017eiti potrebnu silu odr\u017eavanja za u\u010dinkovito osiguranje plovila.<\/p>\n<p style=\"color: rgb(34, 34, 34); font-family: Arial, Helvetica, sans-serif; font-size: small; margin-bottom: 10px; padding: 0px; border: 0px; outline: 0px;\"><strong>Odr\u017eavanje:<\/strong>\u00a0Redovito odr\u017eavanje je presudno za o\u010duvanje sigurnosti i u\u010dinkovitosti va\u0161eg sidra. To uklju\u010duje izvo\u0111enje temeljitih provjera na znakove tro\u0161enja, o\u0161te\u0107enja ili korozije. Prate\u0107i dosljedan plan odr\u017eavanja, mo\u017eete odr\u017eati svoje sidro u vrhunskom stanju, spremno za rad kada je potrebno. Pravilna njega ne samo da pobolj\u0161ava performanse sidra, ve\u0107 tako\u0111er pove\u0107ava op\u0107u sigurnost va\u0161ih pomorskih aktivnosti.<\/p>\n","protected":false},"excerpt":{"rendered":"<p>Sidro Hall 58kg &#8211; Sretni smo \u0161to mo\u017eemo predstaviti galvanizirano \u010deli\u010dno kompaktno &#8220;Heavy&#8221; sidro, pa\u017eljivo dizajnirano rje\u0161enje koje ima za<\/p>\n","protected":false},"featured_media":5936428,"comment_status":"open","ping_status":"closed","template":"","meta":[],"product_brand":[3086],"product_cat":[1864],"product_tag":[],"class_list":{"0":"post-739502","1":"product","2":"type-product","3":"status-publish","4":"has-post-thumbnail","6":"product_brand-maggigroup-hr","7":"product_cat-sidra-hall","9":"first","10":"instock","11":"shipping-taxable","12":"purchasable","13":"product-type-simple"},"_links":{"self":[{"href":"https:\/\/stoic-curie.212-227-153-4.plesk.page\/hr\/wp-json\/wp\/v2\/product\/739502","targetHints":{"allow":["GET"]}}],"collection":[{"href":"https:\/\/stoic-curie.212-227-153-4.plesk.page\/hr\/wp-json\/wp\/v2\/product"}],"about":[{"href":"https:\/\/stoic-curie.212-227-153-4.plesk.page\/hr\/wp-json\/wp\/v2\/types\/product"}],"replies":[{"embeddable":true,"href":"https:\/\/stoic-curie.212-227-153-4.plesk.page\/hr\/wp-json\/wp\/v2\/comments?post=739502"}],"version-history":[{"count":0,"href":"https:\/\/stoic-curie.212-227-153-4.plesk.page\/hr\/wp-json\/wp\/v2\/product\/739502\/revisions"}],"wp:featuredmedia":[{"embeddable":true,"href":"https:\/\/stoic-curie.212-227-153-4.plesk.page\/hr\/wp-json\/wp\/v2\/media\/5936428"}],"wp:attachment":[{"href":"https:\/\/stoic-curie.212-227-153-4.plesk.page\/hr\/wp-json\/wp\/v2\/media?parent=739502"}],"wp:term":[{"taxonomy":"product_brand","embeddable":true,"href":"https:\/\/stoic-curie.212-227-153-4.plesk.page\/hr\/wp-json\/wp\/v2\/product_brand?post=739502"},{"taxonomy":"product_cat","embeddable":true,"href":"https:\/\/stoic-curie.212-227-153-4.plesk.page\/hr\/wp-json\/wp\/v2\/product_cat?post=739502"},{"taxonomy":"product_tag","embeddable":true,"href":"https:\/\/stoic-curie.212-227-153-4.plesk.page\/hr\/wp-json\/wp\/v2\/product_tag?post=739502"}],"curies":[{"name":"wp","href":"https:\/\/api.w.org\/{rel}","templated":true}]}}