{"id":739504,"date":"2025-03-03T18:04:08","date_gmt":"2025-03-03T17:04:08","guid":{"rendered":"https:\/\/stoic-curie.212-227-153-4.plesk.page\/producto\/palubni-prozor-saralon-jba-490-x-490-mm\/"},"modified":"2026-02-25T00:00:34","modified_gmt":"2026-02-25T00:00:34","slug":"palubni-prozor-saralon-jba-490-x-490-mm","status":"publish","type":"product","link":"https:\/\/stoic-curie.212-227-153-4.plesk.page\/hr\/product\/palubni-prozor-saralon-jba-490-x-490-mm\/","title":{"rendered":"Palubni prozor Saralon JBA 490 x 490 mm"},"content":{"rendered":"<p>Palubni prozor Saralon JBA 490 x 490 mm &#8211; <\/p>\n<p style=\"color: rgb(34, 34, 34); font-family: Arial, Helvetica, sans-serif; font-size: small;\">Jim Black morski otvori su pa\u017eljivo izra\u0111eni s naglaskom na prakti\u010dnost, estetiku i trajnu izvedbu. Ovi otvori su konstruirani od iznimno izdr\u017eljive Saralon polipropilenske smole, posebno dizajnirane da izdr\u017ee te\u0161ke vremenske uvjete, udarce, otapala i UV zra\u010denje. Za pobolj\u0161anu sigurnost, svaki otvor opremljen je vanjskim ru\u010dkama za olak\u0161avanje hitnih izlaza.<\/p>\n<p style=\"color: rgb(34, 34, 34); font-family: Arial, Helvetica, sans-serif; font-size: small;\">Svaka jedinica je opremljena le\u0107om od kaljenog stakla koja je otporna na udarce i ogrebotine, osiguravaju\u0107i optimalnu vidljivost. Nadalje, svaki otvor dolazi s obodnom prstenom i s visinom palube od 28 mm.<\/p>\n<p style=\"color: rgb(34, 34, 34); font-family: Arial, Helvetica, sans-serif; font-size: small;\"><strong>Istaknute karakteristike:<\/strong><\/p>\n<ul style=\"color: rgb(34, 34, 34); font-family: Arial, Helvetica, sans-serif; font-size: small;\">\n<li><strong>Materijali<\/strong>: Izra\u0111eni od staklom oja\u010danog polipropilena i UV-stabilizirane Saralon smole.<\/li>\n<li><strong>Otpornost na vodu<\/strong>: Dizajnirani da budu vodootporni, ovi otvori sadr\u017ee \u010dvrsti brtveni sustav koji sprje\u010dava prodiranje vode.<\/li>\n<li><strong>\u010cvrsto\u0107a<\/strong>: Dizajnirani za dugovje\u010dnost, Jim Black otvori imaju \u0161uplji brtveni sustav za pobolj\u0161anu izdr\u017eljivost.<\/li>\n<li><strong>Otpornost na vremenske uvjete<\/strong>: Idealni za visoko prometna okru\u017eenja, ovi otvori su savr\u0161eni za suho skladi\u0161tenje i za pristup vodovodnim i elektri\u010dnim sustavima.<\/li>\n<\/ul>\n<p style=\"color: rgb(34, 34, 34); font-family: Arial, Helvetica, sans-serif; font-size: small;\"><strong>Dodatni detalji:<\/strong><\/p>\n<ul style=\"color: rgb(34, 34, 34); font-family: Arial, Helvetica, sans-serif; font-size: small;\">\n<li>UV stabilna plasti\u010dna smola<\/li>\n<li>Otpornost na kemikalije<\/li>\n<li>\u0160uplji brtveni sustav s 2&#8243; promjera i .500 kompresije za superiornu vodootpornost<\/li>\n<li>1\/4&#8243; kaljeno staklo za \u010dvrsto\u0107u, jasno\u0107u i otpornost na kemikalije<\/li>\n<li>Dopunski obod<\/li>\n<li>CE certificirano<\/li>\n<li>Vanjske ru\u010dke za hitne izlaze<\/li>\n<\/ul>\n<p style=\"color: rgb(34, 34, 34); font-family: Arial, Helvetica, sans-serif; font-size: small;\">Pozivamo vas da odaberete Jim Black morski otvori za pouzdano i elegantno rje\u0161enje za va\u0161e pomorske potrebe.<\/p>\n","protected":false},"excerpt":{"rendered":"<p>Palubni prozor Saralon JBA 490 x 490 mm &#8211; Jim Black morski otvori su pa\u017eljivo izra\u0111eni s naglaskom na prakti\u010dnost,<\/p>\n","protected":false},"featured_media":5936586,"comment_status":"open","ping_status":"closed","template":"","meta":[],"product_brand":[3036],"product_cat":[1702],"product_tag":[],"class_list":{"0":"post-739504","1":"product","2":"type-product","3":"status-publish","4":"has-post-thumbnail","6":"product_brand-jba-marine-hr","7":"product_cat-brodske-grotlasca-i-otvori","9":"first","10":"instock","11":"shipping-taxable","12":"purchasable","13":"product-type-simple"},"_links":{"self":[{"href":"https:\/\/stoic-curie.212-227-153-4.plesk.page\/hr\/wp-json\/wp\/v2\/product\/739504","targetHints":{"allow":["GET"]}}],"collection":[{"href":"https:\/\/stoic-curie.212-227-153-4.plesk.page\/hr\/wp-json\/wp\/v2\/product"}],"about":[{"href":"https:\/\/stoic-curie.212-227-153-4.plesk.page\/hr\/wp-json\/wp\/v2\/types\/product"}],"replies":[{"embeddable":true,"href":"https:\/\/stoic-curie.212-227-153-4.plesk.page\/hr\/wp-json\/wp\/v2\/comments?post=739504"}],"version-history":[{"count":0,"href":"https:\/\/stoic-curie.212-227-153-4.plesk.page\/hr\/wp-json\/wp\/v2\/product\/739504\/revisions"}],"wp:featuredmedia":[{"embeddable":true,"href":"https:\/\/stoic-curie.212-227-153-4.plesk.page\/hr\/wp-json\/wp\/v2\/media\/5936586"}],"wp:attachment":[{"href":"https:\/\/stoic-curie.212-227-153-4.plesk.page\/hr\/wp-json\/wp\/v2\/media?parent=739504"}],"wp:term":[{"taxonomy":"product_brand","embeddable":true,"href":"https:\/\/stoic-curie.212-227-153-4.plesk.page\/hr\/wp-json\/wp\/v2\/product_brand?post=739504"},{"taxonomy":"product_cat","embeddable":true,"href":"https:\/\/stoic-curie.212-227-153-4.plesk.page\/hr\/wp-json\/wp\/v2\/product_cat?post=739504"},{"taxonomy":"product_tag","embeddable":true,"href":"https:\/\/stoic-curie.212-227-153-4.plesk.page\/hr\/wp-json\/wp\/v2\/product_tag?post=739504"}],"curies":[{"name":"wp","href":"https:\/\/api.w.org\/{rel}","templated":true}]}}