{"id":739505,"date":"2025-03-03T18:04:09","date_gmt":"2025-03-03T17:04:09","guid":{"rendered":"https:\/\/stoic-curie.212-227-153-4.plesk.page\/producto\/palubni-prozor-saralon-jba-565-x-565-mm\/"},"modified":"2026-02-25T00:00:34","modified_gmt":"2026-02-25T00:00:34","slug":"palubni-prozor-saralon-jba-565-x-565-mm","status":"publish","type":"product","link":"https:\/\/stoic-curie.212-227-153-4.plesk.page\/hr\/product\/palubni-prozor-saralon-jba-565-x-565-mm\/","title":{"rendered":"Palubni prozor Saralon JBA 565 x 565 mm"},"content":{"rendered":"<p>Palubni prozor Saralon JBA 565 x 565 mm &#8211; <\/p>\n<p style=\"color: rgb(34, 34, 34); font-family: Arial, Helvetica, sans-serif; font-size: small;\">Predstavljamo Jim Black marine poklopce, dizajnirane s naglaskom na prakti\u010dnost, estetiku i dugotrajnu izvedbu. Ovi poklopci su izra\u0111eni od izdr\u017eljivog Saralon polipropilenskog okvira koji izdr\u017ei te\u0161ke vremenske uvjete, udarce, otapala i UV-zra\u010denje. Radi dodatne sigurnosti, opremljeni su vanjskim ru\u010dkama za hitne izlaze.<\/p>\n<p style=\"color: rgb(34, 34, 34); font-family: Arial, Helvetica, sans-serif; font-size: small;\">Svaki poklopac ima kaljeno staklo koje je otporno na udarce i ogrebanja, \u0161to jam\u010di jasnu vidljivost. Svaka jedinica dolazi s obru\u010dem i ima visinu palube od 28 mm.<\/p>\n<p style=\"color: rgb(34, 34, 34); font-family: Arial, Helvetica, sans-serif; font-size: small;\">Istaknute karakteristike:<\/p>\n<ul style=\"color: rgb(34, 34, 34); font-family: Arial, Helvetica, sans-serif; font-size: small;\">\n<li><strong>Materijali<\/strong>: Izra\u0111eni od stakloplastike i UV-stabilizirane Saralon smole.<\/li>\n<li><strong>Otpornost na vodu<\/strong>: Dizajnirani da budu vodonepropusni, ovi poklopci uklju\u010duju robusnu brtvu koja sprje\u010dava ulazak vode.<\/li>\n<li><strong>Izdr\u017eljivost<\/strong>: Dizajnirani za dugotrajnost, Jim Black poklopci uklju\u010duju \u0161uplju brtvu za pove\u0107anje izdr\u017eljivosti.<\/li>\n<li><strong>Otpornost na vremenske uvjete<\/strong>: Idealni za podru\u010dja s velikim prometom, ovi poklopci su odli\u010dni za suho skladi\u0161tenje i pristup vodovodnim i elektri\u010dnim sustavima.<\/li>\n<\/ul>\n<p style=\"color: rgb(34, 34, 34); font-family: Arial, Helvetica, sans-serif; font-size: small;\">Dodatne informacije:<\/p>\n<ul style=\"color: rgb(34, 34, 34); font-family: Arial, Helvetica, sans-serif; font-size: small;\">\n<li>UV stabilna plasti\u010dna smola<\/li>\n<li>Otporan na kemikalije<\/li>\n<li>2&#8243; \u0161uplja brtva s .500 potisnom snagom za vrhunsku otpornost na vodu<\/li>\n<li>1\/4&#8243; kaljeno staklo za \u010dvrsto\u0107u, jasno\u0107u i otpornost na kemikalije<\/li>\n<li>Komplementarni obru\u010d<\/li>\n<li>CE certificirano<\/li>\n<li>Vanjske ru\u010dke za hitne izlaze<\/li>\n<\/ul>\n<p style=\"color: rgb(34, 34, 34); font-family: Arial, Helvetica, sans-serif; font-size: small;\">Odaberite Jim Black marine poklopce za pouzdan i moderan izbor za va\u0161e morske potrebe.<\/p>\n","protected":false},"excerpt":{"rendered":"<p>Palubni prozor Saralon JBA 565 x 565 mm &#8211; Predstavljamo Jim Black marine poklopce, dizajnirane s naglaskom na prakti\u010dnost, estetiku<\/p>\n","protected":false},"featured_media":5936586,"comment_status":"open","ping_status":"closed","template":"","meta":[],"product_brand":[3036],"product_cat":[1702],"product_tag":[],"class_list":{"0":"post-739505","1":"product","2":"type-product","3":"status-publish","4":"has-post-thumbnail","6":"product_brand-jba-marine-hr","7":"product_cat-brodske-grotlasca-i-otvori","9":"first","10":"instock","11":"shipping-taxable","12":"purchasable","13":"product-type-simple"},"_links":{"self":[{"href":"https:\/\/stoic-curie.212-227-153-4.plesk.page\/hr\/wp-json\/wp\/v2\/product\/739505","targetHints":{"allow":["GET"]}}],"collection":[{"href":"https:\/\/stoic-curie.212-227-153-4.plesk.page\/hr\/wp-json\/wp\/v2\/product"}],"about":[{"href":"https:\/\/stoic-curie.212-227-153-4.plesk.page\/hr\/wp-json\/wp\/v2\/types\/product"}],"replies":[{"embeddable":true,"href":"https:\/\/stoic-curie.212-227-153-4.plesk.page\/hr\/wp-json\/wp\/v2\/comments?post=739505"}],"version-history":[{"count":0,"href":"https:\/\/stoic-curie.212-227-153-4.plesk.page\/hr\/wp-json\/wp\/v2\/product\/739505\/revisions"}],"wp:featuredmedia":[{"embeddable":true,"href":"https:\/\/stoic-curie.212-227-153-4.plesk.page\/hr\/wp-json\/wp\/v2\/media\/5936586"}],"wp:attachment":[{"href":"https:\/\/stoic-curie.212-227-153-4.plesk.page\/hr\/wp-json\/wp\/v2\/media?parent=739505"}],"wp:term":[{"taxonomy":"product_brand","embeddable":true,"href":"https:\/\/stoic-curie.212-227-153-4.plesk.page\/hr\/wp-json\/wp\/v2\/product_brand?post=739505"},{"taxonomy":"product_cat","embeddable":true,"href":"https:\/\/stoic-curie.212-227-153-4.plesk.page\/hr\/wp-json\/wp\/v2\/product_cat?post=739505"},{"taxonomy":"product_tag","embeddable":true,"href":"https:\/\/stoic-curie.212-227-153-4.plesk.page\/hr\/wp-json\/wp\/v2\/product_tag?post=739505"}],"curies":[{"name":"wp","href":"https:\/\/api.w.org\/{rel}","templated":true}]}}