{"id":739506,"date":"2025-03-03T18:04:09","date_gmt":"2025-03-03T17:04:09","guid":{"rendered":"https:\/\/stoic-curie.212-227-153-4.plesk.page\/producto\/wc-johnson-aquat-rucni-comfort\/"},"modified":"2026-02-25T00:00:34","modified_gmt":"2026-02-25T00:00:34","slug":"wc-johnson-aquat-rucni-comfort","status":"publish","type":"product","link":"https:\/\/stoic-curie.212-227-153-4.plesk.page\/hr\/product\/wc-johnson-aquat-rucni-comfort\/","title":{"rendered":"WC Johnson AquaT ru\u010dni Comfort"},"content":{"rendered":"<p>WC Johnson AquaT ru\u010dni Comfort &#8211; <\/p>\n<p>Johnson AquaT WC ima ergonomski dizajniranu ru\u010dnu pumpu s dvostrukim djelovanjem koja se mo\u017ee montirati lijevo ili desno. Funkcionira s slatkom i slanom vodom i mo\u017ee se montirati iznad ili ispod razine vode.<br \/>Dostupno u tri modela:<br \/>\u2022 Kompaktno \u2013 kompaktnije za ograni\u010dene prostore s okruglim sjedalom<br \/>\u2022 Udobnost \u2013 ve\u0107e i udobnije s ovalnim sjedalom<br \/>\u2022 Super kompaktno \u2013 manje i lak\u0161e s okruglim sjedalom<br \/>Izra\u0111en od izuzetno kvalitetne bijele vitrificirane keramike za savr\u0161enu higijenu.<br \/>Prakti\u010dno, tiho i pouzdano. Sna\u017ena uvrtna radnja za u\u010dinkovito ispiranje.<br \/>Mjedena vodilica klipa za pove\u0107anu trajnost.<br \/>Prolazni ventil s oprugom za lak\u0161e primanje.<br \/>Duple povratne valve s punim prolazom od 38 mm (1 1\/2&#8243;) kako bi se sprije\u010dilo vra\u0107anje vode.<br \/>Vi\u0161ekutni izlaz za ve\u0107u slobodu pri instalaciji.<br \/>Double sealing base plug for winter drain and easy cleaning access.<br \/>Pristupne to\u010dke za monta\u017eu za br\u017eu instalaciju bez specijalnih alata.<br \/>Elasti\u010dni obrazac rupica na bazi, za lako zamjenjivanje s naj\u010de\u0161\u0107im WC-ima na tr\u017ei\u0161tu. Ulaz \u00c3\u00b8 20 mm (3\/4&#8243;) izlaz \u00c3\u00b8 38 mm (1&#8243; 1\/2). 3-godi\u0161nja garancija.<\/p>\n","protected":false},"excerpt":{"rendered":"<p>WC Johnson AquaT ru\u010dni Comfort &#8211; Johnson AquaT WC ima ergonomski dizajniranu ru\u010dnu pumpu s dvostrukim djelovanjem koja se mo\u017ee<\/p>\n","protected":false},"featured_media":5936591,"comment_status":"open","ping_status":"closed","template":"","meta":[],"product_brand":[3046],"product_cat":[1675],"product_tag":[],"class_list":{"0":"post-739506","1":"product","2":"type-product","3":"status-publish","4":"has-post-thumbnail","6":"product_brand-johnson-marine-hr","7":"product_cat-brodski-wc","9":"first","10":"instock","11":"shipping-taxable","12":"purchasable","13":"product-type-simple"},"_links":{"self":[{"href":"https:\/\/stoic-curie.212-227-153-4.plesk.page\/hr\/wp-json\/wp\/v2\/product\/739506","targetHints":{"allow":["GET"]}}],"collection":[{"href":"https:\/\/stoic-curie.212-227-153-4.plesk.page\/hr\/wp-json\/wp\/v2\/product"}],"about":[{"href":"https:\/\/stoic-curie.212-227-153-4.plesk.page\/hr\/wp-json\/wp\/v2\/types\/product"}],"replies":[{"embeddable":true,"href":"https:\/\/stoic-curie.212-227-153-4.plesk.page\/hr\/wp-json\/wp\/v2\/comments?post=739506"}],"version-history":[{"count":0,"href":"https:\/\/stoic-curie.212-227-153-4.plesk.page\/hr\/wp-json\/wp\/v2\/product\/739506\/revisions"}],"wp:featuredmedia":[{"embeddable":true,"href":"https:\/\/stoic-curie.212-227-153-4.plesk.page\/hr\/wp-json\/wp\/v2\/media\/5936591"}],"wp:attachment":[{"href":"https:\/\/stoic-curie.212-227-153-4.plesk.page\/hr\/wp-json\/wp\/v2\/media?parent=739506"}],"wp:term":[{"taxonomy":"product_brand","embeddable":true,"href":"https:\/\/stoic-curie.212-227-153-4.plesk.page\/hr\/wp-json\/wp\/v2\/product_brand?post=739506"},{"taxonomy":"product_cat","embeddable":true,"href":"https:\/\/stoic-curie.212-227-153-4.plesk.page\/hr\/wp-json\/wp\/v2\/product_cat?post=739506"},{"taxonomy":"product_tag","embeddable":true,"href":"https:\/\/stoic-curie.212-227-153-4.plesk.page\/hr\/wp-json\/wp\/v2\/product_tag?post=739506"}],"curies":[{"name":"wp","href":"https:\/\/api.w.org\/{rel}","templated":true}]}}