{"id":739512,"date":"2025-03-03T18:04:10","date_gmt":"2025-03-03T17:04:10","guid":{"rendered":"https:\/\/stoic-curie.212-227-153-4.plesk.page\/producto\/roleta-za-palubni-prozor-730x8600-mm\/"},"modified":"2026-02-25T00:00:34","modified_gmt":"2026-02-25T00:00:34","slug":"roleta-za-palubni-prozor-730x8600-mm","status":"publish","type":"product","link":"https:\/\/stoic-curie.212-227-153-4.plesk.page\/hr\/product\/roleta-za-palubni-prozor-730x8600-mm\/","title":{"rendered":"Roleta za palubni prozor 730&#215;8600 mm"},"content":{"rendered":"<p>Roleta za palubni prozor 730&#215;8600 mm &#8211; <\/p>\n<p>Zavjese za privatnost pri zalasku sunca s bijelim lakiranim okvirom od nehr\u0111aju\u0107eg \u010delika i oprugama od nehr\u0111aju\u0107eg \u010delika. Platno srebrnog poliestera u prahu odra\u017eava sun\u010deve zrake. Lako se montira na poklopce i prozore.<\/p>\n","protected":false},"excerpt":{"rendered":"<p>Roleta za palubni prozor 730&#215;8600 mm &#8211; Zavjese za privatnost pri zalasku sunca s bijelim lakiranim okvirom od nehr\u0111aju\u0107eg \u010delika<\/p>\n","protected":false},"featured_media":5936608,"comment_status":"open","ping_status":"closed","template":"","meta":[],"product_brand":[3166],"product_cat":[1702],"product_tag":[],"class_list":{"0":"post-739512","1":"product","2":"type-product","3":"status-publish","4":"has-post-thumbnail","6":"product_brand-nautica-f4-hr","7":"product_cat-brodske-grotlasca-i-otvori","9":"first","10":"instock","11":"shipping-taxable","12":"purchasable","13":"product-type-simple"},"_links":{"self":[{"href":"https:\/\/stoic-curie.212-227-153-4.plesk.page\/hr\/wp-json\/wp\/v2\/product\/739512","targetHints":{"allow":["GET"]}}],"collection":[{"href":"https:\/\/stoic-curie.212-227-153-4.plesk.page\/hr\/wp-json\/wp\/v2\/product"}],"about":[{"href":"https:\/\/stoic-curie.212-227-153-4.plesk.page\/hr\/wp-json\/wp\/v2\/types\/product"}],"replies":[{"embeddable":true,"href":"https:\/\/stoic-curie.212-227-153-4.plesk.page\/hr\/wp-json\/wp\/v2\/comments?post=739512"}],"version-history":[{"count":0,"href":"https:\/\/stoic-curie.212-227-153-4.plesk.page\/hr\/wp-json\/wp\/v2\/product\/739512\/revisions"}],"wp:featuredmedia":[{"embeddable":true,"href":"https:\/\/stoic-curie.212-227-153-4.plesk.page\/hr\/wp-json\/wp\/v2\/media\/5936608"}],"wp:attachment":[{"href":"https:\/\/stoic-curie.212-227-153-4.plesk.page\/hr\/wp-json\/wp\/v2\/media?parent=739512"}],"wp:term":[{"taxonomy":"product_brand","embeddable":true,"href":"https:\/\/stoic-curie.212-227-153-4.plesk.page\/hr\/wp-json\/wp\/v2\/product_brand?post=739512"},{"taxonomy":"product_cat","embeddable":true,"href":"https:\/\/stoic-curie.212-227-153-4.plesk.page\/hr\/wp-json\/wp\/v2\/product_cat?post=739512"},{"taxonomy":"product_tag","embeddable":true,"href":"https:\/\/stoic-curie.212-227-153-4.plesk.page\/hr\/wp-json\/wp\/v2\/product_tag?post=739512"}],"curies":[{"name":"wp","href":"https:\/\/api.w.org\/{rel}","templated":true}]}}