{"id":739536,"date":"2025-03-03T18:04:16","date_gmt":"2025-03-03T17:04:16","guid":{"rendered":"https:\/\/stoic-curie.212-227-153-4.plesk.page\/producto\/elektricna-sirena-od-nehrdajuceg-celika-nmma-470mm-24v\/"},"modified":"2026-02-25T00:00:34","modified_gmt":"2026-02-25T00:00:34","slug":"elektricna-sirena-od-nehrdajuceg-celika-nmma-470mm-24v","status":"publish","type":"product","link":"https:\/\/stoic-curie.212-227-153-4.plesk.page\/hr\/product\/elektricna-sirena-od-nehrdajuceg-celika-nmma-470mm-24v\/","title":{"rendered":"Elektri\u010dna sirena od nehr\u0111aju\u0107eg \u010delika NMMA 470mm 24V"},"content":{"rendered":"<p>Elektri\u010dna sirena od nehr\u0111aju\u0107eg \u010delika NMMA 470mm 24V &#8211; <\/p>\n<p>Elektri\u010dni pojedina\u010dni dijafragmasti truba\u0161ki rog od nehr\u0111aju\u0107eg \u010delika, odobren od strane NMMA. Dr\u017ea\u010d s uvu\u010denim kabelom.<\/p>\n","protected":false},"excerpt":{"rendered":"<p>Elektri\u010dna sirena od nehr\u0111aju\u0107eg \u010delika NMMA 470mm 24V &#8211; Elektri\u010dni pojedina\u010dni dijafragmasti truba\u0161ki rog od nehr\u0111aju\u0107eg \u010delika, odobren od strane<\/p>\n","protected":false},"featured_media":5936630,"comment_status":"open","ping_status":"closed","template":"","meta":[],"product_brand":[3096],"product_cat":[1747],"product_tag":[],"class_list":{"0":"post-739536","1":"product","2":"type-product","3":"status-publish","4":"has-post-thumbnail","6":"product_brand-marco-hr","7":"product_cat-rogovi","9":"first","10":"instock","11":"shipping-taxable","12":"purchasable","13":"product-type-simple"},"_links":{"self":[{"href":"https:\/\/stoic-curie.212-227-153-4.plesk.page\/hr\/wp-json\/wp\/v2\/product\/739536","targetHints":{"allow":["GET"]}}],"collection":[{"href":"https:\/\/stoic-curie.212-227-153-4.plesk.page\/hr\/wp-json\/wp\/v2\/product"}],"about":[{"href":"https:\/\/stoic-curie.212-227-153-4.plesk.page\/hr\/wp-json\/wp\/v2\/types\/product"}],"replies":[{"embeddable":true,"href":"https:\/\/stoic-curie.212-227-153-4.plesk.page\/hr\/wp-json\/wp\/v2\/comments?post=739536"}],"version-history":[{"count":0,"href":"https:\/\/stoic-curie.212-227-153-4.plesk.page\/hr\/wp-json\/wp\/v2\/product\/739536\/revisions"}],"wp:featuredmedia":[{"embeddable":true,"href":"https:\/\/stoic-curie.212-227-153-4.plesk.page\/hr\/wp-json\/wp\/v2\/media\/5936630"}],"wp:attachment":[{"href":"https:\/\/stoic-curie.212-227-153-4.plesk.page\/hr\/wp-json\/wp\/v2\/media?parent=739536"}],"wp:term":[{"taxonomy":"product_brand","embeddable":true,"href":"https:\/\/stoic-curie.212-227-153-4.plesk.page\/hr\/wp-json\/wp\/v2\/product_brand?post=739536"},{"taxonomy":"product_cat","embeddable":true,"href":"https:\/\/stoic-curie.212-227-153-4.plesk.page\/hr\/wp-json\/wp\/v2\/product_cat?post=739536"},{"taxonomy":"product_tag","embeddable":true,"href":"https:\/\/stoic-curie.212-227-153-4.plesk.page\/hr\/wp-json\/wp\/v2\/product_tag?post=739536"}],"curies":[{"name":"wp","href":"https:\/\/api.w.org\/{rel}","templated":true}]}}