{"id":739538,"date":"2025-03-03T18:04:16","date_gmt":"2025-03-03T17:04:16","guid":{"rendered":"https:\/\/stoic-curie.212-227-153-4.plesk.page\/producto\/palubni-prozor-saralon-jba-525-x-525-mm\/"},"modified":"2026-02-25T00:00:34","modified_gmt":"2026-02-25T00:00:34","slug":"palubni-prozor-saralon-jba-525-x-525-mm","status":"publish","type":"product","link":"https:\/\/stoic-curie.212-227-153-4.plesk.page\/hr\/product\/palubni-prozor-saralon-jba-525-x-525-mm\/","title":{"rendered":"Palubni prozor Saralon JBA 525 x 525 mm"},"content":{"rendered":"<p>Palubni prozor Saralon JBA 525 x 525 mm &#8211; <\/p>\n<p style=\"color: rgb(34, 34, 34); font-family: Arial, Helvetica, sans-serif; font-size: small;\">S ponosom predstavljamo Jim Black pomorske otvore, pa\u017eljivo dizajnirane s naglaskom na prakti\u010dnost, estetiku i dugotrajne performanse. Ovi otvori su izra\u0111eni od izuzetno izdr\u017eljivog okvira od Saralon polipropilena, osmi\u0161ljenog da izdr\u017ei ekstremne vremenske uvjete, udarce, otapala i UV zrake. Za pove\u0107anu sigurnost, svaki otvor opremljen je vanjskim ru\u010dkama za olak\u0161avanje hitnih izlaza.<\/p>\n<p style=\"color: rgb(34, 34, 34); font-family: Arial, Helvetica, sans-serif; font-size: small;\">Svaka jedinica ima kaljeno stakleno so\u010divo koje je otporno na udarce i ogrebotine, osiguravaju\u0107i optimalnu vidljivost. Dodatno, svaki otvor dolazi s okvirom za zavr\u0161nu obradu i ima visinu deka od 28 mm.<\/p>\n<p style=\"color: rgb(34, 34, 34); font-family: Arial, Helvetica, sans-serif; font-size: small;\"><strong>Istaknute zna\u010dajke:<\/strong><\/p>\n<ul style=\"color: rgb(34, 34, 34); font-family: Arial, Helvetica, sans-serif; font-size: small;\">\n<li><strong>Materijali<\/strong>: Izra\u0111eni od staklom oja\u010danog polipropilena i UV-stabiliziranog Saralon smole.<\/li>\n<li><strong>Otpornost na vodu<\/strong>: Dizajnirani da budu vodonepropusni, ovi otvori uklju\u010duju robusnu brtvu kako bi se sprije\u010dio prodor vode.<\/li>\n<li><strong>Izdr\u017eljivost<\/strong>: Osmi\u0161ljeni za dugotrajnu upotrebu, Jim Black otvori uklju\u010duju brtvu s \u0161upljim jezgrom za pove\u0107anu izdr\u017eljivost.<\/li>\n<li><strong>Otpornost na vremenske uvjete<\/strong>: Savr\u0161eni za prometna okru\u017eenja, ovi otvori su idealni za suho skladi\u0161tenje i pristup vodovodnim i elektri\u010dnim sustavima.<\/li>\n<\/ul>\n<p style=\"color: rgb(34, 34, 34); font-family: Arial, Helvetica, sans-serif; font-size: small;\"><strong>Dodatni detalji:<\/strong><\/p>\n<ul style=\"color: rgb(34, 34, 34); font-family: Arial, Helvetica, sans-serif; font-size: small;\">\n<li>UV stabilna plasti\u010dna smola<\/li>\n<li>Otporna na kemikalije<\/li>\n<li>2&#8243; brtva s praznom jezgrom s .500 kompresijom za superiornu otpornost na vodu<\/li>\n<li>1\/4&#8243; kaljeno staklo za snagu, jasno\u0107u i otpornost na kemikalije<\/li>\n<li>Dopunski okvir za zavr\u0161nu obradu<\/li>\n<li>CE oznaka<\/li>\n<li>Vanjske ru\u010dke za hitne izlaze<\/li>\n<\/ul>\n<p style=\"color: rgb(34, 34, 34); font-family: Arial, Helvetica, sans-serif; font-size: small;\">Odaberite Jim Black pomorske otvore za pouzdano i elegantno rje\u0161enje za va\u0161e pomorske potrebe.<\/p>\n","protected":false},"excerpt":{"rendered":"<p>Palubni prozor Saralon JBA 525 x 525 mm &#8211; S ponosom predstavljamo Jim Black pomorske otvore, pa\u017eljivo dizajnirane s naglaskom<\/p>\n","protected":false},"featured_media":5936586,"comment_status":"open","ping_status":"closed","template":"","meta":[],"product_brand":[3036],"product_cat":[1702],"product_tag":[],"class_list":{"0":"post-739538","1":"product","2":"type-product","3":"status-publish","4":"has-post-thumbnail","6":"product_brand-jba-marine-hr","7":"product_cat-brodske-grotlasca-i-otvori","9":"first","10":"instock","11":"shipping-taxable","12":"purchasable","13":"product-type-simple"},"_links":{"self":[{"href":"https:\/\/stoic-curie.212-227-153-4.plesk.page\/hr\/wp-json\/wp\/v2\/product\/739538","targetHints":{"allow":["GET"]}}],"collection":[{"href":"https:\/\/stoic-curie.212-227-153-4.plesk.page\/hr\/wp-json\/wp\/v2\/product"}],"about":[{"href":"https:\/\/stoic-curie.212-227-153-4.plesk.page\/hr\/wp-json\/wp\/v2\/types\/product"}],"replies":[{"embeddable":true,"href":"https:\/\/stoic-curie.212-227-153-4.plesk.page\/hr\/wp-json\/wp\/v2\/comments?post=739538"}],"version-history":[{"count":0,"href":"https:\/\/stoic-curie.212-227-153-4.plesk.page\/hr\/wp-json\/wp\/v2\/product\/739538\/revisions"}],"wp:featuredmedia":[{"embeddable":true,"href":"https:\/\/stoic-curie.212-227-153-4.plesk.page\/hr\/wp-json\/wp\/v2\/media\/5936586"}],"wp:attachment":[{"href":"https:\/\/stoic-curie.212-227-153-4.plesk.page\/hr\/wp-json\/wp\/v2\/media?parent=739538"}],"wp:term":[{"taxonomy":"product_brand","embeddable":true,"href":"https:\/\/stoic-curie.212-227-153-4.plesk.page\/hr\/wp-json\/wp\/v2\/product_brand?post=739538"},{"taxonomy":"product_cat","embeddable":true,"href":"https:\/\/stoic-curie.212-227-153-4.plesk.page\/hr\/wp-json\/wp\/v2\/product_cat?post=739538"},{"taxonomy":"product_tag","embeddable":true,"href":"https:\/\/stoic-curie.212-227-153-4.plesk.page\/hr\/wp-json\/wp\/v2\/product_tag?post=739538"}],"curies":[{"name":"wp","href":"https:\/\/api.w.org\/{rel}","templated":true}]}}