{"id":739539,"date":"2025-03-03T18:04:17","date_gmt":"2025-03-03T17:04:17","guid":{"rendered":"https:\/\/stoic-curie.212-227-153-4.plesk.page\/producto\/navigacijski-kompas-riviera-aries-65-mm-bijelo-i-crno\/"},"modified":"2026-02-25T00:00:34","modified_gmt":"2026-02-25T00:00:34","slug":"navigacijski-kompas-riviera-aries-65-mm-bijelo-i-crno","status":"publish","type":"product","link":"https:\/\/stoic-curie.212-227-153-4.plesk.page\/hr\/product\/navigacijski-kompas-riviera-aries-65-mm-bijelo-i-crno\/","title":{"rendered":"Navigacijski kompas Riviera Aries; 65 mm bijelo i crno"},"content":{"rendered":"<p>Navigacijski kompas Riviera Aries; 65 mm bijelo i crno &#8211; <\/p>\n<p>Binnacle montirani Aries kompas s ekranom protiv odsjaja za male brodove. <br \/> \u2022 Lako se uklanja zahvaljuju\u0107i bajonetnom pri\u010dvr\u0161\u0107ivanju <br \/> \u2022 \u010citanje no\u0107u s luminescentnim brojkama <br \/> \u2022 O\u010ditavanje promjera karte 2 1\/2 &#8211; 65 mm <br \/> \u2022 Prednje o\u010ditanje (graduacija karte 5\u00b0) <br \/> \u2022 Za standardne i brze brodove <br \/> \u2022 Jamstvo 3 godine<\/p>\n","protected":false},"excerpt":{"rendered":"<p>Navigacijski kompas Riviera Aries; 65 mm bijelo i crno &#8211; Binnacle montirani Aries kompas s ekranom protiv odsjaja za male<\/p>\n","protected":false},"featured_media":5936635,"comment_status":"open","ping_status":"closed","template":"","meta":[],"product_brand":[3306],"product_cat":[1780],"product_tag":[],"class_list":{"0":"post-739539","1":"product","2":"type-product","3":"status-publish","4":"has-post-thumbnail","6":"product_brand-riviera-hr","7":"product_cat-navigacijski-kompas","9":"first","10":"instock","11":"shipping-taxable","12":"purchasable","13":"product-type-simple"},"_links":{"self":[{"href":"https:\/\/stoic-curie.212-227-153-4.plesk.page\/hr\/wp-json\/wp\/v2\/product\/739539","targetHints":{"allow":["GET"]}}],"collection":[{"href":"https:\/\/stoic-curie.212-227-153-4.plesk.page\/hr\/wp-json\/wp\/v2\/product"}],"about":[{"href":"https:\/\/stoic-curie.212-227-153-4.plesk.page\/hr\/wp-json\/wp\/v2\/types\/product"}],"replies":[{"embeddable":true,"href":"https:\/\/stoic-curie.212-227-153-4.plesk.page\/hr\/wp-json\/wp\/v2\/comments?post=739539"}],"version-history":[{"count":0,"href":"https:\/\/stoic-curie.212-227-153-4.plesk.page\/hr\/wp-json\/wp\/v2\/product\/739539\/revisions"}],"wp:featuredmedia":[{"embeddable":true,"href":"https:\/\/stoic-curie.212-227-153-4.plesk.page\/hr\/wp-json\/wp\/v2\/media\/5936635"}],"wp:attachment":[{"href":"https:\/\/stoic-curie.212-227-153-4.plesk.page\/hr\/wp-json\/wp\/v2\/media?parent=739539"}],"wp:term":[{"taxonomy":"product_brand","embeddable":true,"href":"https:\/\/stoic-curie.212-227-153-4.plesk.page\/hr\/wp-json\/wp\/v2\/product_brand?post=739539"},{"taxonomy":"product_cat","embeddable":true,"href":"https:\/\/stoic-curie.212-227-153-4.plesk.page\/hr\/wp-json\/wp\/v2\/product_cat?post=739539"},{"taxonomy":"product_tag","embeddable":true,"href":"https:\/\/stoic-curie.212-227-153-4.plesk.page\/hr\/wp-json\/wp\/v2\/product_tag?post=739539"}],"curies":[{"name":"wp","href":"https:\/\/api.w.org\/{rel}","templated":true}]}}