{"id":739542,"date":"2025-03-03T18:04:17","date_gmt":"2025-03-03T17:04:17","guid":{"rendered":"https:\/\/stoic-curie.212-227-153-4.plesk.page\/producto\/hladnjak-vitrifrigo-c39i-39lt-12-24v\/"},"modified":"2026-02-25T00:00:34","modified_gmt":"2026-02-25T00:00:34","slug":"hladnjak-vitrifrigo-c39i-39lt-12-24v","status":"publish","type":"product","link":"https:\/\/stoic-curie.212-227-153-4.plesk.page\/hr\/product\/hladnjak-vitrifrigo-c39i-39lt-12-24v\/","title":{"rendered":"Hladnjak Vitrifrigo C39i"},"content":{"rendered":"<p>Hladnjak Vitrifrigo C39i &#8211; <\/p>\n<p style=\"color: rgb(34, 34, 34); font-family: Arial, Helvetica, sans-serif; font-size: small;\"><strong>Hladnjak-Zamrziva\u010d, C39i Airlock, Siva, Vitrifrigo<\/strong><\/p>\n<p style=\"color: rgb(34, 34, 34); font-family: Arial, Helvetica, sans-serif; font-size: small;\">C39i CHR je hladnjak-zamrziva\u010d iz serije Airlock, koji nudi izvrsno rje\u0161enje za va\u0161e potrebe hla\u0111enja. Ima ukupni kapacitet od 39 litara, s dodatnim odjeljkom za zamrzavanje koji dr\u017ei 3.6 litara. Hladionica je dizajnirana da odgovara kompaktnoj veli\u010dini ure\u0111aja. Ovaj Vitrifrigo hladnjak radi na internoj Danfoss hladionici od 12\/24V i ima reverzibilna vrata koja se mogu prilagoditi za ventilaciju tijekom neupotrebe. Tako\u0111er uklju\u010duje LED svjetlo i mehani\u010dki termostat za jednostavno upravljanje temperaturom.<\/p>\n<p style=\"color: rgb(34, 34, 34); font-family: Arial, Helvetica, sans-serif; font-size: small;\">Jedna od istaknutih karakteristika ovog ure\u0111aja je siva panelna vrata, koja imaju mehanizam za zaklju\u010davanje kako bi se sprije\u010dilo slu\u010dajno otvaranje.<\/p>\n<p style=\"color: rgb(34, 34, 34); font-family: Arial, Helvetica, sans-serif; font-size: small;\">Dr\u0161ka vrata uklju\u010duje jedinstveni sustav &#8220;vent pozicija&#8221;, koji omogu\u0107uje parcijalno otvaranje kada hladnjak nije u uporabi. Ova zna\u010dajka poma\u017ee u sprje\u010davanju plijesni i neugodnih mirisa, dok odr\u017eava va\u0161u hranu svje\u017eom.<\/p>\n<p style=\"color: rgb(34, 34, 34); font-family: Arial, Helvetica, sans-serif; font-size: small;\"><strong>Tehni\u010dke specifikacije:<\/strong><\/p>\n<ul style=\"color: rgb(34, 34, 34); font-family: Arial, Helvetica, sans-serif; font-size: small;\">\n<li><strong>Zavr\u0161na obrada vrata:<\/strong>&nbsp;Laminat<\/li>\n<li><strong>Kapacitet:<\/strong>&nbsp;39,00 litara<\/li>\n<li><strong>Visina:<\/strong>&nbsp;547,00 mm<\/li>\n<li><strong>Du\u017eina:<\/strong>&nbsp;390,00 mm<\/li>\n<li><strong>Dubina:<\/strong>&nbsp;415,00 mm<\/li>\n<li><strong>Te\u017eina:<\/strong>&nbsp;17,00 kg<\/li>\n<li><strong>Serija:<\/strong>&nbsp;AIRLOCK<\/li>\n<li><strong>Reverzibilna vrata:<\/strong>&nbsp;Da<\/li>\n<li><strong>Termostat:<\/strong>&nbsp;Mehani\u010dki<\/li>\n<li><strong>Tehnologija hla\u0111enja:<\/strong>&nbsp;Kompresor<\/li>\n<li><strong>Hladionica:<\/strong>&nbsp;Interna<\/li>\n<li><strong>Otvaranje vrata:<\/strong>&nbsp;Jedna prednja vrata<\/li>\n<li><strong>Napon:<\/strong>&nbsp;12\/24 VDC<\/li>\n<\/ul>\n","protected":false},"excerpt":{"rendered":"<p>Hladnjak Vitrifrigo C39i &#8211; Hladnjak-Zamrziva\u010d, C39i Airlock, Siva, Vitrifrigo C39i CHR je hladnjak-zamrziva\u010d iz serije Airlock, koji nudi izvrsno rje\u0161enje<\/p>\n","protected":false},"featured_media":5936640,"comment_status":"open","ping_status":"closed","template":"","meta":[],"product_brand":[3526],"product_cat":[1751],"product_tag":[],"class_list":{"0":"post-739542","1":"product","2":"type-product","3":"status-publish","4":"has-post-thumbnail","6":"product_brand-vitrifrigo-hr","7":"product_cat-hladnjaci-i-zamrzivaci","9":"first","10":"instock","11":"shipping-taxable","12":"purchasable","13":"product-type-simple"},"_links":{"self":[{"href":"https:\/\/stoic-curie.212-227-153-4.plesk.page\/hr\/wp-json\/wp\/v2\/product\/739542","targetHints":{"allow":["GET"]}}],"collection":[{"href":"https:\/\/stoic-curie.212-227-153-4.plesk.page\/hr\/wp-json\/wp\/v2\/product"}],"about":[{"href":"https:\/\/stoic-curie.212-227-153-4.plesk.page\/hr\/wp-json\/wp\/v2\/types\/product"}],"replies":[{"embeddable":true,"href":"https:\/\/stoic-curie.212-227-153-4.plesk.page\/hr\/wp-json\/wp\/v2\/comments?post=739542"}],"version-history":[{"count":0,"href":"https:\/\/stoic-curie.212-227-153-4.plesk.page\/hr\/wp-json\/wp\/v2\/product\/739542\/revisions"}],"wp:featuredmedia":[{"embeddable":true,"href":"https:\/\/stoic-curie.212-227-153-4.plesk.page\/hr\/wp-json\/wp\/v2\/media\/5936640"}],"wp:attachment":[{"href":"https:\/\/stoic-curie.212-227-153-4.plesk.page\/hr\/wp-json\/wp\/v2\/media?parent=739542"}],"wp:term":[{"taxonomy":"product_brand","embeddable":true,"href":"https:\/\/stoic-curie.212-227-153-4.plesk.page\/hr\/wp-json\/wp\/v2\/product_brand?post=739542"},{"taxonomy":"product_cat","embeddable":true,"href":"https:\/\/stoic-curie.212-227-153-4.plesk.page\/hr\/wp-json\/wp\/v2\/product_cat?post=739542"},{"taxonomy":"product_tag","embeddable":true,"href":"https:\/\/stoic-curie.212-227-153-4.plesk.page\/hr\/wp-json\/wp\/v2\/product_tag?post=739542"}],"curies":[{"name":"wp","href":"https:\/\/api.w.org\/{rel}","templated":true}]}}