{"id":739543,"date":"2025-03-03T18:04:18","date_gmt":"2025-03-03T17:04:18","guid":{"rendered":"https:\/\/stoic-curie.212-227-153-4.plesk.page\/producto\/hladnjak-vitrifrigo-c50i-50lt-12-24v\/"},"modified":"2026-02-25T00:00:34","modified_gmt":"2026-02-25T00:00:34","slug":"hladnjak-vitrifrigo-c50i-50lt-12-24v","status":"publish","type":"product","link":"https:\/\/stoic-curie.212-227-153-4.plesk.page\/hr\/product\/hladnjak-vitrifrigo-c50i-50lt-12-24v\/","title":{"rendered":"Hladnjak Vitrifrigo C50i"},"content":{"rendered":"<p>Hladnjak Vitrifrigo C50i &#8211; <\/p>\n<p style=\"color: rgb(34, 34, 34); font-family: Arial, Helvetica, sans-serif; font-size: small;\">Predstavljamo C50i Airlock hladnjak-zamrziva\u010d u sivoj boji od Vitrifriga. Ovaj hladnjak radi na unutarnjoj Danfoss rashladnoj jedinici koja podr\u017eava 12\/24V, a ima i zamjenjiva vrata koja se mogu postaviti u ventilacijski polo\u017eaj kada se ne koristi. Opremljen je LED svjetlom i mehani\u010dkim termostatom za jednostavno pode\u0161avanje temperature.<\/p>\n<p style=\"color: rgb(34, 34, 34); font-family: Arial, Helvetica, sans-serif; font-size: small;\">Kao dio serije Airlock, C50i hladnjak-zamrziva\u010d ima ukupni kapacitet od 51 litra, s opcionalnim odjeljkom za zamrzavanje kapaciteta 3.6 litara. Ovaj proizvod dizajniran je s unutarnjom rashladnom jedinicom i sadr\u017ei nekoliko va\u017enih zna\u010dajki na vratima.<\/p>\n<p style=\"color: rgb(34, 34, 34); font-family: Arial, Helvetica, sans-serif; font-size: small;\">Hladnjak-zamrziva\u010d mo\u017ee se oblo\u017eiti sivom bojom i uklju\u010duje mehanizam za brzo zaklju\u010davanje koji sprje\u010dava slu\u010dajno otvaranje. Osim toga, ima jedinstveni &#8220;vent poziciju&#8221; koja omogu\u0107uje malo otvaranje tijekom razdoblja nekori\u0161tenja, poma\u017eu\u0107i u sprje\u010davanju neugodnih mirisa i plijesni.<\/p>\n<p style=\"color: rgb(34, 34, 34); font-family: Arial, Helvetica, sans-serif; font-size: small;\"><strong>Tehni\u010dke specifikacije:<\/strong><\/p>\n<ul style=\"color: rgb(34, 34, 34); font-family: Arial, Helvetica, sans-serif; font-size: small;\">\n<li><strong>Zavr\u0161na obrada vrata:<\/strong>&nbsp;Laminat<\/li>\n<li><strong>Kapacitet:<\/strong>&nbsp;50.00 litara<\/li>\n<li><strong>Visina:<\/strong>&nbsp;636 mm<\/li>\n<li><strong>Duljina:<\/strong>&nbsp;396 mm<\/li>\n<li><strong>Dubina:<\/strong>&nbsp;415 mm<\/li>\n<li><strong>Serija:<\/strong>&nbsp;AIRLOCK<\/li>\n<li><strong>Zamjenjiva vrata:<\/strong>&nbsp;Da<\/li>\n<li><strong>Termostat:<\/strong>&nbsp;Mehani\u010dki<\/li>\n<li><strong>Rashladna tehnologija:<\/strong>&nbsp;Kompresor<\/li>\n<li><strong>Rashladna jedinica:<\/strong>&nbsp;Unutarnja<\/li>\n<li><strong>Otvaranje vrata:<\/strong>&nbsp;Pojedina\u010dna prednja vrata<\/li>\n<li><strong>Napon:<\/strong>&nbsp;12\/24 VDC<\/li>\n<\/ul>\n<p style=\"color: rgb(34, 34, 34); font-family: Arial, Helvetica, sans-serif; font-size: small;\">Ovaj hladnjak-zamrziva\u010d odli\u010dan je izbor za ljubitelje plovidbe koji tra\u017ee pouzdana i u\u010dinkovita rje\u0161enja za hla\u0111enje.<\/p>\n","protected":false},"excerpt":{"rendered":"<p>Hladnjak Vitrifrigo C50i &#8211; Predstavljamo C50i Airlock hladnjak-zamrziva\u010d u sivoj boji od Vitrifriga. Ovaj hladnjak radi na unutarnjoj Danfoss rashladnoj<\/p>\n","protected":false},"featured_media":5936641,"comment_status":"open","ping_status":"closed","template":"","meta":[],"product_brand":[3526],"product_cat":[1751],"product_tag":[],"class_list":{"0":"post-739543","1":"product","2":"type-product","3":"status-publish","4":"has-post-thumbnail","6":"product_brand-vitrifrigo-hr","7":"product_cat-hladnjaci-i-zamrzivaci","9":"first","10":"instock","11":"shipping-taxable","12":"purchasable","13":"product-type-simple"},"_links":{"self":[{"href":"https:\/\/stoic-curie.212-227-153-4.plesk.page\/hr\/wp-json\/wp\/v2\/product\/739543","targetHints":{"allow":["GET"]}}],"collection":[{"href":"https:\/\/stoic-curie.212-227-153-4.plesk.page\/hr\/wp-json\/wp\/v2\/product"}],"about":[{"href":"https:\/\/stoic-curie.212-227-153-4.plesk.page\/hr\/wp-json\/wp\/v2\/types\/product"}],"replies":[{"embeddable":true,"href":"https:\/\/stoic-curie.212-227-153-4.plesk.page\/hr\/wp-json\/wp\/v2\/comments?post=739543"}],"version-history":[{"count":0,"href":"https:\/\/stoic-curie.212-227-153-4.plesk.page\/hr\/wp-json\/wp\/v2\/product\/739543\/revisions"}],"wp:featuredmedia":[{"embeddable":true,"href":"https:\/\/stoic-curie.212-227-153-4.plesk.page\/hr\/wp-json\/wp\/v2\/media\/5936641"}],"wp:attachment":[{"href":"https:\/\/stoic-curie.212-227-153-4.plesk.page\/hr\/wp-json\/wp\/v2\/media?parent=739543"}],"wp:term":[{"taxonomy":"product_brand","embeddable":true,"href":"https:\/\/stoic-curie.212-227-153-4.plesk.page\/hr\/wp-json\/wp\/v2\/product_brand?post=739543"},{"taxonomy":"product_cat","embeddable":true,"href":"https:\/\/stoic-curie.212-227-153-4.plesk.page\/hr\/wp-json\/wp\/v2\/product_cat?post=739543"},{"taxonomy":"product_tag","embeddable":true,"href":"https:\/\/stoic-curie.212-227-153-4.plesk.page\/hr\/wp-json\/wp\/v2\/product_tag?post=739543"}],"curies":[{"name":"wp","href":"https:\/\/api.w.org\/{rel}","templated":true}]}}