{"id":739544,"date":"2025-03-03T18:04:18","date_gmt":"2025-03-03T17:04:18","guid":{"rendered":"https:\/\/stoic-curie.212-227-153-4.plesk.page\/producto\/bijeli-morski-bimini-f3-aluminij-3-luka-185-cm-sirina-x-180-cm-duzina-x-110-cm-visina\/"},"modified":"2026-02-25T00:00:34","modified_gmt":"2026-02-25T00:00:34","slug":"bijeli-morski-bimini-f3-aluminij-3-luka-185-cm-sirina-x-180-cm-duzina-x-110-cm-visina","status":"publish","type":"product","link":"https:\/\/stoic-curie.212-227-153-4.plesk.page\/hr\/product\/bijeli-morski-bimini-f3-aluminij-3-luka-185-cm-sirina-x-180-cm-duzina-x-110-cm-visina\/","title":{"rendered":"Bijeli morski Bimini F3 Aluminij 3 luka, 185 cm \u0161irina x 180 cm du\u017eina x 110 cm visina"},"content":{"rendered":"<p>Bijeli morski Bimini F3 Aluminij 3 luka, 185 cm \u0161irina x 180 cm du\u017eina x 110 cm visina &#8211; <\/p>\n<p>Bimini krov s 3 luka. Anodizirani aluminijski okvir, 100 % poliester s PVC premazom. Cijevi promjera 20 mm.<\/p>\n","protected":false},"excerpt":{"rendered":"<p>Bijeli morski Bimini F3 Aluminij 3 luka, 185 cm \u0161irina x 180 cm du\u017eina x 110 cm visina &#8211; Bimini<\/p>\n","protected":false},"featured_media":5936244,"comment_status":"open","ping_status":"closed","template":"","meta":[],"product_brand":[3186],"product_cat":[1689],"product_tag":[],"class_list":{"0":"post-739544","1":"product","2":"type-product","3":"status-publish","4":"has-post-thumbnail","6":"product_brand-nettuno-hr","7":"product_cat-bimini-tende","9":"first","10":"instock","11":"shipping-taxable","12":"purchasable","13":"product-type-simple"},"_links":{"self":[{"href":"https:\/\/stoic-curie.212-227-153-4.plesk.page\/hr\/wp-json\/wp\/v2\/product\/739544","targetHints":{"allow":["GET"]}}],"collection":[{"href":"https:\/\/stoic-curie.212-227-153-4.plesk.page\/hr\/wp-json\/wp\/v2\/product"}],"about":[{"href":"https:\/\/stoic-curie.212-227-153-4.plesk.page\/hr\/wp-json\/wp\/v2\/types\/product"}],"replies":[{"embeddable":true,"href":"https:\/\/stoic-curie.212-227-153-4.plesk.page\/hr\/wp-json\/wp\/v2\/comments?post=739544"}],"version-history":[{"count":0,"href":"https:\/\/stoic-curie.212-227-153-4.plesk.page\/hr\/wp-json\/wp\/v2\/product\/739544\/revisions"}],"wp:featuredmedia":[{"embeddable":true,"href":"https:\/\/stoic-curie.212-227-153-4.plesk.page\/hr\/wp-json\/wp\/v2\/media\/5936244"}],"wp:attachment":[{"href":"https:\/\/stoic-curie.212-227-153-4.plesk.page\/hr\/wp-json\/wp\/v2\/media?parent=739544"}],"wp:term":[{"taxonomy":"product_brand","embeddable":true,"href":"https:\/\/stoic-curie.212-227-153-4.plesk.page\/hr\/wp-json\/wp\/v2\/product_brand?post=739544"},{"taxonomy":"product_cat","embeddable":true,"href":"https:\/\/stoic-curie.212-227-153-4.plesk.page\/hr\/wp-json\/wp\/v2\/product_cat?post=739544"},{"taxonomy":"product_tag","embeddable":true,"href":"https:\/\/stoic-curie.212-227-153-4.plesk.page\/hr\/wp-json\/wp\/v2\/product_tag?post=739544"}],"curies":[{"name":"wp","href":"https:\/\/api.w.org\/{rel}","templated":true}]}}